{"id":2294,"date":"2024-06-01T13:12:24","date_gmt":"2024-06-01T11:12:24","guid":{"rendered":"https:\/\/dalbo-sk.com\/?post_type=product&#038;p=2294"},"modified":"2024-06-01T13:14:25","modified_gmt":"2024-06-01T11:14:25","slug":"sejacka-medziplodin-krycich-plodin-rady-wir","status":"publish","type":"product","link":"https:\/\/dalbo-sk.com\/index.php\/produkt\/sejacka-medziplodin-krycich-plodin-rady-wir\/","title":{"rendered":"Seja\u010dka Medziplod\u00edn \u2013 Kryc\u00edch Plod\u00edn Rady WIR"},"content":{"rendered":"<h3 style=\"text-align: center;\">Seja\u010dky Kryc\u00edch Plod\u00edn \u2013 Medziplod\u00edn<\/h3>\n<h3 style=\"text-align: center;\">Rady \u2013 WIR<\/h3>\n<p><a href=\"https:\/\/www.interagro.sk\/wp-content\/uploads\/2024\/04\/wir-50-250-270-400-sejacka-medziplodin-krycich-plodin-set-interagro.png\" data-slb-active=\"1\" data-slb-asset=\"1236606081\" data-slb-internal=\"0\" data-slb-group=\"24053\"><img fetchpriority=\"high\" decoding=\"async\" class=\"aligncenter wp-image-24059\" src=\"https:\/\/www.interagro.sk\/wp-content\/uploads\/2024\/04\/wir-50-250-270-400-sejacka-medziplodin-krycich-plodin-set-interagro.png\" sizes=\"(max-width: 630px) 100vw, 630px\" srcset=\"https:\/\/www.interagro.sk\/wp-content\/uploads\/2024\/04\/wir-50-250-270-400-sejacka-medziplodin-krycich-plodin-set-interagro.png 1000w, https:\/\/www.interagro.sk\/wp-content\/uploads\/2024\/04\/wir-50-250-270-400-sejacka-medziplodin-krycich-plodin-set-interagro-300x274.png 300w, https:\/\/www.interagro.sk\/wp-content\/uploads\/2024\/04\/wir-50-250-270-400-sejacka-medziplodin-krycich-plodin-set-interagro-768x700.png 768w, https:\/\/www.interagro.sk\/wp-content\/uploads\/2024\/04\/wir-50-250-270-400-sejacka-medziplodin-krycich-plodin-set-interagro-370x337.png 370w, https:\/\/www.interagro.sk\/wp-content\/uploads\/2024\/04\/wir-50-250-270-400-sejacka-medziplodin-krycich-plodin-set-interagro-150x137.png 150w\" alt=\"\" width=\"630\" height=\"575\" \/><\/a><\/p>\n<p><a href=\"https:\/\/www.interagro.sk\/wp-content\/uploads\/2024\/04\/wir-200-sejacka-medziplodin-krycich-plodin-letak-interagro.jpg\" data-slb-active=\"1\" data-slb-asset=\"1858559365\" data-slb-internal=\"0\" data-slb-group=\"24053\"><img decoding=\"async\" class=\"aligncenter wp-image-24084 size-large\" src=\"https:\/\/www.interagro.sk\/wp-content\/uploads\/2024\/04\/wir-200-sejacka-medziplodin-krycich-plodin-letak-interagro-728x1024.jpg\" sizes=\"(max-width: 728px) 100vw, 728px\" srcset=\"https:\/\/www.interagro.sk\/wp-content\/uploads\/2024\/04\/wir-200-sejacka-medziplodin-krycich-plodin-letak-interagro-728x1024.jpg 728w, https:\/\/www.interagro.sk\/wp-content\/uploads\/2024\/04\/wir-200-sejacka-medziplodin-krycich-plodin-letak-interagro-213x300.jpg 213w, https:\/\/www.interagro.sk\/wp-content\/uploads\/2024\/04\/wir-200-sejacka-medziplodin-krycich-plodin-letak-interagro-768x1081.jpg 768w, https:\/\/www.interagro.sk\/wp-content\/uploads\/2024\/04\/wir-200-sejacka-medziplodin-krycich-plodin-letak-interagro-370x521.jpg 370w, https:\/\/www.interagro.sk\/wp-content\/uploads\/2024\/04\/wir-200-sejacka-medziplodin-krycich-plodin-letak-interagro-150x211.jpg 150w, https:\/\/www.interagro.sk\/wp-content\/uploads\/2024\/04\/wir-200-sejacka-medziplodin-krycich-plodin-letak-interagro.jpg 1000w\" alt=\"\" width=\"728\" height=\"1024\" \/><\/a><\/p>\n<p>D\u00e1 sa s istotou poveda\u0165, \u017ee v\u010faka rast\u00facemu povedomiu farm\u00e1rov, ako aj nariadeniam E\u00da oh\u013eadom EKO \u200b\u200bsch\u00e9m, <b>sa seja\u010dky medziplod\u00edn v s\u00fa\u010dasnosti te\u0161ia ve\u013ek\u00e9mu z\u00e1ujmu trhu.<\/b> Pre\u010do sa oplat\u00ed bli\u017e\u0161ie pozrie\u0165 na stroj pre v\u00fdsev kryc\u00edch plod\u00edn?<\/p>\n<p><b>Novo navrhnut\u00fd pneumatick\u00fd sejac\u00ed stroj na krycie plodiny rady WIR.<\/b><\/p>\n<p>Mohlo by sa zda\u0165, \u017ee pneumatick\u00e9 seja\u010dky kryc\u00edch plod\u00edn (medziplod\u00edn) s\u00fa tak\u00e9 jednoduch\u00e9 zariadenia, \u017ee u\u017e je o nich vymyslen\u00e9 prakticky v\u0161etko. Ako sa v\u0161ak ukazuje, ni\u010d nem\u00f4\u017ee by\u0165 \u010falej od pravdy. <b>\u010co teda odli\u0161uje produkt rady WIR od konkurencie?<\/b><\/p>\n<p>\u2013 V prvom rade <b>m\u00e1me ovl\u00e1dac\u00ed panel, ktor\u00fd dok\u00e1\u017ee pracova\u0165 v troch re\u017eimoch<\/b>, pri\u010dom prisp\u00f4sobuje v\u00fdsevn\u00e9 mno\u017estvo pod\u013ea aktu\u00e1lnej r\u00fdchlosti traktora. T\u00e1to r\u00fdchlos\u0165 sa d\u00e1 na\u010d\u00edtava\u0165 z GPS navig\u00e1cie alebo cez ISOBUS traktora.<\/p>\n<p>\u2013 Ak pneumatick\u00fa seja\u010dku<span class=\"Apple-converted-space\">\u00a0 <\/span>medziplod\u00edn poh\u00e1\u0148a elektromotor a stroje<a href=\"https:\/\/www.interagro.sk\/wp-content\/uploads\/2024\/04\/wir-sejacka-medziplodin-krycich-plodin-chlaednie-elektromotora-interagro.png\" data-slb-active=\"1\" data-slb-asset=\"1868277500\" data-slb-internal=\"0\" data-slb-group=\"24053\"><img decoding=\"async\" class=\"alignright wp-image-24144 size-medium\" src=\"https:\/\/www.interagro.sk\/wp-content\/uploads\/2024\/04\/wir-sejacka-medziplodin-krycich-plodin-chlaednie-elektromotora-interagro-300x262.png\" sizes=\"(max-width: 300px) 100vw, 300px\" srcset=\"https:\/\/www.interagro.sk\/wp-content\/uploads\/2024\/04\/wir-sejacka-medziplodin-krycich-plodin-chlaednie-elektromotora-interagro-300x262.png 300w, https:\/\/www.interagro.sk\/wp-content\/uploads\/2024\/04\/wir-sejacka-medziplodin-krycich-plodin-chlaednie-elektromotora-interagro-768x671.png 768w, https:\/\/www.interagro.sk\/wp-content\/uploads\/2024\/04\/wir-sejacka-medziplodin-krycich-plodin-chlaednie-elektromotora-interagro-370x323.png 370w, https:\/\/www.interagro.sk\/wp-content\/uploads\/2024\/04\/wir-sejacka-medziplodin-krycich-plodin-chlaednie-elektromotora-interagro-150x131.png 150w, https:\/\/www.interagro.sk\/wp-content\/uploads\/2024\/04\/wir-sejacka-medziplodin-krycich-plodin-chlaednie-elektromotora-interagro.png 1000w\" alt=\"\" width=\"300\" height=\"262\" \/><\/a> tohto typu pracuj\u00fa najm\u00e4 <b>v lete, pri vy\u0161\u0161\u00edch teplot\u00e1ch, \u010dasto sa vyskytoval probl\u00e9m s prehrievan\u00edm motora<\/b>, \u010do mohlo vies\u0165 a\u017e k jeho poruche. <b>Preto sme navrhli ventila\u010dn\u00fd syst\u00e9m chladenia motora<\/b> s pr\u00fadom vzduchu generovan\u00fdm ventil\u00e1torom zodpovedn\u00fdm za distrib\u00faciu osiva.<\/p>\n<p><b>Kon\u0161trukcia pneumatickej seja\u010dky <\/b>umo\u017e\u0148uje jednoduch\u00fd v\u00fdsev kryc\u00edch plod\u00edn pri pracovnej \u0161\u00edrke do 6 m, ak by sme v\u0161ak chceli pracova\u0165 na v\u00e4\u010d\u0161ej \u0161\u00edrke (hlavne pri sejbe ve\u013ek\u00e9ho zrna ako s\u00f3ja. hrach a pod.), potom by sme mali pou\u017ei\u0165 hydraulick\u00e9 d\u00fachadlo \u2013 vetil\u00e1tor alebo dvojit\u00e9 elektrick\u00e9 d\u00fachadlo, ktor\u00e9 n\u00e1m umo\u017e\u0148uje generova\u0165 o 1\/3 viac vzduchu ako pri \u0161tandardnom d\u00fachadle.<\/p>\n<p><b>Za pr\u00edplatok v pr\u00edpade ak chcete rozmet\u00e1va\u0165 koroz\u00edvne materi\u00e1ly<\/b> ako hnojiv\u00e1 alebo mikrogranule, nezabudnite pri objedn\u00e1vke pneumatickaj seja\u010dky vybavi\u0165 ju sadou pre hnojenie kedy sejacie zariadenie v tomto preveden\u00ed je kompletne chr\u00e1nen\u00e9 proti kor\u00f3zii v\u00fdsevn\u00e9ho zariadenia.<\/p>\n<p>Elektrick\u00fd ventil\u00e1tor je vhodn\u00fd na sejbu mal\u00fdch semien do z\u00e1beru maxim\u00e1lne 6 m a 8 v\u00fdvodov.<\/p>\n<p>Elektrick\u00fd dvojity ventil\u00e1tor je vhodn\u00fd na sejbu mal\u00fdch semien do z\u00e1beru 12 m a 8 v\u00fdvodov. Je nap\u00e1jan\u00fd priamo z bat\u00e9rie traktora.<\/p>\n<p>Hydraulick\u00fd ventil\u00e1tor je vo\u013ebou pre ve\u013ek\u00e9 z\u00e1bery z\u00e1vesn\u00e9ho n\u00e1radia a pri variante so 16 v\u00fdvodmi. Potrebn\u00e9 rozde\u013eova\u010de pre z\u00edskanie 8\u00d72 \u2013 16 v\u00fdvodov<\/p>\n","protected":false},"excerpt":{"rendered":"<h3>Seja\u010dky Kryc\u00edch Plod\u00edn \u2013 Medziplod\u00edn<\/h3>\n<h3>Rady \u2013 WIR<\/h3>\n","protected":false},"featured_media":2280,"template":"","meta":{"om_disable_all_campaigns":false,"_monsterinsights_skip_tracking":false,"_monsterinsights_sitenote_active":false,"_monsterinsights_sitenote_note":"","_monsterinsights_sitenote_category":0,"_kad_post_transparent":"default","_kad_post_title":"","_kad_post_layout":"default","_kad_post_sidebar_id":"","_kad_post_content_style":"default","_kad_post_vertical_padding":"default","_kad_post_feature":"","_kad_post_feature_position":"","_kad_post_header":false,"_kad_post_footer":false},"product_brand":[],"product_cat":[76],"product_tag":[],"class_list":{"0":"post-2294","1":"product","2":"type-product","3":"status-publish","4":"has-post-thumbnail","6":"product_cat-sejacka-medziplodin","8":"first","9":"instock","10":"shipping-taxable","11":"product-type-simple","12":"entry","13":"content-bg","14":"loop-entry"},"aioseo_notices":[],"_links":{"self":[{"href":"https:\/\/dalbo-sk.com\/index.php\/wp-json\/wp\/v2\/product\/2294"}],"collection":[{"href":"https:\/\/dalbo-sk.com\/index.php\/wp-json\/wp\/v2\/product"}],"about":[{"href":"https:\/\/dalbo-sk.com\/index.php\/wp-json\/wp\/v2\/types\/product"}],"wp:featuredmedia":[{"embeddable":true,"href":"https:\/\/dalbo-sk.com\/index.php\/wp-json\/wp\/v2\/media\/2280"}],"wp:attachment":[{"href":"https:\/\/dalbo-sk.com\/index.php\/wp-json\/wp\/v2\/media?parent=2294"}],"wp:term":[{"taxonomy":"product_brand","embeddable":true,"href":"https:\/\/dalbo-sk.com\/index.php\/wp-json\/wp\/v2\/product_brand?post=2294"},{"taxonomy":"product_cat","embeddable":true,"href":"https:\/\/dalbo-sk.com\/index.php\/wp-json\/wp\/v2\/product_cat?post=2294"},{"taxonomy":"product_tag","embeddable":true,"href":"https:\/\/dalbo-sk.com\/index.php\/wp-json\/wp\/v2\/product_tag?post=2294"}],"curies":[{"name":"wp","href":"https:\/\/api.w.org\/{rel}","templated":true}]}}