{"id":1205,"date":"2024-05-05T19:44:20","date_gmt":"2024-05-05T17:44:20","guid":{"rendered":"https:\/\/dalbo-sk.com\/?post_type=product&#038;p=1205"},"modified":"2024-05-30T15:43:54","modified_gmt":"2024-05-30T13:43:54","slug":"dalbo-minimax-maxiroll-greenline-630-830-hladke-valce","status":"publish","type":"product","link":"https:\/\/dalbo-sk.com\/index.php\/produkt\/dalbo-minimax-maxiroll-greenline-630-830-hladke-valce\/","title":{"rendered":"DALBO MINIMAX \u2013 MAXIROLL GREENLINE 630-830 Hladk\u00e9 Valce"},"content":{"rendered":"","protected":false},"excerpt":{"rendered":"<p><b>DALBO MINIMAX MAXIROLL GREENLINE 630-830 Hladk\u00e9 Valce<\/b>Na\u0161e MAXIROLL GREENLINE rada valcov je \u0161peci\u00e1lne navrhnut\u00e1 tak, aby vykon\u00e1vala t\u00fa najlep\u0161iu mo\u017en\u00fa starostlivos\u0165 a \u00fadr\u017ebu tr\u00e1vnych porastov, od efekt\u00edvneho valcovania a siatia v jednom prejazde k optim\u00e1lnej \u00fadr\u017ebe existuj\u00facich tr\u00e1vnych porastov.<\/p>\n","protected":false},"featured_media":1206,"template":"","meta":{"om_disable_all_campaigns":false,"_monsterinsights_skip_tracking":false,"_monsterinsights_sitenote_active":false,"_monsterinsights_sitenote_note":"","_monsterinsights_sitenote_category":0,"_kad_post_transparent":"default","_kad_post_title":"","_kad_post_layout":"default","_kad_post_sidebar_id":"","_kad_post_content_style":"default","_kad_post_vertical_padding":"default","_kad_post_feature":"","_kad_post_feature_position":"","_kad_post_header":false,"_kad_post_footer":false},"product_brand":[],"product_cat":[36,53,27],"product_tag":[],"class_list":{"0":"post-1205","1":"product","2":"type-product","3":"status-publish","4":"has-post-thumbnail","6":"product_cat-konvecne-valce","7":"product_cat-minimax","8":"product_cat-valce","10":"first","11":"instock","12":"shipping-taxable","13":"product-type-simple","14":"entry","15":"content-bg","16":"loop-entry"},"aioseo_notices":[],"_links":{"self":[{"href":"https:\/\/dalbo-sk.com\/index.php\/wp-json\/wp\/v2\/product\/1205"}],"collection":[{"href":"https:\/\/dalbo-sk.com\/index.php\/wp-json\/wp\/v2\/product"}],"about":[{"href":"https:\/\/dalbo-sk.com\/index.php\/wp-json\/wp\/v2\/types\/product"}],"wp:featuredmedia":[{"embeddable":true,"href":"https:\/\/dalbo-sk.com\/index.php\/wp-json\/wp\/v2\/media\/1206"}],"wp:attachment":[{"href":"https:\/\/dalbo-sk.com\/index.php\/wp-json\/wp\/v2\/media?parent=1205"}],"wp:term":[{"taxonomy":"product_brand","embeddable":true,"href":"https:\/\/dalbo-sk.com\/index.php\/wp-json\/wp\/v2\/product_brand?post=1205"},{"taxonomy":"product_cat","embeddable":true,"href":"https:\/\/dalbo-sk.com\/index.php\/wp-json\/wp\/v2\/product_cat?post=1205"},{"taxonomy":"product_tag","embeddable":true,"href":"https:\/\/dalbo-sk.com\/index.php\/wp-json\/wp\/v2\/product_tag?post=1205"}],"curies":[{"name":"wp","href":"https:\/\/api.w.org\/{rel}","templated":true}]}}