{"id":1194,"date":"2024-05-05T19:32:53","date_gmt":"2024-05-05T17:32:53","guid":{"rendered":"https:\/\/dalbo-sk.com\/?post_type=product&#038;p=1194"},"modified":"2024-06-01T16:09:53","modified_gmt":"2024-06-01T14:09:53","slug":"maxiroll-530-1030-systemove-valce","status":"publish","type":"product","link":"https:\/\/dalbo-sk.com\/index.php\/produkt\/maxiroll-530-1030-systemove-valce\/","title":{"rendered":"MAXIROLL 530 \u2013 1030 Syst\u00e9mov\u00e9 Valce"},"content":{"rendered":"<table border=\"1\">\n<tbody>\n<tr>\n<td colspan=\"2\">\n<h3><b>MAXIROLL 3-sekcie 530 \u2013 1030<\/b><\/h3>\n<\/td>\n<\/tr>\n<tr>\n<td>\n<h4><b>Koncepcia<\/b><\/h4>\n<p><strong>Jedine\u010dn\u00fd dizajn valcov\u00e9ho r\u00e1mu MAXIROLL a vysok\u00e1 svetl\u00e1 v\u00fd\u0161ka umo\u017e\u0148uj\u00fa in\u0161tal\u00e1ciu \u0161irokej \u0161k\u00e1ly efekt\u00edvnych predn\u00fdch n\u00e1strojov.<\/strong><\/p>\n<p><strong>MAXIROLL je valec<\/strong>, ktor\u00fd mo\u017eno pou\u017ei\u0165 na mnoho r\u00f4znych \u00fa\u010delov kombin\u00e1ciou r\u00f4znych predn\u00fdch n\u00e1strojov. S MAXIROLL m\u00f4\u017eete vykon\u00e1va\u0165 r\u00f4zne \u00falohy, od jednoduch\u00e9ho valcovania po sejbe, kultiv\u00e1cie strniska, starostlivosti o tr\u00e1vnat\u00e9 plochy a\u017e po pr\u00edpravu osivov\u00e9ho l\u00f4\u017eka.<\/p>\n<p><strong>V\u010faka tomu je MAXIROLL<\/strong> skuto\u010dne v\u0161estrann\u00fdm valcom v ter\u00e9ne a \u0161etr\u00ed drahocenn\u00fd \u010das a n\u00e1klady v porovnan\u00ed s v\u00e4\u010d\u0161inou ostatn\u00fdch konven\u010dn\u00fdch valcov a podobn\u00fdch n\u00e1strojov.<\/p>\n<p><strong>MAXIROLL je \u0161tandardne<\/strong> dod\u00e1van\u00fd s mnoh\u00fdmi na\u0161imi jedine\u010dn\u00fdmi funkciami, ako je hydraulick\u00e9 rozlo\u017eenie hmotnosti, DUOFLEX, kvalitn\u00e9 val\u010dekov\u00e9 kr\u00fa\u017eky so z\u00e1rukou 3-6 rokov, automatick\u00e1 bezpe\u010dnos\u0165 prepravy a mnoho \u010fal\u0161\u00edch.<\/p>\n<p>Stru\u010dne povedan\u00e9, MAXIROLL sp\u00e1ja kvalitu, produktivitu a v\u0161estrannos\u0165 v jedine\u010dnom produkte.<\/td>\n<td>\n<h4><b><a href=\"https:\/\/www.interagro.sk\/wp-content\/uploads\/2024\/03\/maxiroll-530-830-koncept-dalbo-interagro.jpg\" data-slb-active=\"1\" data-slb-asset=\"449742898\" data-slb-internal=\"0\" data-slb-group=\"23880\"><img fetchpriority=\"high\" decoding=\"async\" class=\"aligncenter wp-image-23901\" src=\"https:\/\/www.interagro.sk\/wp-content\/uploads\/2024\/03\/maxiroll-530-830-koncept-dalbo-interagro.jpg\" sizes=\"(max-width: 460px) 100vw, 460px\" srcset=\"https:\/\/www.interagro.sk\/wp-content\/uploads\/2024\/03\/maxiroll-530-830-koncept-dalbo-interagro.jpg 1000w, https:\/\/www.interagro.sk\/wp-content\/uploads\/2024\/03\/maxiroll-530-830-koncept-dalbo-interagro-300x107.jpg 300w, https:\/\/www.interagro.sk\/wp-content\/uploads\/2024\/03\/maxiroll-530-830-koncept-dalbo-interagro-768x274.jpg 768w, https:\/\/www.interagro.sk\/wp-content\/uploads\/2024\/03\/maxiroll-530-830-koncept-dalbo-interagro-370x132.jpg 370w, https:\/\/www.interagro.sk\/wp-content\/uploads\/2024\/03\/maxiroll-530-830-koncept-dalbo-interagro-150x54.jpg 150w\" alt=\"\" width=\"460\" height=\"164\" \/><\/a><\/b><\/h4>\n<\/td>\n<\/tr>\n<tr>\n<td><a href=\"https:\/\/www.interagro.sk\/wp-content\/uploads\/2024\/03\/maxiroll-530-830-prstence-valca-dalbo-interagro.jpg\" data-slb-active=\"1\" data-slb-asset=\"1442542169\" data-slb-internal=\"0\" data-slb-group=\"23880\"><img decoding=\"async\" class=\"aligncenter wp-image-23916\" src=\"https:\/\/www.interagro.sk\/wp-content\/uploads\/2024\/03\/maxiroll-530-830-prstence-valca-dalbo-interagro.jpg\" sizes=\"(max-width: 460px) 100vw, 460px\" srcset=\"https:\/\/www.interagro.sk\/wp-content\/uploads\/2024\/03\/maxiroll-530-830-prstence-valca-dalbo-interagro.jpg 1000w, https:\/\/www.interagro.sk\/wp-content\/uploads\/2024\/03\/maxiroll-530-830-prstence-valca-dalbo-interagro-300x144.jpg 300w, https:\/\/www.interagro.sk\/wp-content\/uploads\/2024\/03\/maxiroll-530-830-prstence-valca-dalbo-interagro-768x368.jpg 768w, https:\/\/www.interagro.sk\/wp-content\/uploads\/2024\/03\/maxiroll-530-830-prstence-valca-dalbo-interagro-370x177.jpg 370w, https:\/\/www.interagro.sk\/wp-content\/uploads\/2024\/03\/maxiroll-530-830-prstence-valca-dalbo-interagro-150x72.jpg 150w\" alt=\"\" width=\"460\" height=\"220\" \/><\/a><\/td>\n<td>\n<h4><b>Prstence Valca<\/b><\/h4>\n<p><b>SNOWFLAKE\u00ae \u2013 tento<\/b> <b>P<\/b><b>ATENTOVAN\u00dd<\/b> Cambridgeprstenec sa pou\u017e\u00edva v kombin\u00e1cii s vo\u013en\u00fdm prstencom a je vhodn\u00fd na v\u00e4\u010d\u0161inu \u00fa\u010delov, pred aj po sejbe.<\/p>\n<p><strong>Prstence Cross Combi<\/strong> (prizmatick\u00e9-hviezdicov\u00e9) s\u00fa ve\u013emi vhodn\u00e9 na pr\u00edpravu osivov\u00e9ho l\u00f4\u017eka, najm\u00e4 v kombin\u00e1cii s predn\u00fdm hydraulick\u00fdm lopatkov\u00fdm smykom.<\/p>\n<p>\u010eal\u0161ou vynikaj\u00facou kombin\u00e1ciou s\u00fa <strong>br\u00e1ny s dlh\u00fdmi prstami<\/strong>, ktor\u00e9 sl\u00fa\u017eia na efekt\u00edvne prevzdu\u0161\u0148ovanie a valcovanie tr\u00e1vnych porastov. Pre ve\u013emi \u0165a\u017ek\u00e9 typy p\u00f4d m\u00f4\u017eu by\u0165 <strong>MAXIROLL 630 a 830 HD<\/strong>vybaven\u00e9 podvozkov\u00fdmi Cross Combi prstencami, ktor\u00e9 svojou vy\u0161\u0161ou hmotnos\u0165ou efekt\u00edvne drvia tvrd\u00e9 hrudy.<\/p>\n<p><strong>Prstence Crosskill<\/strong> sa pou\u017e\u00edvaj\u00fa predov\u0161etk\u00fdm na pr\u00edpravu osivov\u00e9ho l\u00f4\u017eka a ponech\u00e1vaj\u00fa p\u00f4du navrchu kypr\u00fa a tesne pod povrchom pevnej\u0161iu, \u010do je optim\u00e1lne na siatie.<\/p>\n<p>Pre modely MAXIROLL 630 a 830 HD pon\u00fakame aj na\u0161e <strong>T-ring<\/strong><strong>valce<\/strong>. Tento typ prstenca je vhodn\u00fd najm\u00e4 na pou\u017eitie na \u013eahk\u00fdch a pieso\u010dnat\u00fdch p\u00f4dach.<\/td>\n<\/tr>\n<tr>\n<td>\n<h4><b>Cracker board \u2013 Hydraulick\u00fd lopatkov\u00fd pru\u017en\u00fd smyk<\/b><\/h4>\n<p>Hydraulicky ovl\u00e1dan\u00fd a nastavite\u013en\u00fd lopatkov\u00fd smyk, pozost\u00e1vaj\u00faci zo siln\u00fdch 80 mm pru\u017einov\u00fdch hrotov so 100 x 12 mm uhlov\u00fdmi hrotmi, v\u010faka \u010domu je ide\u00e1lny na drvenie hrud a vyrovn\u00e1vanie p\u00f4dy, \u010d\u00edm zanech\u00e1va p\u00f4du vo\u013en\u00fa, hladk\u00fa a v perfektnom stave pre sekciu valcov .<\/p>\n<p>Smyk je zavesen\u00fd v rovnobe\u017en\u00edku, v\u010faka \u010domu s\u00fa uhol a pracovn\u00e1 h\u013abka na sebe nez\u00e1visl\u00e9. Pri pou\u017eit\u00ed iba MAXIROLL na valcovanie je mo\u017en\u00e9 smyk zdvihn\u00fa\u0165 hydraulicky, \u010do poskytuje zv\u00fd\u0161en\u00fa vyu\u017eite\u013enos\u0165 a v\u0161estrannos\u0165.<\/p>\n<p>Hydraulick\u00fd lopatkov\u00fd smyk vy\u017eaduje dodato\u010dn\u00fa dvoj\u010dinn\u00fa hydraulick\u00fa slu\u017ebu na traktore. Pre dosiahnutie optim\u00e1lnych pracovn\u00fdch podmienok a t\u00fdm aj efektu crackerovej dosky odpor\u00fa\u010dame pracovn\u00fa r\u00fdchlos\u0165 8-10 km za hodinu.<\/td>\n<td><a href=\"https:\/\/www.interagro.sk\/wp-content\/uploads\/2024\/03\/maxiroll-530-830-hydraulicky-lopatkovy-smyk-dalbo-interagro.jpg\" data-slb-active=\"1\" data-slb-asset=\"1010992869\" data-slb-internal=\"0\" data-slb-group=\"23880\"><img decoding=\"async\" class=\"aligncenter wp-image-23896\" src=\"https:\/\/www.interagro.sk\/wp-content\/uploads\/2024\/03\/maxiroll-530-830-hydraulicky-lopatkovy-smyk-dalbo-interagro.jpg\" sizes=\"(max-width: 460px) 100vw, 460px\" srcset=\"https:\/\/www.interagro.sk\/wp-content\/uploads\/2024\/03\/maxiroll-530-830-hydraulicky-lopatkovy-smyk-dalbo-interagro.jpg 1000w, https:\/\/www.interagro.sk\/wp-content\/uploads\/2024\/03\/maxiroll-530-830-hydraulicky-lopatkovy-smyk-dalbo-interagro-300x153.jpg 300w, https:\/\/www.interagro.sk\/wp-content\/uploads\/2024\/03\/maxiroll-530-830-hydraulicky-lopatkovy-smyk-dalbo-interagro-768x391.jpg 768w, https:\/\/www.interagro.sk\/wp-content\/uploads\/2024\/03\/maxiroll-530-830-hydraulicky-lopatkovy-smyk-dalbo-interagro-370x188.jpg 370w, https:\/\/www.interagro.sk\/wp-content\/uploads\/2024\/03\/maxiroll-530-830-hydraulicky-lopatkovy-smyk-dalbo-interagro-150x76.jpg 150w\" alt=\"\" width=\"460\" height=\"234\" \/><\/a><\/td>\n<\/tr>\n<tr>\n<td>\n<h4><b><a href=\"https:\/\/www.interagro.sk\/wp-content\/uploads\/2024\/03\/maxiroll-530-830-prstove-brany-smykova-lista-dalbo-interagro.jpg\" data-slb-active=\"1\" data-slb-asset=\"2008929740\" data-slb-internal=\"0\" data-slb-group=\"23880\"><img loading=\"lazy\" decoding=\"async\" class=\"aligncenter wp-image-23921\" src=\"https:\/\/www.interagro.sk\/wp-content\/uploads\/2024\/03\/maxiroll-530-830-prstove-brany-smykova-lista-dalbo-interagro.jpg\" sizes=\"(max-width: 460px) 100vw, 460px\" srcset=\"https:\/\/www.interagro.sk\/wp-content\/uploads\/2024\/03\/maxiroll-530-830-prstove-brany-smykova-lista-dalbo-interagro.jpg 1000w, https:\/\/www.interagro.sk\/wp-content\/uploads\/2024\/03\/maxiroll-530-830-prstove-brany-smykova-lista-dalbo-interagro-300x144.jpg 300w, https:\/\/www.interagro.sk\/wp-content\/uploads\/2024\/03\/maxiroll-530-830-prstove-brany-smykova-lista-dalbo-interagro-768x369.jpg 768w, https:\/\/www.interagro.sk\/wp-content\/uploads\/2024\/03\/maxiroll-530-830-prstove-brany-smykova-lista-dalbo-interagro-370x178.jpg 370w, https:\/\/www.interagro.sk\/wp-content\/uploads\/2024\/03\/maxiroll-530-830-prstove-brany-smykova-lista-dalbo-interagro-150x72.jpg 150w\" alt=\"\" width=\"460\" height=\"221\" \/><\/a><\/b><\/h4>\n<\/td>\n<td>\n<h4><b>Smykov\u00e1 li\u0161ta na krtince \u2013 Mole hill board<\/b><\/h4>\n<p><strong>Nastavite\u013en\u00e1 smykov\u00e1 doska<\/strong> proti krtincom je prim\u00e1rne navrhnut\u00e1 na zv\u00fd\u0161enie v\u00fdkonu valcov pri \u010disten\u00ed, valcovan\u00ed a o\u0161etrovan\u00ed tr\u00e1vnych porastov spolu s 2-riadkovou sekciou br\u00e1ny.<\/p>\n<p><strong>Pru\u017einov\u00e9 Hroty br\u00e1ny<\/strong> je mo\u017en\u00e9 nastavi\u0165 tak, aby boli viac alebo menej agres\u00edvne, a smykov\u00fa dosku proti krtincom mo\u017eno vertik\u00e1lne zdv\u00edha\u0165 a sp\u00fa\u0161\u0165a\u0165. Ka\u017ed\u00e1 sekcia je vybaven\u00e1 podporn\u00fdm kolesom, ktor\u00e9 sa nastavuje manu\u00e1lne. To podporuje ka\u017ed\u00fa sekciu, aby sledovala obrysy zeme.<\/td>\n<\/tr>\n<tr>\n<td>\n<h4><b>No\u017eov\u00fd valec<\/b><\/h4>\n<p>Sekcia no\u017eov\u00e9ho valca v\u00e1m pom\u00e1ha reza\u0165 a drvi\u0165 hrub\u00e9 strnisko pre r\u00fdchlej\u0161\u00ed a lep\u0161\u00ed rozklad a dokonale sa hod\u00ed k agres\u00edvnemu prstencov\u00e9mu profilu prstencov <strong>Cross Combi<\/strong>.<\/p>\n<p>Agres\u00edvny profil prstencov v kombin\u00e1cii s no\u017eov\u00fdm valcom je vhodn\u00fd najm\u00e4 na rezanie a drvenie siln\u00e9ho strniska, napr\u00edklad kukurice, a je jedine\u010dn\u00fdm n\u00e1strojom na kontrolu vija\u010dky kukuri\u010dnej.<\/p>\n<h4><b>\u00a0<\/b><\/h4>\n<\/td>\n<td><a href=\"https:\/\/www.interagro.sk\/wp-content\/uploads\/2024\/03\/maxiroll-530-830-nozovy-valec-dalbo-interagro.jpg\" data-slb-active=\"1\" data-slb-asset=\"1071351934\" data-slb-internal=\"0\" data-slb-group=\"23880\"><img loading=\"lazy\" decoding=\"async\" class=\"aligncenter wp-image-23911\" src=\"https:\/\/www.interagro.sk\/wp-content\/uploads\/2024\/03\/maxiroll-530-830-nozovy-valec-dalbo-interagro.jpg\" sizes=\"(max-width: 460px) 100vw, 460px\" srcset=\"https:\/\/www.interagro.sk\/wp-content\/uploads\/2024\/03\/maxiroll-530-830-nozovy-valec-dalbo-interagro.jpg 1000w, https:\/\/www.interagro.sk\/wp-content\/uploads\/2024\/03\/maxiroll-530-830-nozovy-valec-dalbo-interagro-300x145.jpg 300w, https:\/\/www.interagro.sk\/wp-content\/uploads\/2024\/03\/maxiroll-530-830-nozovy-valec-dalbo-interagro-768x370.jpg 768w, https:\/\/www.interagro.sk\/wp-content\/uploads\/2024\/03\/maxiroll-530-830-nozovy-valec-dalbo-interagro-370x178.jpg 370w, https:\/\/www.interagro.sk\/wp-content\/uploads\/2024\/03\/maxiroll-530-830-nozovy-valec-dalbo-interagro-150x72.jpg 150w\" alt=\"\" width=\"460\" height=\"222\" \/><\/a><\/td>\n<\/tr>\n<tr>\n<td>\n<h4><b><a href=\"https:\/\/www.interagro.sk\/wp-content\/uploads\/2024\/03\/maxiroll-530-830-2-rady-prstov-smykova-lista-dalbo-interagro.jpg\" data-slb-active=\"1\" data-slb-asset=\"797799597\" data-slb-internal=\"0\" data-slb-group=\"23880\"><img loading=\"lazy\" decoding=\"async\" class=\"aligncenter wp-image-23886\" src=\"https:\/\/www.interagro.sk\/wp-content\/uploads\/2024\/03\/maxiroll-530-830-2-rady-prstov-smykova-lista-dalbo-interagro.jpg\" sizes=\"(max-width: 460px) 100vw, 460px\" srcset=\"https:\/\/www.interagro.sk\/wp-content\/uploads\/2024\/03\/maxiroll-530-830-2-rady-prstov-smykova-lista-dalbo-interagro.jpg 1000w, https:\/\/www.interagro.sk\/wp-content\/uploads\/2024\/03\/maxiroll-530-830-2-rady-prstov-smykova-lista-dalbo-interagro-300x147.jpg 300w, https:\/\/www.interagro.sk\/wp-content\/uploads\/2024\/03\/maxiroll-530-830-2-rady-prstov-smykova-lista-dalbo-interagro-768x376.jpg 768w, https:\/\/www.interagro.sk\/wp-content\/uploads\/2024\/03\/maxiroll-530-830-2-rady-prstov-smykova-lista-dalbo-interagro-370x181.jpg 370w, https:\/\/www.interagro.sk\/wp-content\/uploads\/2024\/03\/maxiroll-530-830-2-rady-prstov-smykova-lista-dalbo-interagro-150x73.jpg 150w\" alt=\"\" width=\"460\" height=\"225\" \/><\/a><\/b><\/h4>\n<\/td>\n<td>\n<h4><b>2 rady pru\u017einov\u00fdch hrotov so smykom<\/b><\/h4>\n<p>2-radov\u00e9 br\u00e1ny s rovn\u00fdmi hrotmi a s urovn\u00e1vac\u00edm smykom na zarovn\u00e1vanie a drvenie premenia MAXIROLL na podmietacie zariadenie alebo br\u00e1ny na sejbu.<\/td>\n<\/tr>\n<tr>\n<td>\n<h4><b>3-radov\u00e9 prstov\u00e9 tr\u00e1vov\u00e9 br\u00e1ny<\/b><\/h4>\n<p>Pon\u00fakame mnoho r\u00f4znych br\u00e1nov\u00fdch n\u00e1strojov, ktor\u00e9 v\u00e1m umo\u017e\u0148uj\u00fa vykon\u00e1va\u0165 \u0161irok\u00fa \u0161k\u00e1lu \u00faloh od jednoduch\u00e9ho prevzdu\u0161\u0148ovania tr\u00e1vnych porastov a\u017e po br\u00e1nenie strniska.<\/p>\n<p><strong>3 rady \u010diernych pru\u017einov\u00fdch hrotov tr\u00e1vov\u00fdch br\u00e1n<\/strong> sa hydraulicky zap\u00e1jaj\u00fa a vyp\u00ednaj\u00fa a hydraulicky sa upravuj\u00fa tak, aby boli viac alebo menej agres\u00edvne. Ide o ide\u00e1lnu kombin\u00e1ciu na pou\u017eitie priamo do strniska na povzbudenie strniska.<\/p>\n<h4><b>\u00a0<\/b><\/h4>\n<\/td>\n<td>\n<h4><b><a href=\"https:\/\/www.interagro.sk\/wp-content\/uploads\/2024\/03\/maxiroll-530-830-3-rady-prstov-dalbo-interagro.jpg\" data-slb-active=\"1\" data-slb-asset=\"1211635664\" data-slb-internal=\"0\" data-slb-group=\"23880\"><img loading=\"lazy\" decoding=\"async\" class=\"aligncenter wp-image-23891\" src=\"https:\/\/www.interagro.sk\/wp-content\/uploads\/2024\/03\/maxiroll-530-830-3-rady-prstov-dalbo-interagro.jpg\" sizes=\"(max-width: 460px) 100vw, 460px\" srcset=\"https:\/\/www.interagro.sk\/wp-content\/uploads\/2024\/03\/maxiroll-530-830-3-rady-prstov-dalbo-interagro.jpg 1000w, https:\/\/www.interagro.sk\/wp-content\/uploads\/2024\/03\/maxiroll-530-830-3-rady-prstov-dalbo-interagro-300x144.jpg 300w, https:\/\/www.interagro.sk\/wp-content\/uploads\/2024\/03\/maxiroll-530-830-3-rady-prstov-dalbo-interagro-768x369.jpg 768w, https:\/\/www.interagro.sk\/wp-content\/uploads\/2024\/03\/maxiroll-530-830-3-rady-prstov-dalbo-interagro-370x178.jpg 370w, https:\/\/www.interagro.sk\/wp-content\/uploads\/2024\/03\/maxiroll-530-830-3-rady-prstov-dalbo-interagro-150x72.jpg 150w\" alt=\"\" width=\"460\" height=\"221\" \/><\/a><\/b><\/h4>\n<\/td>\n<\/tr>\n<tr>\n<td>\n<h4><b><a href=\"https:\/\/www.interagro.sk\/wp-content\/uploads\/2024\/03\/maxiroll-530-830-kyprice-stop-dalbo-interagro.jpg\" data-slb-active=\"1\" data-slb-asset=\"577708483\" data-slb-internal=\"0\" data-slb-group=\"23880\"><img loading=\"lazy\" decoding=\"async\" class=\"aligncenter wp-image-23906\" src=\"https:\/\/www.interagro.sk\/wp-content\/uploads\/2024\/03\/maxiroll-530-830-kyprice-stop-dalbo-interagro.jpg\" sizes=\"(max-width: 460px) 100vw, 460px\" srcset=\"https:\/\/www.interagro.sk\/wp-content\/uploads\/2024\/03\/maxiroll-530-830-kyprice-stop-dalbo-interagro.jpg 1000w, https:\/\/www.interagro.sk\/wp-content\/uploads\/2024\/03\/maxiroll-530-830-kyprice-stop-dalbo-interagro-300x144.jpg 300w, https:\/\/www.interagro.sk\/wp-content\/uploads\/2024\/03\/maxiroll-530-830-kyprice-stop-dalbo-interagro-768x369.jpg 768w, https:\/\/www.interagro.sk\/wp-content\/uploads\/2024\/03\/maxiroll-530-830-kyprice-stop-dalbo-interagro-370x178.jpg 370w, https:\/\/www.interagro.sk\/wp-content\/uploads\/2024\/03\/maxiroll-530-830-kyprice-stop-dalbo-interagro-150x72.jpg 150w\" alt=\"\" width=\"460\" height=\"221\" \/><\/a><\/b><\/h4>\n<\/td>\n<td>\n<h4>Kypri\u010de stopy kolies<\/h4>\n<p>Pou\u017eitie kypri\u010dov stopy v\u00e1m pom\u00f4\u017ee odstr\u00e1ni\u0165 zhutnenie zo \u0161trukt\u00fary p\u00f4dy za kolesami traktora, najm\u00e4 pri pou\u017eit\u00ed \u0165a\u017ek\u00fdch traktorov s jedn\u00fdm kolesom na \u013eahk\u00fdch a\u017e stredn\u00fdch typoch p\u00f4dy.<\/p>\n<h4><b>\u00a0<\/b><\/h4>\n<\/td>\n<\/tr>\n<tr>\n<td>\n<h4>V\u00fdsevn\u00e9 zariadenie \u2013 Seja\u010dka Medziplod\u00edn<\/h4>\n<p>Ak h\u013ead\u00e1te ide\u00e1lne rie\u0161enie pre starostlivos\u0165 o tr\u00e1vne porasty, sejbu n\u00e1sledn\u00fdch plod\u00edn a podobne, na\u0161a sejacia technika v\u00e1m pom\u00f4\u017ee u\u0161etri\u0165 drahocenn\u00fd \u010das a zv\u00fd\u0161i\u0165 efektivitu.<\/p>\n<p>Pon\u00fakame 230-300L alebo 500L z\u00e1sobn\u00edk s elektrick\u00fdm alebo hydraulick\u00fdm ventil\u00e1torom v\u00fdrobcov AGRO MASZ alebo APV.<\/p>\n<h4><b>\u00a0<\/b><\/h4>\n<\/td>\n<td>\n<h4><a href=\"https:\/\/www.interagro.sk\/wp-content\/uploads\/2024\/03\/maxiroll-530-830-sejacka-medziplodin-dalbo-interagro.jpg\" data-slb-active=\"1\" data-slb-asset=\"1280502646\" data-slb-internal=\"0\" data-slb-group=\"23880\"><img loading=\"lazy\" decoding=\"async\" class=\"aligncenter wp-image-23926\" src=\"https:\/\/www.interagro.sk\/wp-content\/uploads\/2024\/03\/maxiroll-530-830-sejacka-medziplodin-dalbo-interagro.jpg\" sizes=\"(max-width: 460px) 100vw, 460px\" srcset=\"https:\/\/www.interagro.sk\/wp-content\/uploads\/2024\/03\/maxiroll-530-830-sejacka-medziplodin-dalbo-interagro.jpg 1000w, https:\/\/www.interagro.sk\/wp-content\/uploads\/2024\/03\/maxiroll-530-830-sejacka-medziplodin-dalbo-interagro-300x144.jpg 300w, https:\/\/www.interagro.sk\/wp-content\/uploads\/2024\/03\/maxiroll-530-830-sejacka-medziplodin-dalbo-interagro-768x369.jpg 768w, https:\/\/www.interagro.sk\/wp-content\/uploads\/2024\/03\/maxiroll-530-830-sejacka-medziplodin-dalbo-interagro-370x178.jpg 370w, https:\/\/www.interagro.sk\/wp-content\/uploads\/2024\/03\/maxiroll-530-830-sejacka-medziplodin-dalbo-interagro-150x72.jpg 150w\" alt=\"\" width=\"460\" height=\"221\" \/><\/a><\/h4>\n<\/td>\n<\/tr>\n<\/tbody>\n<\/table>\n<p>&nbsp;<\/p>\n","protected":false},"excerpt":{"rendered":"<p class=\"product-typ\"><strong>Typ produktu: MAXIROLL 3-sekcie 530-1030m<\/strong><\/p>\n<p><strong>Jedine\u010dn\u00fd dizajn valcov\u00e9ho r\u00e1mu MAXIROLL<\/strong> a vysok\u00e1 svetl\u00e1 v\u00fd\u0161ka umo\u017e\u0148uj\u00fa in\u0161tal\u00e1ciu \u0161irokej \u0161k\u00e1ly efekt\u00edvnych predn\u00fdch n\u00e1strojov. To rob\u00ed z MAXIROLL syst\u00e9mov\u00fd valec s jedine\u010dnou v\u0161estrannos\u0165ou, ktor\u00fd m\u00f4\u017ee pom\u00f4c\u0165 zv\u00fd\u0161i\u0165 produktivitu a v\u00fdnos.<\/p>\n","protected":false},"featured_media":1195,"template":"","meta":{"om_disable_all_campaigns":false,"_monsterinsights_skip_tracking":false,"_monsterinsights_sitenote_active":false,"_monsterinsights_sitenote_note":"","_monsterinsights_sitenote_category":0,"_kad_post_transparent":"default","_kad_post_title":"","_kad_post_layout":"default","_kad_post_sidebar_id":"","_kad_post_content_style":"default","_kad_post_vertical_padding":"default","_kad_post_feature":"","_kad_post_feature_position":"","_kad_post_header":false,"_kad_post_footer":false},"product_brand":[],"product_cat":[26,27],"product_tag":[],"class_list":{"0":"post-1194","1":"product","2":"type-product","3":"status-publish","4":"has-post-thumbnail","6":"product_cat-systemove-valce","7":"product_cat-valce","9":"first","10":"instock","11":"shipping-taxable","12":"product-type-simple","13":"entry","14":"content-bg","15":"loop-entry"},"aioseo_notices":[],"_links":{"self":[{"href":"https:\/\/dalbo-sk.com\/index.php\/wp-json\/wp\/v2\/product\/1194"}],"collection":[{"href":"https:\/\/dalbo-sk.com\/index.php\/wp-json\/wp\/v2\/product"}],"about":[{"href":"https:\/\/dalbo-sk.com\/index.php\/wp-json\/wp\/v2\/types\/product"}],"wp:featuredmedia":[{"embeddable":true,"href":"https:\/\/dalbo-sk.com\/index.php\/wp-json\/wp\/v2\/media\/1195"}],"wp:attachment":[{"href":"https:\/\/dalbo-sk.com\/index.php\/wp-json\/wp\/v2\/media?parent=1194"}],"wp:term":[{"taxonomy":"product_brand","embeddable":true,"href":"https:\/\/dalbo-sk.com\/index.php\/wp-json\/wp\/v2\/product_brand?post=1194"},{"taxonomy":"product_cat","embeddable":true,"href":"https:\/\/dalbo-sk.com\/index.php\/wp-json\/wp\/v2\/product_cat?post=1194"},{"taxonomy":"product_tag","embeddable":true,"href":"https:\/\/dalbo-sk.com\/index.php\/wp-json\/wp\/v2\/product_tag?post=1194"}],"curies":[{"name":"wp","href":"https:\/\/api.w.org\/{rel}","templated":true}]}}