{"id":34,"date":"2024-02-27T15:51:31","date_gmt":"2024-02-27T14:51:31","guid":{"rendered":"https:\/\/dalbo-sk.com\/?page_id=34"},"modified":"2024-06-01T15:50:26","modified_gmt":"2024-06-01T13:50:26","slug":"podmietace","status":"publish","type":"page","link":"https:\/\/dalbo-sk.com\/index.php\/podmietace\/","title":{"rendered":"Podmieta\u010de"},"content":{"rendered":"<p>Dobr\u00e9 obr\u00e1banie p\u00f4dy je d\u00f4le\u017eit\u00e9 na u\u013eah\u010denie pr\u00e1ce na poli a zabezpe\u010denie dobr\u00e9ho v\u00fdnosu. Preto je d\u00f4le\u017eit\u00fd pevn\u00fd a spo\u013eahliv\u00fd podmieta\u010d, ktor\u00fd dobre funguje, aby sa zabezpe\u010dilo, \u017ee p\u00f4da bude dobre premie\u0161an\u00e1 a plodiny bud\u00fa ma\u0165 optim\u00e1lne podmienky. najlep\u0161\u00ed v\u00fdnos. Podmieta\u010d pom\u00e1ha regulova\u0165 burinu a stimuluje rozklad slamy a rastlinn\u00fdch zvy\u0161kov na strnisku, \u010d\u00edm zais\u0165uje jeho pr\u00edpravu na bud\u00facoro\u010dn\u00fa \u00farodu. Kultiv\u00e1tor DALBO zais\u0165uje optim\u00e1lne premie\u0161anie p\u00f4dy, pri\u010dom p\u00f4du zanech\u00e1va rovnomern\u00fa. To vytv\u00e1ra optim\u00e1lne p\u00f4dne podmienky pre n\u00e1sledn\u00e9 v\u0155tanie.<\/p><div data-product-id=\"1213\" data-block-name=\"woocommerce\/single-product\" data-is-descendent-of-single-product-block=\"true\" data-show-sale-badge=\"false\" class=\"wc-block-components-product-image wc-block-grid__product-image wp-block-woocommerce-product-image is-layout-flow wp-block-column-is-layout-flow is-layout-flex wp-container-core-columns-is-layout-1 wp-block-columns-is-layout-flex\">\n\t\t\t\t\t<a href=\"https:\/\/dalbo-sk.com\/index.php\/produkt\/retazove-disky-powerchain-800\/\" style=\"\" data-wc-on--click=\"woocommerce\/product-collection::actions.viewProduct\"> <img fetchpriority=\"high\" decoding=\"async\" width=\"600\" height=\"431\" src=\"https:\/\/dalbo-sk.com\/wp-content\/uploads\/2024\/05\/powerchain-800-diskovy-podmietac-ls-dalbo-interagro.pxd_-600x431.jpeg\" class=\"attachment-woocommerce_single size-woocommerce_single\" alt=\"Re\u0165azov\u00e9 Disky POWERCHAIN 800\" data-testid=\"product-image\" style=\"max-width:none;object-fit:cover;\" title=\"powerchain-800-diskovy-podmietac-ls-dalbo-interagro.pxd_\" srcset=\"https:\/\/dalbo-sk.com\/wp-content\/uploads\/2024\/05\/powerchain-800-diskovy-podmietac-ls-dalbo-interagro.pxd_-600x431.jpeg 600w, https:\/\/dalbo-sk.com\/wp-content\/uploads\/2024\/05\/powerchain-800-diskovy-podmietac-ls-dalbo-interagro.pxd_-300x215.jpeg 300w, https:\/\/dalbo-sk.com\/wp-content\/uploads\/2024\/05\/powerchain-800-diskovy-podmietac-ls-dalbo-interagro.pxd_-768x551.jpeg 768w, https:\/\/dalbo-sk.com\/wp-content\/uploads\/2024\/05\/powerchain-800-diskovy-podmietac-ls-dalbo-interagro.pxd_-e1717078524374.jpeg 279w\" sizes=\"(max-width: 600px) 100vw, 600px\" \/><\/a>\n\t\t\t\t<\/div>\n<h2 class=\"wp-block-post-title is-layout-flow wp-block-column-is-layout-flow\"><a href=\"https:\/\/dalbo-sk.com\/index.php\/produkt\/retazove-disky-powerchain-800\/\" target=\"_self\" >Re\u0165azov\u00e9 Disky POWERCHAIN 800<\/a><\/h2>\n\n<div data-block-name=\"woocommerce\/product-price\" data-is-descendent-of-single-product-block=\"true\" class=\"wp-block-woocommerce-product-price\"><div class=\"wc-block-components-product-price wc-block-grid__product-price has-text-align- has-text-align-\" style=\"\">\n\t\t\t\t\t\n\t\t\t\t<\/div><\/div>\n<div class=\"wp-block-post-excerpt\"><p class=\"wp-block-post-excerpt__excerpt\">Re\u0165azov\u00e9 Disky na plo\u0161n\u00e9 spracovanie p\u00f4dy v h\u013abke 2-5cm <\/p><\/div>\n\n<div data-block-name=\"woocommerce\/product-meta\" class=\"taxonomy-product_cat wp-block-post-terms is-nowrap is-layout-flex wp-container-core-group-is-layout-1 wp-block-group-is-layout-flex\"><span class=\"wp-block-post-terms__prefix\">Category: <\/span><a href=\"https:\/\/dalbo-sk.com\/index.php\/kategoria-produktu\/podmietace\/\" rel=\"tag\">Podmieta\u010de<\/a><span class=\"wp-block-post-terms__separator\">, <\/span><a href=\"https:\/\/dalbo-sk.com\/index.php\/kategoria-produktu\/podmietace\/powerchain\/\" rel=\"tag\">Powerchain<\/a><\/div><div data-block-name=\"woocommerce\/handpicked-products\" data-products=\"[1213]\" class=\"wc-block-grid wp-block-handpicked-products wp-block-woocommerce-handpicked-products wc-block-handpicked-products has-3-columns has-multiple-rows\"><ul class=\"wc-block-grid__products\"><li class=\"wc-block-grid__product entry loop-entry content-bg woo-archive-action-on-hover woo-archive-btn-button product-loop-boxed woo-archive-image-hover-zoom\"><a href=\"https:\/\/dalbo-sk.com\/index.php\/produkt\/retazove-disky-powerchain-800\/\" class=\"wc-block-grid__product-link woocommerce-loop-image-link woocommerce-LoopProduct-link woocommerce-loop-product__link product-has-hover-image\">\n\t\t\t\t\t<img decoding=\"async\" width=\"300\" height=\"300\" src=\"https:\/\/dalbo-sk.com\/wp-content\/uploads\/2024\/05\/powerchain-800-diskovy-podmietac-ls-dalbo-interagro.pxd_-300x300.jpeg\" class=\"attachment-woocommerce_thumbnail size-woocommerce_thumbnail\" alt=\"\" srcset=\"https:\/\/dalbo-sk.com\/wp-content\/uploads\/2024\/05\/powerchain-800-diskovy-podmietac-ls-dalbo-interagro.pxd_-300x300.jpeg 300w, https:\/\/dalbo-sk.com\/wp-content\/uploads\/2024\/05\/powerchain-800-diskovy-podmietac-ls-dalbo-interagro.pxd_-150x150.jpeg 150w, https:\/\/dalbo-sk.com\/wp-content\/uploads\/2024\/05\/powerchain-800-diskovy-podmietac-ls-dalbo-interagro.pxd_-100x100.jpeg 100w\" sizes=\"(max-width: 300px) 100vw, 300px\" \/>\n\t\t\t\t\t<img decoding=\"async\" width=\"300\" height=\"300\" src=\"https:\/\/dalbo-sk.com\/wp-content\/uploads\/2024\/05\/powerchain-800-diskovy-podmietac-disky-zavazia-bute-850-dalbo-interagro-300x300.jpeg\" class=\"secondary-product-image attachment-woocommerce_thumbnail attachment-shop-catalog wp-post-image wp-post-image--secondary\" alt=\"\" title=\"powerchain-800-diskovy-podmietac-disky-zavazia-bute-850-dalbo-interagro\" srcset=\"https:\/\/dalbo-sk.com\/wp-content\/uploads\/2024\/05\/powerchain-800-diskovy-podmietac-disky-zavazia-bute-850-dalbo-interagro-300x300.jpeg 300w, https:\/\/dalbo-sk.com\/wp-content\/uploads\/2024\/05\/powerchain-800-diskovy-podmietac-disky-zavazia-bute-850-dalbo-interagro-150x150.jpeg 150w, https:\/\/dalbo-sk.com\/wp-content\/uploads\/2024\/05\/powerchain-800-diskovy-podmietac-disky-zavazia-bute-850-dalbo-interagro-100x100.jpeg 100w\" sizes=\"(max-width: 300px) 100vw, 300px\" \/>\n\t\t\t\t<\/a>\n\t\t\t\t<div class=\"product-details content-bg entry-content-wrap\">\n\t\t\t\t\t<a href=\"https:\/\/dalbo-sk.com\/index.php\/produkt\/retazove-disky-powerchain-800\/\" class=\"wc-block-grid__product-title-link\">\n\t\t\t\t\t\t<div class=\"wc-block-grid__product-title\">Re\u0165azov\u00e9 Disky POWERCHAIN 800<\/div>\n\t\t\t\t\t<\/a>\n\t\t\t\t\t\n\t\t\t\t\t<div class=\"wc-block-grid__product-price price\"><\/div>\n\t\t\t\t\t<div class=\"wp-block-button wc-block-grid__product-add-to-cart\"><a href=\"https:\/\/dalbo-sk.com\/index.php\/produkt\/retazove-disky-powerchain-800\/\" aria-label=\"Zistite viac o &ldquo;Re\u0165azov\u00e9 Disky POWERCHAIN 800&rdquo;\" data-quantity=\"1\" data-product_id=\"1213\" data-product_sku=\"\" rel=\"nofollow\" class=\"wp-block-button__link add_to_cart_button\">Viac info<span class=\"kadence-svg-iconset svg-baseline\"><svg class=\"kadence-svg-icon kadence-spinner-svg\" fill=\"currentColor\" version=\"1.1\" xmlns=\"http:\/\/www.w3.org\/2000\/svg\" width=\"16\" height=\"16\" viewBox=\"0 0 16 16\"><title>Loading<\/title><path d=\"M16 6h-6l2.243-2.243c-1.133-1.133-2.64-1.757-4.243-1.757s-3.109 0.624-4.243 1.757c-1.133 1.133-1.757 2.64-1.757 4.243s0.624 3.109 1.757 4.243c1.133 1.133 2.64 1.757 4.243 1.757s3.109-0.624 4.243-1.757c0.095-0.095 0.185-0.192 0.273-0.292l1.505 1.317c-1.466 1.674-3.62 2.732-6.020 2.732-4.418 0-8-3.582-8-8s3.582-8 8-8c2.209 0 4.209 0.896 5.656 2.344l2.343-2.344v6z\"><\/path>\n\t\t\t\t<\/svg><\/span><span class=\"kadence-svg-iconset svg-baseline\"><svg class=\"kadence-svg-icon kadence-check-svg\" fill=\"currentColor\" version=\"1.1\" xmlns=\"http:\/\/www.w3.org\/2000\/svg\" width=\"16\" height=\"16\" viewBox=\"0 0 16 16\"><title>Done<\/title><path d=\"M14 2.5l-8.5 8.5-3.5-3.5-1.5 1.5 5 5 10-10z\"><\/path>\n\t\t\t\t<\/svg><\/span><\/a><\/div>\n\t\t\t\t<\/div>\n\t\t\t<\/li><\/ul><\/div><style>\/*! elementor - v3.21.0 - 30-04-2024 *\/\n.elementor-widget-image-carousel .swiper,.elementor-widget-image-carousel .swiper-container{position:static}.elementor-widget-image-carousel .swiper-container .swiper-slide figure,.elementor-widget-image-carousel .swiper .swiper-slide figure{line-height:inherit}.elementor-widget-image-carousel .swiper-slide{text-align:center}.elementor-image-carousel-wrapper:not(.swiper-container-initialized):not(.swiper-initialized) .swiper-slide{max-width:calc(100% \/ var(--e-image-carousel-slides-to-show, 3))}<\/style>\t\t\n\t\t\t\t\t\t\t\t<a data-elementor-open-lightbox=\"yes\" data-elementor-lightbox-slideshow=\"b9b080f\" data-elementor-lightbox-title=\"_r0a0899\" data-e-action-hash=\"#elementor-action%3Aaction%3Dlightbox%26settings%3DeyJpZCI6MjE1MSwidXJsIjoiaHR0cDpcL1wvZGFsYm8tc2suY29tXC93cC1jb250ZW50XC91cGxvYWRzXC8yMDI0XC8wNVwvcjBhMDg5OS5qcGciLCJzbGlkZXNob3ciOiJiOWIwODBmIn0%3D\" href=\"https:\/\/dalbo-sk.com\/index.php\/kategoria-produktu\/podmietace\/trimax-lift\/\"><figure><img decoding=\"async\" src=\"http:\/\/dalbo-sk.com\/wp-content\/uploads\/2024\/05\/r0a0899.jpg\" alt=\"_r0a0899\" \/><\/figure><\/a>\t\t\t\n\t\t\t<style>\/*! elementor - v3.21.0 - 30-04-2024 *\/\n.elementor-heading-title{padding:0;margin:0;line-height:1}.elementor-widget-heading .elementor-heading-title[class*=elementor-size-]>a{color:inherit;font-size:inherit;line-height:inherit}.elementor-widget-heading .elementor-heading-title.elementor-size-small{font-size:15px}.elementor-widget-heading .elementor-heading-title.elementor-size-medium{font-size:19px}.elementor-widget-heading .elementor-heading-title.elementor-size-large{font-size:29px}.elementor-widget-heading .elementor-heading-title.elementor-size-xl{font-size:39px}.elementor-widget-heading .elementor-heading-title.elementor-size-xxl{font-size:59px}<\/style><h2><a href=\"https:\/\/dalbo-sk.com\/index.php\/kategoria-produktu\/podmietace\/trimax-lift\/\">TRIMAX lift<\/a><\/h2>\t\t\n\t\t<p>Podmieta\u010d TRIMAX je zn\u00e1my svojim p\u00f4sobiv\u00fdm efektom mie\u0161ania strniska a p\u00f4dy a z\u00e1rove\u0148 poskytuje pekn\u00e9 a rovn\u00e9 osivov\u00e9 l\u00f4\u017eko, ktor\u00e9 u\u013eah\u010duje pr\u00e1cu.<\/p><p>\u00a0Dostupn\u00fd v pracovn\u00fdch z\u00e1beroch od 3,00 do 5,20 m<\/p>\t\t\n\t\t\t<a href=\"https:\/\/dalbo-sk.com\/index.php\/kategoria-produktu\/podmietace\/trimax-lift\/\">\n\t\t\t\t<svg aria-hidden=\"true\" viewBox=\"0 0 448 512\" xmlns=\"http:\/\/www.w3.org\/2000\/svg\"><path d=\"M313.941 216H12c-6.627 0-12 5.373-12 12v56c0 6.627 5.373 12 12 12h301.941v46.059c0 21.382 25.851 32.09 40.971 16.971l86.059-86.059c9.373-9.373 9.373-24.569 0-33.941l-86.059-86.059c-15.119-15.119-40.971-4.411-40.971 16.971V216z\"><\/path><\/svg>\t\t\t\n\t\t\t\t\t\t\t\t\tView Details\n\t\t\t\t\t<\/a>\n\t\t\t<h2><a href=\"https:\/\/dalbo-sk.com\/index.php\/kategoria-produktu\/podmietace\/trimax-trailed\/\">TRIMAX trailed<\/a><\/h2>\t\t\n\t\t<p>\u0164ahan\u00fd kultiv\u00e1tor TRIMAX bol vyvinut\u00fd ako v\u00fdsledok zvy\u0161uj\u00faceho sa dopytu po n\u00e1rad\u00ed s ve\u013ekou pracovnou \u0161\u00edrkou a DALBO skon\u0161truovalo \u0165ahan\u00fd variant so v\u0161etk\u00fdmi vynikaj\u00facimi vlastnos\u0165ami zn\u00e1mej verzie so zdvih\u00e1kom a \u010fal\u0161\u00edmi.<\/p><p>Je sk\u00fa\u0161obn\u00fd podmieta\u010d, ktor\u00fd je mo\u017en\u00e9 doda\u0165 v pracovn\u00fdch z\u00e1beroch 5,20 a 6,30 m.<\/p>\t\t\n\t\t\t<a href=\"https:\/\/dalbo-sk.com\/index.php\/kategoria-produktu\/podmietace\/trimax-trailed\/\">\n\t\t\t\t<svg aria-hidden=\"true\" viewBox=\"0 0 448 512\" xmlns=\"http:\/\/www.w3.org\/2000\/svg\"><path d=\"M313.941 216H12c-6.627 0-12 5.373-12 12v56c0 6.627 5.373 12 12 12h301.941v46.059c0 21.382 25.851 32.09 40.971 16.971l86.059-86.059c9.373-9.373 9.373-24.569 0-33.941l-86.059-86.059c-15.119-15.119-40.971-4.411-40.971 16.971V216z\"><\/path><\/svg>\t\t\t\n\t\t\t\t\t\t\t\t\tView Details\n\t\t\t\t\t<\/a>\n\t\t\t\t\t\t\t\t<a data-elementor-open-lightbox=\"yes\" data-elementor-lightbox-slideshow=\"7fd47c0\" data-elementor-lightbox-title=\"_r0a0948\" data-e-action-hash=\"#elementor-action%3Aaction%3Dlightbox%26settings%3DeyJpZCI6MjE1MCwidXJsIjoiaHR0cDpcL1wvZGFsYm8tc2suY29tXC93cC1jb250ZW50XC91cGxvYWRzXC8yMDI0XC8wNVwvcjBhMDk0OC5qcGciLCJzbGlkZXNob3ciOiI3ZmQ0N2MwIn0%3D\" href=\"https:\/\/dalbo-sk.com\/index.php\/kategoria-produktu\/podmietace\/trimax-trailed\/\"><figure><img decoding=\"async\" src=\"http:\/\/dalbo-sk.com\/wp-content\/uploads\/2024\/05\/r0a0948.jpg\" alt=\"_r0a0948\" \/><\/figure><\/a>\t\t\t\n\t\t\t\t\t\t\t\t<a data-elementor-open-lightbox=\"yes\" data-elementor-lightbox-slideshow=\"05d83bc\" data-elementor-lightbox-title=\"powerchain-800-nh-5-cor\" data-e-action-hash=\"#elementor-action%3Aaction%3Dlightbox%26settings%3DeyJpZCI6MjE0OSwidXJsIjoiaHR0cDpcL1wvZGFsYm8tc2suY29tXC93cC1jb250ZW50XC91cGxvYWRzXC8yMDI0XC8wNVwvcG93ZXJjaGFpbi04MDAtbmgtNS1jb3IuanBnIiwic2xpZGVzaG93IjoiMDVkODNiYyJ9\" href=\"https:\/\/dalbo-sk.com\/index.php\/kategoria-produktu\/podmietace\/powerchain\/\"><figure><img decoding=\"async\" src=\"http:\/\/dalbo-sk.com\/wp-content\/uploads\/2024\/05\/powerchain-800-nh-5-cor.jpg\" alt=\"powerchain-800-nh-5-cor\" \/><\/figure><\/a>\t\t\t\n\t\t\t<h2><a href=\"https:\/\/dalbo-sk.com\/index.php\/kategoria-produktu\/podmietace\/powerchain\/\">POWERCHAIN<\/a><\/h2>\t\t\n\t\t<p>POWERCHAIN \u200b\u200b800 je diskov\u00fd podmieta\u010d, ktor\u00fd svojou unik\u00e1tnou kon\u0161trukciou v tvare diamantu pln\u00ed na poli mnoho funkci\u00ed.<\/p>\t\t\n\t\t\t<a href=\"https:\/\/dalbo-sk.com\/index.php\/kategoria-produktu\/podmietace\/powerchain\/\">\n\t\t\t\t<svg aria-hidden=\"true\" viewBox=\"0 0 448 512\" xmlns=\"http:\/\/www.w3.org\/2000\/svg\"><path d=\"M313.941 216H12c-6.627 0-12 5.373-12 12v56c0 6.627 5.373 12 12 12h301.941v46.059c0 21.382 25.851 32.09 40.971 16.971l86.059-86.059c9.373-9.373 9.373-24.569 0-33.941l-86.059-86.059c-15.119-15.119-40.971-4.411-40.971 16.971V216z\"><\/path><\/svg>\t\t\t\n\t\t\t\t\t\t\t\t\tView Details\n\t\t\t\t\t<\/a>\n\t\t\t<h2><a href=\"https:\/\/dalbo-sk.com\/index.php\/kategoria-produktu\/podmietace\/supermax\/\">SUPERMAX<\/a><\/h2>\t\t\n\t\t<p>SUPERMAX je jednoprejazdov\u00fd kultiv\u00e1tor ur\u010den\u00fd na elimin\u00e1ciu zhut\u0148ovania &#8211; ide\u00e1lne rie\u0161enie pre intenz\u00edvne obr\u00e1banie p\u00f4dy bez orby.<\/p>\t\t\n\t\t\t<a href=\"https:\/\/dalbo-sk.com\/index.php\/kategoria-produktu\/podmietace\/supermax\/\">\n\t\t\t\t<svg aria-hidden=\"true\" viewBox=\"0 0 448 512\" xmlns=\"http:\/\/www.w3.org\/2000\/svg\"><path d=\"M313.941 216H12c-6.627 0-12 5.373-12 12v56c0 6.627 5.373 12 12 12h301.941v46.059c0 21.382 25.851 32.09 40.971 16.971l86.059-86.059c9.373-9.373 9.373-24.569 0-33.941l-86.059-86.059c-15.119-15.119-40.971-4.411-40.971 16.971V216z\"><\/path><\/svg>\t\t\t\n\t\t\t\t\t\t\t\t\tView Details\n\t\t\t\t\t<\/a>\n\t\t\t\t\t\t\t\t<a data-elementor-open-lightbox=\"yes\" data-elementor-lightbox-slideshow=\"cb38238\" data-elementor-lightbox-title=\"farm6874-copy-redigeret-100-dpi\" data-e-action-hash=\"#elementor-action%3Aaction%3Dlightbox%26settings%3DeyJpZCI6MjE0OCwidXJsIjoiaHR0cDpcL1wvZGFsYm8tc2suY29tXC93cC1jb250ZW50XC91cGxvYWRzXC8yMDI0XC8wNVwvZmFybTY4NzQtY29weS1yZWRpZ2VyZXQtMTAwLWRwaS5qcGciLCJzbGlkZXNob3ciOiJjYjM4MjM4In0%3D\" href=\"https:\/\/dalbo-sk.com\/index.php\/kategoria-produktu\/podmietace\/supermax\/\"><figure><img decoding=\"async\" src=\"http:\/\/dalbo-sk.com\/wp-content\/uploads\/2024\/05\/farm6874-copy-redigeret-100-dpi.jpg\" alt=\"farm6874-copy-redigeret-100-dpi\" \/><\/figure><\/a>\t\t\t\n\t\t\t\t\t\t\t\t<a data-elementor-open-lightbox=\"yes\" data-elementor-lightbox-slideshow=\"a605e98\" data-elementor-lightbox-title=\"imag1299-korrigert-jpg\" data-e-action-hash=\"#elementor-action%3Aaction%3Dlightbox%26settings%3DeyJpZCI6MjEyMywidXJsIjoiaHR0cDpcL1wvZGFsYm8tc2suY29tXC93cC1jb250ZW50XC91cGxvYWRzXC8yMDI0XC8wNVwvaW1hZzEyOTkta29ycmlnZXJ0LWpwZy5qcGciLCJzbGlkZXNob3ciOiJhNjA1ZTk4In0%3D\" href=\"https:\/\/dalbo-sk.com\/index.php\/kategoria-produktu\/valce\/travne-lucne-valce\/maxiroll-greenline-lift\/\"><figure><img decoding=\"async\" src=\"http:\/\/dalbo-sk.com\/wp-content\/uploads\/2024\/05\/imag1299-korrigert-jpg.jpg\" alt=\"imag1299-korrigert-jpg\" \/><\/figure><\/a>\t\t\t\n\t\t\t<h2><a href=\"https:\/\/dalbo-sk.com\/index.php\/kategoria-produktu\/valce\/travne-lucne-valce\/maxiroll-greenline-lift\/\">MAXIROLL GREENLINE fit<\/a><\/h2>\t\t\n\t\t<p>N\u00e1\u0161 valec MAXIROLL GREENLINE 300 odpru\u017een\u00fd zdvihom je ide\u00e1lny na starostlivos\u0165 a optimaliz\u00e1ciu tr\u00e1vnych porastov. Je to kompaktn\u00fd, efekt\u00edvny a \u013eahko ovl\u00e1date\u013en\u00fd 3,00 m valec.<\/p>\t\t\n\t\t\t<a href=\"https:\/\/dalbo-sk.com\/index.php\/kategoria-produktu\/valce\/travne-lucne-valce\/maxiroll-greenline-lift\/\">\n\t\t\t\t<svg aria-hidden=\"true\" viewBox=\"0 0 448 512\" xmlns=\"http:\/\/www.w3.org\/2000\/svg\"><path d=\"M313.941 216H12c-6.627 0-12 5.373-12 12v56c0 6.627 5.373 12 12 12h301.941v46.059c0 21.382 25.851 32.09 40.971 16.971l86.059-86.059c9.373-9.373 9.373-24.569 0-33.941l-86.059-86.059c-15.119-15.119-40.971-4.411-40.971 16.971V216z\"><\/path><\/svg>\t\t\t\n\t\t\t\t\t\t\t\t\tView Details\n\t\t\t\t\t<\/a>\n\t\t<p>V\u00fdznam je v detailoch<\/p>\n<p>Po\u013enohospod\u00e1rske n\u00e1radie vyv\u00edjame, vyr\u00e1bame a pred\u00e1vame u\u017e viac ako pol storo\u010dia, a preto vieme, \u017ee odolnos\u0165 a bezprobl\u00e9mov\u00e9 fungovanie strojov je pre na\u0161ich z\u00e1kazn\u00edkov prvorad\u00e9. So zameran\u00edm na implement\u00e1ciu tohto z\u00e1kladn\u00e9ho poh\u013eadu do v\u0161etk\u00fdch k\u00fatov sme hrd\u00ed na to, \u017ee m\u00f4\u017eeme dod\u00e1va\u0165 inovat\u00edvne a odoln\u00e9 stroje modern\u00fdm farm\u00e1rom po celom svete.<\/p>","protected":false},"excerpt":{"rendered":"<p>Dobr\u00e9 obr\u00e1banie p\u00f4dy je d\u00f4le\u017eit\u00e9 na u\u013eah\u010denie pr\u00e1ce na poli a zabezpe\u010denie dobr\u00e9ho v\u00fdnosu. Preto je d\u00f4le\u017eit\u00fd pevn\u00fd a spo\u013eahliv\u00fd podmieta\u010d, ktor\u00fd dobre funguje, aby sa zabezpe\u010dilo, \u017ee p\u00f4da bude dobre premie\u0161an\u00e1 a plodiny bud\u00fa ma\u0165 optim\u00e1lne podmienky. najlep\u0161\u00ed v\u00fdnos. Podmieta\u010d pom\u00e1ha regulova\u0165 burinu a stimuluje rozklad slamy a rastlinn\u00fdch zvy\u0161kov na strnisku, \u010d\u00edm zais\u0165uje&#8230;<\/p>\n","protected":false},"author":2,"featured_media":0,"parent":0,"menu_order":0,"comment_status":"closed","ping_status":"closed","template":"","meta":{"om_disable_all_campaigns":false,"_monsterinsights_skip_tracking":false,"_monsterinsights_sitenote_active":false,"_monsterinsights_sitenote_note":"","_monsterinsights_sitenote_category":0,"_kad_post_transparent":"","_kad_post_title":"hide","_kad_post_layout":"","_kad_post_sidebar_id":"","_kad_post_content_style":"","_kad_post_vertical_padding":"","_kad_post_feature":"","_kad_post_feature_position":"","_kad_post_header":false,"_kad_post_footer":false,"footnotes":""},"class_list":["post-34","page","type-page","status-publish","hentry"],"aioseo_notices":[],"_links":{"self":[{"href":"https:\/\/dalbo-sk.com\/index.php\/wp-json\/wp\/v2\/pages\/34"}],"collection":[{"href":"https:\/\/dalbo-sk.com\/index.php\/wp-json\/wp\/v2\/pages"}],"about":[{"href":"https:\/\/dalbo-sk.com\/index.php\/wp-json\/wp\/v2\/types\/page"}],"author":[{"embeddable":true,"href":"https:\/\/dalbo-sk.com\/index.php\/wp-json\/wp\/v2\/users\/2"}],"replies":[{"embeddable":true,"href":"https:\/\/dalbo-sk.com\/index.php\/wp-json\/wp\/v2\/comments?post=34"}],"version-history":[{"count":57,"href":"https:\/\/dalbo-sk.com\/index.php\/wp-json\/wp\/v2\/pages\/34\/revisions"}],"predecessor-version":[{"id":2401,"href":"https:\/\/dalbo-sk.com\/index.php\/wp-json\/wp\/v2\/pages\/34\/revisions\/2401"}],"wp:attachment":[{"href":"https:\/\/dalbo-sk.com\/index.php\/wp-json\/wp\/v2\/media?parent=34"}],"curies":[{"name":"wp","href":"https:\/\/api.w.org\/{rel}","templated":true}]}}