{"id":2701,"date":"2024-06-26T21:31:52","date_gmt":"2024-06-26T19:31:52","guid":{"rendered":"https:\/\/dalbo-sk.com\/?page_id=2701"},"modified":"2024-06-26T21:46:23","modified_gmt":"2024-06-26T19:46:23","slug":"supermax-250-300","status":"publish","type":"page","link":"https:\/\/dalbo-sk.com\/index.php\/supermax-250-300\/","title":{"rendered":"SUPERMAX 250-300"},"content":{"rendered":"\t\t<div data-elementor-type=\"wp-page\" data-elementor-id=\"2701\" class=\"elementor elementor-2701\">\n\t\t\t\t<div class=\"elementor-element elementor-element-47c18c4 e-flex e-con-boxed e-con e-parent\" data-id=\"47c18c4\" data-element_type=\"container\">\n\t\t\t\t\t<div class=\"e-con-inner\">\n\t\t\t\t<div class=\"elementor-element elementor-element-d2d6f3f elementor-widget elementor-widget-text-editor\" data-id=\"d2d6f3f\" data-element_type=\"widget\" data-widget_type=\"text-editor.default\">\n\t\t\t\t<div class=\"elementor-widget-container\">\n\t\t\t\t\t\t\t\t\t<p><b>SUPERMAX 250-300<\/b><\/p><p>SUPERMAX je jednoprejazdov\u00fd kultiv\u00e1tor ur\u010den\u00fd na elimin\u00e1ciu zhut\u0148ovania &#8211; ide\u00e1lne rie\u0161enie pre<span class=\"Apple-converted-space\">\u00a0 <\/span>intenz\u00edvne obr\u00e1banie p\u00f4dy bez orby.<\/p>\t\t\t\t\t\t\t\t<\/div>\n\t\t\t\t<\/div>\n\t\t\t\t\t<\/div>\n\t\t\t\t<\/div>\n\t\t<div class=\"elementor-element elementor-element-d58ea54 e-flex e-con-boxed e-con e-parent\" data-id=\"d58ea54\" data-element_type=\"container\">\n\t\t\t\t\t<div class=\"e-con-inner\">\n\t\t\t\t<div class=\"elementor-element elementor-element-e3e4ac8 elementor-widget elementor-widget-image\" data-id=\"e3e4ac8\" data-element_type=\"widget\" data-widget_type=\"image.default\">\n\t\t\t\t<div class=\"elementor-widget-container\">\n\t\t\t\t\t\t\t\t\t\t\t\t\t\t\t<img fetchpriority=\"high\" decoding=\"async\" width=\"1024\" height=\"351\" src=\"https:\/\/dalbo-sk.com\/wp-content\/uploads\/2024\/06\/Snimka-obrazovky-2024-06-26-o-21.09.40-1024x351.png\" class=\"attachment-large size-large wp-image-2703\" alt=\"\" srcset=\"https:\/\/dalbo-sk.com\/wp-content\/uploads\/2024\/06\/Snimka-obrazovky-2024-06-26-o-21.09.40-1024x351.png 1024w, https:\/\/dalbo-sk.com\/wp-content\/uploads\/2024\/06\/Snimka-obrazovky-2024-06-26-o-21.09.40-300x103.png 300w, https:\/\/dalbo-sk.com\/wp-content\/uploads\/2024\/06\/Snimka-obrazovky-2024-06-26-o-21.09.40-768x263.png 768w, https:\/\/dalbo-sk.com\/wp-content\/uploads\/2024\/06\/Snimka-obrazovky-2024-06-26-o-21.09.40-1536x526.png 1536w, https:\/\/dalbo-sk.com\/wp-content\/uploads\/2024\/06\/Snimka-obrazovky-2024-06-26-o-21.09.40-2048x701.png 2048w, https:\/\/dalbo-sk.com\/wp-content\/uploads\/2024\/06\/Snimka-obrazovky-2024-06-26-o-21.09.40-600x205.png 600w\" sizes=\"(max-width: 1024px) 100vw, 1024px\" \/>\t\t\t\t\t\t\t\t\t\t\t\t\t\t\t<\/div>\n\t\t\t\t<\/div>\n\t\t\t\t\t<\/div>\n\t\t\t\t<\/div>\n\t\t<div class=\"elementor-element elementor-element-6f64df2 e-flex e-con-boxed e-con e-parent\" data-id=\"6f64df2\" data-element_type=\"container\">\n\t\t\t\t\t<div class=\"e-con-inner\">\n\t\t\t\t<div class=\"elementor-element elementor-element-89f1be1 elementor-widget elementor-widget-text-editor\" data-id=\"89f1be1\" data-element_type=\"widget\" data-widget_type=\"text-editor.default\">\n\t\t\t\t<div class=\"elementor-widget-container\">\n\t\t\t\t\t\t\t\t\t<p><strong>Technick\u00e9 parametre<\/strong><\/p>\t\t\t\t\t\t\t\t<\/div>\n\t\t\t\t<\/div>\n\t\t\t\t\t<\/div>\n\t\t\t\t<\/div>\n\t\t<div class=\"elementor-element elementor-element-d26133d e-con-full e-flex e-con e-parent\" data-id=\"d26133d\" data-element_type=\"container\">\n\t\t\t\t<div class=\"elementor-element elementor-element-8a430fb elementor-widget elementor-widget-image\" data-id=\"8a430fb\" data-element_type=\"widget\" data-widget_type=\"image.default\">\n\t\t\t\t<div class=\"elementor-widget-container\">\n\t\t\t\t\t\t\t\t\t\t\t\t\t\t\t<img decoding=\"async\" width=\"1024\" height=\"542\" src=\"https:\/\/dalbo-sk.com\/wp-content\/uploads\/2024\/06\/Snimka-obrazovky-2024-06-26-o-21.38.27-1024x542.png\" class=\"attachment-large size-large wp-image-2705\" alt=\"\" srcset=\"https:\/\/dalbo-sk.com\/wp-content\/uploads\/2024\/06\/Snimka-obrazovky-2024-06-26-o-21.38.27-1024x542.png 1024w, https:\/\/dalbo-sk.com\/wp-content\/uploads\/2024\/06\/Snimka-obrazovky-2024-06-26-o-21.38.27-300x159.png 300w, https:\/\/dalbo-sk.com\/wp-content\/uploads\/2024\/06\/Snimka-obrazovky-2024-06-26-o-21.38.27-768x407.png 768w, https:\/\/dalbo-sk.com\/wp-content\/uploads\/2024\/06\/Snimka-obrazovky-2024-06-26-o-21.38.27-600x318.png 600w, https:\/\/dalbo-sk.com\/wp-content\/uploads\/2024\/06\/Snimka-obrazovky-2024-06-26-o-21.38.27.png 1228w\" sizes=\"(max-width: 1024px) 100vw, 1024px\" \/>\t\t\t\t\t\t\t\t\t\t\t\t\t\t\t<\/div>\n\t\t\t\t<\/div>\n\t\t\t\t<\/div>\n\t\t<div class=\"elementor-element elementor-element-066c382 e-flex e-con-boxed e-con e-parent\" data-id=\"066c382\" data-element_type=\"container\">\n\t\t\t\t\t<div class=\"e-con-inner\">\n\t\t<div class=\"elementor-element elementor-element-4a649d0 e-con-full e-flex e-con e-child\" data-id=\"4a649d0\" data-element_type=\"container\">\n\t\t\t\t<div class=\"elementor-element elementor-element-1fba856 elementor-widget elementor-widget-text-editor\" data-id=\"1fba856\" data-element_type=\"widget\" data-widget_type=\"text-editor.default\">\n\t\t\t\t<div class=\"elementor-widget-container\">\n\t\t\t\t\t\t\t\t\t<p>Jednoprejazdov\u00fd kultiv\u00e1tor SUPERMAX je navrhnut\u00fd tak, aby eliminoval zhut\u0148ovanie a kultiv\u00e1ciu pomocou 1 radu \u0165a\u017ek\u00fdch podr\u00fdvac\u00edch n\u00f4h, po ktor\u00fdch nasleduj\u00fa 2 rady pru\u017einov\u00fdch diskov s priemerom 520 mm a konsolid\u00e1ciu pomocou 600 mm podvozkov\u00e9ho T-kr\u00fa\u017ekov\u00e9ho pakru alebo 650 mm jednoduch\u00e9ho HD packer. SUPERMAX<span class=\"Apple-converted-space\">\u00a0 <\/span>je ide\u00e1lnym rie\u0161en\u00edm pre intenz\u00edvne obr\u00e1banie p\u00f4dy bez orby.<\/p><p>SUPERMAX je jednorazov\u00e9 rie\u0161enie, ktor\u00e9 v\u00e1m u\u0161etr\u00ed \u010das a naftu.<\/p><p>Pracovn\u00e1 h\u013abka SUPERMAX je ovl\u00e1dan\u00e1 hydraulicky zo sedadla vodi\u010da. Dva hydraulick\u00e9 barany jednoducho nastavuj\u00fa h\u013abku zo zadn\u00e9ho pakera. \u010co zais\u0165uje rovnomern\u00fd povrch.<\/p><p>\u0160tandardne je SUPERMAX vybaven\u00fd vonkaj\u0161\u00edm kot\u00fa\u010dom, aby sa zabr\u00e1nilo ryhovaniu.<\/p>\t\t\t\t\t\t\t\t<\/div>\n\t\t\t\t<\/div>\n\t\t\t\t<\/div>\n\t\t<div class=\"elementor-element elementor-element-67bd8c2 e-con-full e-flex e-con e-child\" data-id=\"67bd8c2\" data-element_type=\"container\">\n\t\t\t\t<div class=\"elementor-element elementor-element-a74640e elementor-widget elementor-widget-image\" data-id=\"a74640e\" data-element_type=\"widget\" data-widget_type=\"image.default\">\n\t\t\t\t<div class=\"elementor-widget-container\">\n\t\t\t\t\t\t\t\t\t\t\t\t\t\t\t<img decoding=\"async\" width=\"1024\" height=\"748\" src=\"https:\/\/dalbo-sk.com\/wp-content\/uploads\/2024\/06\/Snimka-obrazovky-2024-06-26-o-21.22.09-1024x748.png\" class=\"attachment-large size-large wp-image-2706\" alt=\"\" srcset=\"https:\/\/dalbo-sk.com\/wp-content\/uploads\/2024\/06\/Snimka-obrazovky-2024-06-26-o-21.22.09-1024x748.png 1024w, https:\/\/dalbo-sk.com\/wp-content\/uploads\/2024\/06\/Snimka-obrazovky-2024-06-26-o-21.22.09-300x219.png 300w, https:\/\/dalbo-sk.com\/wp-content\/uploads\/2024\/06\/Snimka-obrazovky-2024-06-26-o-21.22.09-768x561.png 768w, https:\/\/dalbo-sk.com\/wp-content\/uploads\/2024\/06\/Snimka-obrazovky-2024-06-26-o-21.22.09-600x438.png 600w, https:\/\/dalbo-sk.com\/wp-content\/uploads\/2024\/06\/Snimka-obrazovky-2024-06-26-o-21.22.09.png 1424w\" sizes=\"(max-width: 1024px) 100vw, 1024px\" \/>\t\t\t\t\t\t\t\t\t\t\t\t\t\t\t<\/div>\n\t\t\t\t<\/div>\n\t\t\t\t<\/div>\n\t\t\t\t\t<\/div>\n\t\t\t\t<\/div>\n\t\t<div class=\"elementor-element elementor-element-2b4e8e8 e-flex e-con-boxed e-con e-parent\" data-id=\"2b4e8e8\" data-element_type=\"container\">\n\t\t\t\t\t<div class=\"e-con-inner\">\n\t\t\t\t<div class=\"elementor-element elementor-element-632ce0c elementor-widget elementor-widget-text-editor\" data-id=\"632ce0c\" data-element_type=\"widget\" data-widget_type=\"text-editor.default\">\n\t\t\t\t<div class=\"elementor-widget-container\">\n\t\t\t\t\t\t\t\t\t<p><b>\u0160tandardn\u00e1 v\u00fdbava<\/b><\/p><ul><li>\u0160tandardn\u00e1 v\u00fdbava SUPERMAX<\/li><li>Noha supsoiler<\/li><li>Disky 520 x 6 mm<\/li><li>600 mm bogie T-kr\u00fa\u017ekov\u00fd paker alebo 650 mm jednoduch\u00fd HD paker<\/li><li>Gumov\u00e9 odpru\u017eenie<\/li><li>Dvojit\u00e9 lo\u017eisk\u00e1<\/li><li>Hydraulick\u00e1 kontrola h\u013abky<\/li><\/ul>\t\t\t\t\t\t\t\t<\/div>\n\t\t\t\t<\/div>\n\t\t\t\t\t<\/div>\n\t\t\t\t<\/div>\n\t\t<div class=\"elementor-element elementor-element-7d1824d e-flex e-con-boxed e-con e-parent\" data-id=\"7d1824d\" data-element_type=\"container\">\n\t\t\t\t\t<div class=\"e-con-inner\">\n\t\t<div class=\"elementor-element elementor-element-af8cd14 e-con-full e-flex e-con e-child\" data-id=\"af8cd14\" data-element_type=\"container\">\n\t\t\t\t<div class=\"elementor-element elementor-element-12f834f elementor-widget elementor-widget-text-editor\" data-id=\"12f834f\" data-element_type=\"widget\" data-widget_type=\"text-editor.default\">\n\t\t\t\t<div class=\"elementor-widget-container\">\n\t\t\t\t\t\t\t\t\t<p><b><span class=\"Apple-converted-space\">\u00a0<\/span>Disky<\/b><\/p><p>Uhlov\u00e9 vr\u00fabkovan\u00e9 kot\u00fa\u010de s priemerom 520 mm maj\u00fa vynikaj\u00faci mie\u0161ac\u00ed \u00fa\u010dinok \u2013 aj v n\u00e1ro\u010dn\u00fdch podmienkach.<\/p><p>Ka\u017ed\u00fd kot\u00fa\u010d zavesen\u00fd na 4 gumen\u00fdch podper\u00e1ch zais\u0165uje r\u00fdchle a presn\u00e9 odtrhnutie od kame\u0148ov a in\u00fdch prek\u00e1\u017eok.<\/p>\t\t\t\t\t\t\t\t<\/div>\n\t\t\t\t<\/div>\n\t\t\t\t<\/div>\n\t\t<div class=\"elementor-element elementor-element-e212d43 e-con-full e-flex e-con e-child\" data-id=\"e212d43\" data-element_type=\"container\">\n\t\t\t\t<div class=\"elementor-element elementor-element-ee625da elementor-widget elementor-widget-image\" data-id=\"ee625da\" data-element_type=\"widget\" data-widget_type=\"image.default\">\n\t\t\t\t<div class=\"elementor-widget-container\">\n\t\t\t\t\t\t\t\t\t\t\t\t\t\t\t<img loading=\"lazy\" decoding=\"async\" width=\"1024\" height=\"555\" src=\"https:\/\/dalbo-sk.com\/wp-content\/uploads\/2024\/06\/Snimka-obrazovky-2024-06-26-o-21.24.25-1024x555.png\" class=\"attachment-large size-large wp-image-2707\" alt=\"\" srcset=\"https:\/\/dalbo-sk.com\/wp-content\/uploads\/2024\/06\/Snimka-obrazovky-2024-06-26-o-21.24.25-1024x555.png 1024w, https:\/\/dalbo-sk.com\/wp-content\/uploads\/2024\/06\/Snimka-obrazovky-2024-06-26-o-21.24.25-300x163.png 300w, https:\/\/dalbo-sk.com\/wp-content\/uploads\/2024\/06\/Snimka-obrazovky-2024-06-26-o-21.24.25-768x416.png 768w, https:\/\/dalbo-sk.com\/wp-content\/uploads\/2024\/06\/Snimka-obrazovky-2024-06-26-o-21.24.25-600x325.png 600w, https:\/\/dalbo-sk.com\/wp-content\/uploads\/2024\/06\/Snimka-obrazovky-2024-06-26-o-21.24.25.png 1424w\" sizes=\"(max-width: 1024px) 100vw, 1024px\" \/>\t\t\t\t\t\t\t\t\t\t\t\t\t\t\t<\/div>\n\t\t\t\t<\/div>\n\t\t\t\t<\/div>\n\t\t\t\t\t<\/div>\n\t\t\t\t<\/div>\n\t\t<div class=\"elementor-element elementor-element-b009e71 e-flex e-con-boxed e-con e-parent\" data-id=\"b009e71\" data-element_type=\"container\">\n\t\t\t\t\t<div class=\"e-con-inner\">\n\t\t<div class=\"elementor-element elementor-element-38ef6f7 e-con-full e-flex e-con e-child\" data-id=\"38ef6f7\" data-element_type=\"container\">\n\t\t\t\t<div class=\"elementor-element elementor-element-93d9171 elementor-widget elementor-widget-image\" data-id=\"93d9171\" data-element_type=\"widget\" data-widget_type=\"image.default\">\n\t\t\t\t<div class=\"elementor-widget-container\">\n\t\t\t\t\t\t\t\t\t\t\t\t\t\t\t<img loading=\"lazy\" decoding=\"async\" width=\"1024\" height=\"555\" src=\"https:\/\/dalbo-sk.com\/wp-content\/uploads\/2024\/06\/Snimka-obrazovky-2024-06-26-o-21.25.35-1024x555.png\" class=\"attachment-large size-large wp-image-2708\" alt=\"\" srcset=\"https:\/\/dalbo-sk.com\/wp-content\/uploads\/2024\/06\/Snimka-obrazovky-2024-06-26-o-21.25.35-1024x555.png 1024w, https:\/\/dalbo-sk.com\/wp-content\/uploads\/2024\/06\/Snimka-obrazovky-2024-06-26-o-21.25.35-300x163.png 300w, https:\/\/dalbo-sk.com\/wp-content\/uploads\/2024\/06\/Snimka-obrazovky-2024-06-26-o-21.25.35-768x416.png 768w, https:\/\/dalbo-sk.com\/wp-content\/uploads\/2024\/06\/Snimka-obrazovky-2024-06-26-o-21.25.35-600x325.png 600w, https:\/\/dalbo-sk.com\/wp-content\/uploads\/2024\/06\/Snimka-obrazovky-2024-06-26-o-21.25.35.png 1424w\" sizes=\"(max-width: 1024px) 100vw, 1024px\" \/>\t\t\t\t\t\t\t\t\t\t\t\t\t\t\t<\/div>\n\t\t\t\t<\/div>\n\t\t\t\t<\/div>\n\t\t<div class=\"elementor-element elementor-element-123eb9c e-con-full e-flex e-con e-child\" data-id=\"123eb9c\" data-element_type=\"container\">\n\t\t\t\t<div class=\"elementor-element elementor-element-282adb7 elementor-widget elementor-widget-text-editor\" data-id=\"282adb7\" data-element_type=\"widget\" data-widget_type=\"text-editor.default\">\n\t\t\t\t<div class=\"elementor-widget-container\">\n\t\t\t\t\t\t\t\t\t<p><b>Packer<span class=\"Apple-converted-space\">\u00a0<\/span><\/b><\/p><p>SUPERMAX je mo\u017en\u00e9 vybavi\u0165 bu\u010f T-kr\u00fa\u017ekov\u00fdm pakrom alebo HD sigle pakrom.<\/p><p>Podvozkov\u00fd paker s T-kr\u00fa\u017ekom 600 mm je ide\u00e1lny na drvenie hr\u00fad a zhut\u0148ovanie p\u00f4dy. Kr\u00fa\u017eky s\u00fa samo\u010distiace, \u010do znamen\u00e1, \u017ee SUPERMAX zvl\u00e1dne pr\u00e1cu aj v n\u00e1ro\u010dn\u00fdch a lepiv\u00fdch p\u00f4dnych podmienkach.<\/p><p>Alternat\u00edvne k T-kr\u00fa\u017ekov\u00e9mu valcu m\u00f4\u017ee by\u0165 SUPERMAX vybaven\u00fd uzavret\u00fdm 650 mm jednoduch\u00fdm HD pakrom so stiera\u010dmi. To je vhodn\u00e9 najm\u00e4 pre \u0165a\u017ek\u00e9 a hlinit\u00e9 p\u00f4dy<\/p>\t\t\t\t\t\t\t\t<\/div>\n\t\t\t\t<\/div>\n\t\t\t\t<\/div>\n\t\t\t\t\t<\/div>\n\t\t\t\t<\/div>\n\t\t<div class=\"elementor-element elementor-element-11ab4e9 e-flex e-con-boxed e-con e-parent\" data-id=\"11ab4e9\" data-element_type=\"container\">\n\t\t\t\t\t<div class=\"e-con-inner\">\n\t\t<div class=\"elementor-element elementor-element-274c3c9 e-con-full e-flex e-con e-child\" data-id=\"274c3c9\" data-element_type=\"container\">\n\t\t\t\t<div class=\"elementor-element elementor-element-f88e401 elementor-widget elementor-widget-text-editor\" data-id=\"f88e401\" data-element_type=\"widget\" data-widget_type=\"text-editor.default\">\n\t\t\t\t<div class=\"elementor-widget-container\">\n\t\t\t\t\t\t\t\t\t<p><b><span class=\"Apple-converted-space\">\u00a0<\/span>Hroty<\/b><\/p><p>Pracovn\u00e1 h\u013abka hrotov sa nastavuje pomocou otvorov pre kol\u00edky v nohe kypri\u010da. Preto je mo\u017en\u00e9 pracova\u0165 v h\u013abke 70 \u2013 400 mm. Ka\u017ed\u00fd hrot m\u00e1 ochranu proti kame\u0148om.<\/p><p>Hroty s\u00fa chr\u00e1nen\u00e9 non-stop-hydraulick\u00fdm syst\u00e9mom (NSH) stri\u017en\u00fdmi skrutkami. Pr\u00edtlak syst\u00e9mu NSH je mo\u017en\u00e9 nastavi\u0165 pod\u013ea p\u00f4dnych podmienok, \u010do umo\u017e\u0148uje odlomenie hrotov a\u017e o 90\u00b0.<\/p>\t\t\t\t\t\t\t\t<\/div>\n\t\t\t\t<\/div>\n\t\t\t\t<\/div>\n\t\t<div class=\"elementor-element elementor-element-0327742 e-con-full e-flex e-con e-child\" data-id=\"0327742\" data-element_type=\"container\">\n\t\t\t\t<div class=\"elementor-element elementor-element-1694862 elementor-widget elementor-widget-image\" data-id=\"1694862\" data-element_type=\"widget\" data-widget_type=\"image.default\">\n\t\t\t\t<div class=\"elementor-widget-container\">\n\t\t\t\t\t\t\t\t\t\t\t\t\t\t\t<img loading=\"lazy\" decoding=\"async\" width=\"1024\" height=\"649\" src=\"https:\/\/dalbo-sk.com\/wp-content\/uploads\/2024\/06\/Snimka-obrazovky-2024-06-26-o-21.26.36-1024x649.png\" class=\"attachment-large size-large wp-image-2709\" alt=\"\" srcset=\"https:\/\/dalbo-sk.com\/wp-content\/uploads\/2024\/06\/Snimka-obrazovky-2024-06-26-o-21.26.36-1024x649.png 1024w, https:\/\/dalbo-sk.com\/wp-content\/uploads\/2024\/06\/Snimka-obrazovky-2024-06-26-o-21.26.36-300x190.png 300w, https:\/\/dalbo-sk.com\/wp-content\/uploads\/2024\/06\/Snimka-obrazovky-2024-06-26-o-21.26.36-768x486.png 768w, https:\/\/dalbo-sk.com\/wp-content\/uploads\/2024\/06\/Snimka-obrazovky-2024-06-26-o-21.26.36-600x380.png 600w, https:\/\/dalbo-sk.com\/wp-content\/uploads\/2024\/06\/Snimka-obrazovky-2024-06-26-o-21.26.36.png 1424w\" sizes=\"(max-width: 1024px) 100vw, 1024px\" \/>\t\t\t\t\t\t\t\t\t\t\t\t\t\t\t<\/div>\n\t\t\t\t<\/div>\n\t\t\t\t<\/div>\n\t\t\t\t\t<\/div>\n\t\t\t\t<\/div>\n\t\t<div class=\"elementor-element elementor-element-91bc8f8 e-flex e-con-boxed e-con e-parent\" data-id=\"91bc8f8\" data-element_type=\"container\">\n\t\t\t\t\t<div class=\"e-con-inner\">\n\t\t<div class=\"elementor-element elementor-element-97e1823 e-con-full e-flex e-con e-child\" data-id=\"97e1823\" data-element_type=\"container\">\n\t\t\t\t<div class=\"elementor-element elementor-element-f8c1ffa elementor-widget elementor-widget-image\" data-id=\"f8c1ffa\" data-element_type=\"widget\" data-widget_type=\"image.default\">\n\t\t\t\t<div class=\"elementor-widget-container\">\n\t\t\t\t\t\t\t\t\t\t\t\t\t\t\t<img loading=\"lazy\" decoding=\"async\" width=\"1024\" height=\"723\" src=\"https:\/\/dalbo-sk.com\/wp-content\/uploads\/2024\/06\/Snimka-obrazovky-2024-06-26-o-21.27.55-1024x723.png\" class=\"attachment-large size-large wp-image-2710\" alt=\"\" srcset=\"https:\/\/dalbo-sk.com\/wp-content\/uploads\/2024\/06\/Snimka-obrazovky-2024-06-26-o-21.27.55-1024x723.png 1024w, https:\/\/dalbo-sk.com\/wp-content\/uploads\/2024\/06\/Snimka-obrazovky-2024-06-26-o-21.27.55-300x212.png 300w, https:\/\/dalbo-sk.com\/wp-content\/uploads\/2024\/06\/Snimka-obrazovky-2024-06-26-o-21.27.55-768x542.png 768w, https:\/\/dalbo-sk.com\/wp-content\/uploads\/2024\/06\/Snimka-obrazovky-2024-06-26-o-21.27.55-600x423.png 600w, https:\/\/dalbo-sk.com\/wp-content\/uploads\/2024\/06\/Snimka-obrazovky-2024-06-26-o-21.27.55.png 1278w\" sizes=\"(max-width: 1024px) 100vw, 1024px\" \/>\t\t\t\t\t\t\t\t\t\t\t\t\t\t\t<\/div>\n\t\t\t\t<\/div>\n\t\t\t\t<\/div>\n\t\t<div class=\"elementor-element elementor-element-ccdd3c0 e-con-full e-flex e-con e-child\" data-id=\"ccdd3c0\" data-element_type=\"container\">\n\t\t\t\t<div class=\"elementor-element elementor-element-bfc74c5 elementor-widget elementor-widget-text-editor\" data-id=\"bfc74c5\" data-element_type=\"widget\" data-widget_type=\"text-editor.default\">\n\t\t\t\t<div class=\"elementor-widget-container\">\n\t\t\t\t\t\t\t\t\t<p><b><span class=\"Apple-converted-space\">\u00a0<\/span>N\u00edzka ru\u0161iv\u00e1 noha<\/b><\/p><p>Nahraden\u00edm \u201enorm\u00e1lnych n\u00f4h\u201c nohami s n\u00edzkym vyru\u0161ovan\u00edm sa dosiahne \u0161etrn\u00e9 spracovanie p\u00f4dy \u2013 p\u00f4da sa nadvihne bez toho, aby bola naru\u0161en\u00e1.<\/p>\t\t\t\t\t\t\t\t<\/div>\n\t\t\t\t<\/div>\n\t\t\t\t<\/div>\n\t\t\t\t\t<\/div>\n\t\t\t\t<\/div>\n\t\t\t\t<\/div>\n\t\t","protected":false},"excerpt":{"rendered":"<p>SUPERMAX 250-300 SUPERMAX je jednoprejazdov\u00fd kultiv\u00e1tor ur\u010den\u00fd na elimin\u00e1ciu zhut\u0148ovania &#8211; ide\u00e1lne rie\u0161enie pre\u00a0 intenz\u00edvne obr\u00e1banie p\u00f4dy bez orby. Technick\u00e9 parametre Jednoprejazdov\u00fd kultiv\u00e1tor SUPERMAX je navrhnut\u00fd tak, aby eliminoval zhut\u0148ovanie a kultiv\u00e1ciu pomocou 1 radu \u0165a\u017ek\u00fdch podr\u00fdvac\u00edch n\u00f4h, po ktor\u00fdch nasleduj\u00fa 2 rady pru\u017einov\u00fdch diskov s priemerom 520 mm a konsolid\u00e1ciu pomocou 600 mm podvozkov\u00e9ho&#8230;<\/p>\n","protected":false},"author":1,"featured_media":0,"parent":0,"menu_order":0,"comment_status":"closed","ping_status":"closed","template":"","meta":{"om_disable_all_campaigns":false,"_monsterinsights_skip_tracking":false,"_monsterinsights_sitenote_active":false,"_monsterinsights_sitenote_note":"","_monsterinsights_sitenote_category":0,"_kad_post_transparent":"","_kad_post_title":"hide","_kad_post_layout":"fullwidth","_kad_post_sidebar_id":"","_kad_post_content_style":"unboxed","_kad_post_vertical_padding":"hide","_kad_post_feature":"hide","_kad_post_feature_position":"","_kad_post_header":false,"_kad_post_footer":false,"footnotes":""},"class_list":["post-2701","page","type-page","status-publish","hentry"],"aioseo_notices":[],"_links":{"self":[{"href":"https:\/\/dalbo-sk.com\/index.php\/wp-json\/wp\/v2\/pages\/2701"}],"collection":[{"href":"https:\/\/dalbo-sk.com\/index.php\/wp-json\/wp\/v2\/pages"}],"about":[{"href":"https:\/\/dalbo-sk.com\/index.php\/wp-json\/wp\/v2\/types\/page"}],"author":[{"embeddable":true,"href":"https:\/\/dalbo-sk.com\/index.php\/wp-json\/wp\/v2\/users\/1"}],"replies":[{"embeddable":true,"href":"https:\/\/dalbo-sk.com\/index.php\/wp-json\/wp\/v2\/comments?post=2701"}],"version-history":[{"count":4,"href":"https:\/\/dalbo-sk.com\/index.php\/wp-json\/wp\/v2\/pages\/2701\/revisions"}],"predecessor-version":[{"id":2713,"href":"https:\/\/dalbo-sk.com\/index.php\/wp-json\/wp\/v2\/pages\/2701\/revisions\/2713"}],"wp:attachment":[{"href":"https:\/\/dalbo-sk.com\/index.php\/wp-json\/wp\/v2\/media?parent=2701"}],"curies":[{"name":"wp","href":"https:\/\/api.w.org\/{rel}","templated":true}]}}