{"id":2690,"date":"2024-06-25T22:04:03","date_gmt":"2024-06-25T20:04:03","guid":{"rendered":"https:\/\/dalbo-sk.com\/?page_id=2690"},"modified":"2024-06-25T22:14:39","modified_gmt":"2024-06-25T20:14:39","slug":"trimax-trailed-520-630","status":"publish","type":"page","link":"https:\/\/dalbo-sk.com\/index.php\/trimax-trailed-520-630\/","title":{"rendered":"TRIMAX trailed 520-630"},"content":{"rendered":"\t\t<div data-elementor-type=\"wp-page\" data-elementor-id=\"2690\" class=\"elementor elementor-2690\">\n\t\t\t\t<div class=\"elementor-element elementor-element-0bd2945 e-flex e-con-boxed e-con e-parent\" data-id=\"0bd2945\" data-element_type=\"container\">\n\t\t\t\t\t<div class=\"e-con-inner\">\n\t\t\t\t<div class=\"elementor-element elementor-element-fd99edb elementor-widget elementor-widget-text-editor\" data-id=\"fd99edb\" data-element_type=\"widget\" data-widget_type=\"text-editor.default\">\n\t\t\t\t<div class=\"elementor-widget-container\">\n\t\t\t\t\t\t\t\t\t<p>TRIMAX trailed 520-630<\/p><p>\u0164ahan\u00fd kultiv\u00e1tor TRIMAX bol vyvinut\u00fd ako v\u00fdsledok zvy\u0161uj\u00faceho sa dopytu po n\u00e1rad\u00ed s ve\u013ekou pracovnou \u0161\u00edrkou a DALBO skon\u0161truovalo \u0165ahan\u00fd variant so v\u0161etk\u00fdmi vynikaj\u00facimi vlastnos\u0165ami zn\u00e1mej verzie so zdvih\u00e1kom a \u010fal\u0161\u00edmi.<\/p><p>TRIMAX je prelomov\u00fd v tom, \u017ee m\u00e1 najv\u00e4\u010d\u0161iu svetl\u00fa v\u00fd\u0161ku na trhu 90 cm, ako aj jedine\u010dn\u00fa 3D ochranu proti kame\u0148om vyvinut\u00fa spolo\u010dnos\u0165ou DALBO.<\/p>\t\t\t\t\t\t\t\t<\/div>\n\t\t\t\t<\/div>\n\t\t\t\t\t<\/div>\n\t\t\t\t<\/div>\n\t\t<div class=\"elementor-element elementor-element-9dd0e75 e-flex e-con-boxed e-con e-parent\" data-id=\"9dd0e75\" data-element_type=\"container\">\n\t\t\t\t\t<div class=\"e-con-inner\">\n\t\t\t\t<div class=\"elementor-element elementor-element-33fdf01 elementor-widget elementor-widget-image\" data-id=\"33fdf01\" data-element_type=\"widget\" data-widget_type=\"image.default\">\n\t\t\t\t<div class=\"elementor-widget-container\">\n\t\t\t\t\t\t\t\t\t\t\t\t\t\t\t<img fetchpriority=\"high\" decoding=\"async\" width=\"1024\" height=\"364\" src=\"https:\/\/dalbo-sk.com\/wp-content\/uploads\/2024\/06\/Snimka-obrazovky-2024-06-25-o-21.49.35-1024x364.png\" class=\"attachment-large size-large wp-image-2692\" alt=\"\" srcset=\"https:\/\/dalbo-sk.com\/wp-content\/uploads\/2024\/06\/Snimka-obrazovky-2024-06-25-o-21.49.35-1024x364.png 1024w, https:\/\/dalbo-sk.com\/wp-content\/uploads\/2024\/06\/Snimka-obrazovky-2024-06-25-o-21.49.35-300x107.png 300w, https:\/\/dalbo-sk.com\/wp-content\/uploads\/2024\/06\/Snimka-obrazovky-2024-06-25-o-21.49.35-768x273.png 768w, https:\/\/dalbo-sk.com\/wp-content\/uploads\/2024\/06\/Snimka-obrazovky-2024-06-25-o-21.49.35-1536x546.png 1536w, https:\/\/dalbo-sk.com\/wp-content\/uploads\/2024\/06\/Snimka-obrazovky-2024-06-25-o-21.49.35-2048x728.png 2048w, https:\/\/dalbo-sk.com\/wp-content\/uploads\/2024\/06\/Snimka-obrazovky-2024-06-25-o-21.49.35-600x213.png 600w\" sizes=\"(max-width: 1024px) 100vw, 1024px\" \/>\t\t\t\t\t\t\t\t\t\t\t\t\t\t\t<\/div>\n\t\t\t\t<\/div>\n\t\t\t\t\t<\/div>\n\t\t\t\t<\/div>\n\t\t<div class=\"elementor-element elementor-element-e4df3ca e-flex e-con-boxed e-con e-parent\" data-id=\"e4df3ca\" data-element_type=\"container\">\n\t\t\t\t\t<div class=\"e-con-inner\">\n\t\t\t\t<div class=\"elementor-element elementor-element-e2cfc1a elementor-widget elementor-widget-heading\" data-id=\"e2cfc1a\" data-element_type=\"widget\" data-widget_type=\"heading.default\">\n\t\t\t\t<div class=\"elementor-widget-container\">\n\t\t\t\t\t<h2 class=\"elementor-heading-title elementor-size-default\">Technick\u00e9 parametre<\/h2>\t\t\t\t<\/div>\n\t\t\t\t<\/div>\n\t\t\t\t\t<\/div>\n\t\t\t\t<\/div>\n\t\t<div class=\"elementor-element elementor-element-a4a0ad3 e-con-full e-flex e-con e-parent\" data-id=\"a4a0ad3\" data-element_type=\"container\">\n\t\t\t\t<div class=\"elementor-element elementor-element-77c2f0f elementor-widget elementor-widget-image\" data-id=\"77c2f0f\" data-element_type=\"widget\" data-widget_type=\"image.default\">\n\t\t\t\t<div class=\"elementor-widget-container\">\n\t\t\t\t\t\t\t\t\t\t\t\t\t\t\t<img decoding=\"async\" width=\"981\" height=\"1024\" src=\"https:\/\/dalbo-sk.com\/wp-content\/uploads\/2024\/06\/Snimka-obrazovky-2024-06-25-o-22.08.37-981x1024.png\" class=\"attachment-large size-large wp-image-2694\" alt=\"\" srcset=\"https:\/\/dalbo-sk.com\/wp-content\/uploads\/2024\/06\/Snimka-obrazovky-2024-06-25-o-22.08.37-981x1024.png 981w, https:\/\/dalbo-sk.com\/wp-content\/uploads\/2024\/06\/Snimka-obrazovky-2024-06-25-o-22.08.37-287x300.png 287w, https:\/\/dalbo-sk.com\/wp-content\/uploads\/2024\/06\/Snimka-obrazovky-2024-06-25-o-22.08.37-768x802.png 768w, https:\/\/dalbo-sk.com\/wp-content\/uploads\/2024\/06\/Snimka-obrazovky-2024-06-25-o-22.08.37-600x626.png 600w, https:\/\/dalbo-sk.com\/wp-content\/uploads\/2024\/06\/Snimka-obrazovky-2024-06-25-o-22.08.37.png 1226w\" sizes=\"(max-width: 981px) 100vw, 981px\" \/>\t\t\t\t\t\t\t\t\t\t\t\t\t\t\t<\/div>\n\t\t\t\t<\/div>\n\t\t\t\t<\/div>\n\t\t<div class=\"elementor-element elementor-element-788c8af e-flex e-con-boxed e-con e-parent\" data-id=\"788c8af\" data-element_type=\"container\">\n\t\t\t\t\t<div class=\"e-con-inner\">\n\t\t<div class=\"elementor-element elementor-element-6c32cc6 e-con-full e-flex e-con e-child\" data-id=\"6c32cc6\" data-element_type=\"container\">\n\t\t\t\t<div class=\"elementor-element elementor-element-60cfd1f elementor-widget elementor-widget-text-editor\" data-id=\"60cfd1f\" data-element_type=\"widget\" data-widget_type=\"text-editor.default\">\n\t\t\t\t<div class=\"elementor-widget-container\">\n\t\t\t\t\t\t\t\t\t<p>N\u00e1\u0161 \u0165ahan\u00fd podmieta\u010d TRIMAX je zn\u00e1my svojim vynikaj\u00facim zapracovan\u00edm strniska a p\u00f4dy a je fantastick\u00fdm rie\u0161en\u00edm pre v\u00e4\u010d\u0161ie farmy.<span style=\"text-align: var(--text-align); font-family: var(--global-body-font-family);\">Je vybaven\u00e1 ve\u013emi robustn\u00fdm a vysok\u00fdm r\u00e1mom<\/span><span style=\"text-align: var(--text-align); font-family: var(--global-body-font-family);\">kon\u0161trukcia so svetlou v\u00fd\u0161kou 90 cm, ktor\u00e1 u\u013eah\u010duje pr\u00e1cu na strnisk\u00e1ch s ve\u013ek\u00fdm mno\u017estvom slamy, preto\u017ee sa kultiv\u00e1tor neblokuje.<\/span><span style=\"text-align: var(--text-align); font-family: var(--global-body-font-family);\">Je tie\u017e vynikaj\u00faci na prer\u00e1\u017eanie oranou p\u00f4dou, ke\u010f je mo\u017en\u00e9 pracova\u0165 v h\u013abke.<\/span><span style=\"font-family: var(--global-body-font-family); text-align: var(--text-align);\">TRIMAX je vybaven\u00fd \u0161peci\u00e1lne navrhnut\u00fdm 3D hydraulicky\u00a0<\/span><span style=\"text-align: var(--text-align); font-family: var(--global-body-font-family);\">odpru\u017een\u00e9 hroty, ktor\u00e9 chr\u00e1nia r\u00e1my a ostatn\u00e9 mechanick\u00e9 \u010dasti kultiv\u00e1tora.\u00a0<\/span><span style=\"text-align: var(--text-align); font-family: var(--global-body-font-family);\">Po hrotoch sa zem urovn\u00e1 pomocou odpru\u017een\u00fdch pru\u017e\u00edn\u00a0<\/span><span style=\"font-family: var(--global-body-font-family); text-align: var(--text-align);\">disky. Kot\u00fa\u010de s\u00fa mechanicky nastavovan\u00e9 a zanech\u00e1vaj\u00fa rovn\u00fd povrch za hrotmi br\u00e1ny. Nakoniec je tu klietkov\u00fd valec podvozku s T-kr\u00fa\u017ekom \u00d8 600 mm, ktor\u00fd rozdrv\u00ed v\u0161etky hrudky zanechan\u00e9 kultiv\u00e1torom a unesie jeho hmotnos\u0165.\u00a0<\/span><span style=\"font-family: var(--global-body-font-family); text-align: var(--text-align);\">Potreba v\u00fdkonu z\u00e1vis\u00ed od h\u013abky kultiv\u00e1tora a typu p\u00f4dy. Potreba energie cca. 60 hp na meter pracovnej \u0161\u00edrky sa odpor\u00fa\u010da pri kultiv\u00e1cii r\u00fdchlos\u0165ou 8-12 km za hodinu za norm\u00e1lnych p\u00f4dnych podmienok, ale menej bude potrebn\u00e9 pri obr\u00e1ban\u00ed strniska na \u013eah\u0161\u00edch typoch p\u00f4dy.<\/span><\/p>\t\t\t\t\t\t\t\t<\/div>\n\t\t\t\t<\/div>\n\t\t\t\t<\/div>\n\t\t<div class=\"elementor-element elementor-element-61aa842 e-con-full e-flex e-con e-child\" data-id=\"61aa842\" data-element_type=\"container\">\n\t\t\t\t<div class=\"elementor-element elementor-element-115546e elementor-widget elementor-widget-image\" data-id=\"115546e\" data-element_type=\"widget\" data-widget_type=\"image.default\">\n\t\t\t\t<div class=\"elementor-widget-container\">\n\t\t\t\t\t\t\t\t\t\t\t\t\t\t\t<img decoding=\"async\" width=\"1024\" height=\"802\" src=\"https:\/\/dalbo-sk.com\/wp-content\/uploads\/2024\/06\/Snimka-obrazovky-2024-06-25-o-21.58.46-1024x802.png\" class=\"attachment-large size-large wp-image-2695\" alt=\"\" srcset=\"https:\/\/dalbo-sk.com\/wp-content\/uploads\/2024\/06\/Snimka-obrazovky-2024-06-25-o-21.58.46-1024x802.png 1024w, https:\/\/dalbo-sk.com\/wp-content\/uploads\/2024\/06\/Snimka-obrazovky-2024-06-25-o-21.58.46-300x235.png 300w, https:\/\/dalbo-sk.com\/wp-content\/uploads\/2024\/06\/Snimka-obrazovky-2024-06-25-o-21.58.46-768x601.png 768w, https:\/\/dalbo-sk.com\/wp-content\/uploads\/2024\/06\/Snimka-obrazovky-2024-06-25-o-21.58.46-600x470.png 600w, https:\/\/dalbo-sk.com\/wp-content\/uploads\/2024\/06\/Snimka-obrazovky-2024-06-25-o-21.58.46.png 1308w\" sizes=\"(max-width: 1024px) 100vw, 1024px\" \/>\t\t\t\t\t\t\t\t\t\t\t\t\t\t\t<\/div>\n\t\t\t\t<\/div>\n\t\t\t\t<\/div>\n\t\t\t\t\t<\/div>\n\t\t\t\t<\/div>\n\t\t<div class=\"elementor-element elementor-element-7493bc4 e-flex e-con-boxed e-con e-parent\" data-id=\"7493bc4\" data-element_type=\"container\">\n\t\t\t\t\t<div class=\"e-con-inner\">\n\t\t\t\t<div class=\"elementor-element elementor-element-e18126e elementor-widget elementor-widget-text-editor\" data-id=\"e18126e\" data-element_type=\"widget\" data-widget_type=\"text-editor.default\">\n\t\t\t\t<div class=\"elementor-widget-container\">\n\t\t\t\t\t\t\t\t\t<p><b>\u0160tandardn\u00e1 v\u00fdbava<\/b><\/p><ul><li>\u0160tandardn\u00e1 v\u00fdbava TRIMAX<\/li><li>Plne hydraulick\u00e9 skladanie a rozkladanie sekci\u00ed. Prep\u00ednanie z<\/li><li>jazda po cest\u00e1ch do po\u013enej prev\u00e1dzky bez opustenia traktora.<\/li><li>LED osvetlenie.<\/li><li>Funkcia v\u00fd\u0165ahu<\/li><li>50 x 20 obojstrann\u00fdch bodov.<\/li><li>Z\u00fabkovan\u00e9 mie\u0161acie kot\u00fa\u010de vr\u00e1t. bo\u010dn\u00fd disk.<\/li><li>3D ochrana proti kame\u0148om alebo stri\u017en\u00e9 skrutky (stri\u017en\u00e9 skrutky s\u00fa k dispoz\u00edcii len pri pracovnej \u0161\u00edrke 300 a 470).<\/li><li>Hydraulick\u00e9 brzdy, volite\u013en\u00e9 pre 520.<\/li><li>Hydraulick\u00e9 nastavenie h\u013abky pomocou hydraulick\u00fdch klipov.<\/li><li>Koles\u00e1 600\/50&#215;22 TWIN.<\/li><li>T-kr\u00fa\u017ekov\u00fd paker \u00d8600 mm (podvozok).<\/li><\/ul>\t\t\t\t\t\t\t\t<\/div>\n\t\t\t\t<\/div>\n\t\t\t\t\t<\/div>\n\t\t\t\t<\/div>\n\t\t<div class=\"elementor-element elementor-element-ce68da8 e-flex e-con-boxed e-con e-parent\" data-id=\"ce68da8\" data-element_type=\"container\">\n\t\t\t\t\t<div class=\"e-con-inner\">\n\t\t<div class=\"elementor-element elementor-element-041bcb8 e-con-full e-flex e-con e-child\" data-id=\"041bcb8\" data-element_type=\"container\">\n\t\t\t\t<div class=\"elementor-element elementor-element-99c62f5 elementor-widget elementor-widget-text-editor\" data-id=\"99c62f5\" data-element_type=\"widget\" data-widget_type=\"text-editor.default\">\n\t\t\t\t<div class=\"elementor-widget-container\">\n\t\t\t\t\t\t\t\t\t<p><b>Hydraulick\u00fd 3D chr\u00e1ni\u010d kame\u0148ov<\/b><\/p><p>TRIMAX je vybaven\u00fd \u0161peci\u00e1lne navrhnut\u00fdmi 3D hydraulicky odpru\u017een\u00fdmi prstami. Tieto s\u00fa namontovan\u00e9 s rozstupom hrotov 275 mm, ktor\u00fd je rozmiestnen\u00fd v 3 radoch a so 70 cm medzi radmi.<\/p><p>3D ochrana proti kame\u0148om zais\u0165uje ochranu hrotov pri prejazde kame\u0148mi a pom\u00e1ha zmierni\u0165 ve\u013ek\u00e9 za\u0165a\u017eenie kon\u0161trukcie r\u00e1mu br\u00e1ny a in\u00fdch mechanick\u00fdch \u010dast\u00ed.<\/p><p>3D ochrana proti kame\u0148om umo\u017e\u0148uje pos\u00favanie hrotu o 40 cm nahor a 15 cm do strany pri prejazde v\u00e4\u010d\u0161\u00edch kame\u0148ov a syst\u00e9m je postaven\u00fd na<\/p><p>oto\u010dn\u00e1 konzola podopret\u00e1 hydraulick\u00fdm piestom.<\/p>\t\t\t\t\t\t\t\t<\/div>\n\t\t\t\t<\/div>\n\t\t\t\t<\/div>\n\t\t<div class=\"elementor-element elementor-element-78d9c65 e-con-full e-flex e-con e-child\" data-id=\"78d9c65\" data-element_type=\"container\">\n\t\t\t\t<div class=\"elementor-element elementor-element-88bb264 elementor-widget elementor-widget-image\" data-id=\"88bb264\" data-element_type=\"widget\" data-widget_type=\"image.default\">\n\t\t\t\t<div class=\"elementor-widget-container\">\n\t\t\t\t\t\t\t\t\t\t\t\t\t\t\t<img loading=\"lazy\" decoding=\"async\" width=\"1024\" height=\"673\" src=\"https:\/\/dalbo-sk.com\/wp-content\/uploads\/2024\/06\/Snimka-obrazovky-2024-06-25-o-21.11.17-1024x673.png\" class=\"attachment-large size-large wp-image-2684\" alt=\"\" srcset=\"https:\/\/dalbo-sk.com\/wp-content\/uploads\/2024\/06\/Snimka-obrazovky-2024-06-25-o-21.11.17-1024x673.png 1024w, https:\/\/dalbo-sk.com\/wp-content\/uploads\/2024\/06\/Snimka-obrazovky-2024-06-25-o-21.11.17-300x197.png 300w, https:\/\/dalbo-sk.com\/wp-content\/uploads\/2024\/06\/Snimka-obrazovky-2024-06-25-o-21.11.17-768x505.png 768w, https:\/\/dalbo-sk.com\/wp-content\/uploads\/2024\/06\/Snimka-obrazovky-2024-06-25-o-21.11.17-600x394.png 600w, https:\/\/dalbo-sk.com\/wp-content\/uploads\/2024\/06\/Snimka-obrazovky-2024-06-25-o-21.11.17.png 1430w\" sizes=\"(max-width: 1024px) 100vw, 1024px\" \/>\t\t\t\t\t\t\t\t\t\t\t\t\t\t\t<\/div>\n\t\t\t\t<\/div>\n\t\t\t\t<\/div>\n\t\t\t\t\t<\/div>\n\t\t\t\t<\/div>\n\t\t<div class=\"elementor-element elementor-element-97781ae e-flex e-con-boxed e-con e-parent\" data-id=\"97781ae\" data-element_type=\"container\">\n\t\t\t\t\t<div class=\"e-con-inner\">\n\t\t<div class=\"elementor-element elementor-element-878cf38 e-con-full e-flex e-con e-child\" data-id=\"878cf38\" data-element_type=\"container\">\n\t\t\t\t<div class=\"elementor-element elementor-element-4ad260d elementor-widget elementor-widget-image\" data-id=\"4ad260d\" data-element_type=\"widget\" data-widget_type=\"image.default\">\n\t\t\t\t<div class=\"elementor-widget-container\">\n\t\t\t\t\t\t\t\t\t\t\t\t\t\t\t<img loading=\"lazy\" decoding=\"async\" width=\"1024\" height=\"593\" src=\"https:\/\/dalbo-sk.com\/wp-content\/uploads\/2024\/06\/Snimka-obrazovky-2024-06-25-o-22.01.37-1024x593.png\" class=\"attachment-large size-large wp-image-2696\" alt=\"\" srcset=\"https:\/\/dalbo-sk.com\/wp-content\/uploads\/2024\/06\/Snimka-obrazovky-2024-06-25-o-22.01.37-1024x593.png 1024w, https:\/\/dalbo-sk.com\/wp-content\/uploads\/2024\/06\/Snimka-obrazovky-2024-06-25-o-22.01.37-300x174.png 300w, https:\/\/dalbo-sk.com\/wp-content\/uploads\/2024\/06\/Snimka-obrazovky-2024-06-25-o-22.01.37-768x445.png 768w, https:\/\/dalbo-sk.com\/wp-content\/uploads\/2024\/06\/Snimka-obrazovky-2024-06-25-o-22.01.37-600x348.png 600w, https:\/\/dalbo-sk.com\/wp-content\/uploads\/2024\/06\/Snimka-obrazovky-2024-06-25-o-22.01.37.png 1426w\" sizes=\"(max-width: 1024px) 100vw, 1024px\" \/>\t\t\t\t\t\t\t\t\t\t\t\t\t\t\t<\/div>\n\t\t\t\t<\/div>\n\t\t\t\t<\/div>\n\t\t<div class=\"elementor-element elementor-element-8f9932f e-con-full e-flex e-con e-child\" data-id=\"8f9932f\" data-element_type=\"container\">\n\t\t\t\t<div class=\"elementor-element elementor-element-a62ad08 elementor-widget elementor-widget-text-editor\" data-id=\"a62ad08\" data-element_type=\"widget\" data-widget_type=\"text-editor.default\">\n\t\t\t\t<div class=\"elementor-widget-container\">\n\t\t\t\t\t\t\t\t\t<p><b>Nastavenie h\u013abky<\/b><\/p><p>Optim\u00e1lne obr\u00e1banie p\u00f4dy, premie\u0161avanie p\u00f4dy a rastlinn\u00fdch zvy\u0161kov je zabezpe\u010den\u00e9 nastaven\u00edm spr\u00e1vnej h\u013abky kultiv\u00e1cie.<\/p><p>H\u013abka na \u0165ahanom TRIMAXe sa nastavuje nastaven\u00edm oporn\u00fdch kolies v prednej \u010dasti kultiv\u00e1tora a nastaven\u00edm v\u00fd\u0161ky podvozkov\u00e9ho T-kr\u00fa\u017ekov\u00e9ho pakru. To sa dosahuje pomocou<span class=\"Apple-converted-space\">\u00a0 <\/span>obmedzova\u010dov zdvihu na valcoch.<\/p>\t\t\t\t\t\t\t\t<\/div>\n\t\t\t\t<\/div>\n\t\t\t\t<\/div>\n\t\t\t\t\t<\/div>\n\t\t\t\t<\/div>\n\t\t<div class=\"elementor-element elementor-element-ad58c48 e-flex e-con-boxed e-con e-parent\" data-id=\"ad58c48\" data-element_type=\"container\">\n\t\t\t\t\t<div class=\"e-con-inner\">\n\t\t\t\t<div class=\"elementor-element elementor-element-44f5389 elementor-widget elementor-widget-text-editor\" data-id=\"44f5389\" data-element_type=\"widget\" data-widget_type=\"text-editor.default\">\n\t\t\t\t<div class=\"elementor-widget-container\">\n\t\t\t\t\t\t\t\t\t<p><b>Pr\u00edslu\u0161enstvo a extra v\u00fdbava<\/b><\/p><ul><li>Seja\u010dka DALBO pre n\u00e1sledn\u00e9 plodiny a repku vr\u00e1t. 1-radov\u00e9 br\u00e1ny<\/li><li>Zdie\u013eanie kr\u00eddla<\/li><li>Hroty s tvrdokovov\u00fdm povlakom<\/li><li>Hydraulick\u00e9 brzdy na 520<\/li><li>Vzduchov\u00e9 brzdy<\/li><\/ul>\t\t\t\t\t\t\t\t<\/div>\n\t\t\t\t<\/div>\n\t\t\t\t\t<\/div>\n\t\t\t\t<\/div>\n\t\t<div class=\"elementor-element elementor-element-abdee83 e-flex e-con-boxed e-con e-parent\" data-id=\"abdee83\" data-element_type=\"container\">\n\t\t\t\t\t<div class=\"e-con-inner\">\n\t\t<div class=\"elementor-element elementor-element-f6e397b e-con-full e-flex e-con e-child\" data-id=\"f6e397b\" data-element_type=\"container\">\n\t\t\t\t<div class=\"elementor-element elementor-element-1bdf37c elementor-widget elementor-widget-video\" data-id=\"1bdf37c\" data-element_type=\"widget\" data-settings=\"{&quot;youtube_url&quot;:&quot;https:\\\/\\\/youtu.be\\\/BWX10g8bptk&quot;,&quot;video_type&quot;:&quot;youtube&quot;,&quot;controls&quot;:&quot;yes&quot;}\" data-widget_type=\"video.default\">\n\t\t\t\t<div class=\"elementor-widget-container\">\n\t\t\t\t\t\t\t<div class=\"elementor-wrapper elementor-open-inline\">\n\t\t\t<div class=\"elementor-video\"><\/div>\t\t<\/div>\n\t\t\t\t\t\t<\/div>\n\t\t\t\t<\/div>\n\t\t\t\t<\/div>\n\t\t<div class=\"elementor-element elementor-element-363fb0e e-con-full e-flex e-con e-child\" data-id=\"363fb0e\" data-element_type=\"container\">\n\t\t\t\t<div class=\"elementor-element elementor-element-01b7e86 elementor-widget elementor-widget-video\" data-id=\"01b7e86\" data-element_type=\"widget\" data-settings=\"{&quot;youtube_url&quot;:&quot;https:\\\/\\\/youtu.be\\\/3oPnasM-D7U&quot;,&quot;video_type&quot;:&quot;youtube&quot;,&quot;controls&quot;:&quot;yes&quot;}\" data-widget_type=\"video.default\">\n\t\t\t\t<div class=\"elementor-widget-container\">\n\t\t\t\t\t\t\t<div class=\"elementor-wrapper elementor-open-inline\">\n\t\t\t<div class=\"elementor-video\"><\/div>\t\t<\/div>\n\t\t\t\t\t\t<\/div>\n\t\t\t\t<\/div>\n\t\t\t\t<\/div>\n\t\t\t\t\t<\/div>\n\t\t\t\t<\/div>\n\t\t\t\t<\/div>\n\t\t","protected":false},"excerpt":{"rendered":"<p>TRIMAX trailed 520-630 \u0164ahan\u00fd kultiv\u00e1tor TRIMAX bol vyvinut\u00fd ako v\u00fdsledok zvy\u0161uj\u00faceho sa dopytu po n\u00e1rad\u00ed s ve\u013ekou pracovnou \u0161\u00edrkou a DALBO skon\u0161truovalo \u0165ahan\u00fd variant so v\u0161etk\u00fdmi vynikaj\u00facimi vlastnos\u0165ami zn\u00e1mej verzie so zdvih\u00e1kom a \u010fal\u0161\u00edmi. TRIMAX je prelomov\u00fd v tom, \u017ee m\u00e1 najv\u00e4\u010d\u0161iu svetl\u00fa v\u00fd\u0161ku na trhu 90 cm, ako aj jedine\u010dn\u00fa 3D ochranu proti kame\u0148om&#8230;<\/p>\n","protected":false},"author":1,"featured_media":0,"parent":0,"menu_order":0,"comment_status":"closed","ping_status":"closed","template":"","meta":{"om_disable_all_campaigns":false,"_monsterinsights_skip_tracking":false,"_monsterinsights_sitenote_active":false,"_monsterinsights_sitenote_note":"","_monsterinsights_sitenote_category":0,"_kad_post_transparent":"","_kad_post_title":"hide","_kad_post_layout":"fullwidth","_kad_post_sidebar_id":"","_kad_post_content_style":"unboxed","_kad_post_vertical_padding":"hide","_kad_post_feature":"hide","_kad_post_feature_position":"","_kad_post_header":false,"_kad_post_footer":false,"footnotes":""},"class_list":["post-2690","page","type-page","status-publish","hentry"],"aioseo_notices":[],"_links":{"self":[{"href":"https:\/\/dalbo-sk.com\/index.php\/wp-json\/wp\/v2\/pages\/2690"}],"collection":[{"href":"https:\/\/dalbo-sk.com\/index.php\/wp-json\/wp\/v2\/pages"}],"about":[{"href":"https:\/\/dalbo-sk.com\/index.php\/wp-json\/wp\/v2\/types\/page"}],"author":[{"embeddable":true,"href":"https:\/\/dalbo-sk.com\/index.php\/wp-json\/wp\/v2\/users\/1"}],"replies":[{"embeddable":true,"href":"https:\/\/dalbo-sk.com\/index.php\/wp-json\/wp\/v2\/comments?post=2690"}],"version-history":[{"count":4,"href":"https:\/\/dalbo-sk.com\/index.php\/wp-json\/wp\/v2\/pages\/2690\/revisions"}],"predecessor-version":[{"id":2699,"href":"https:\/\/dalbo-sk.com\/index.php\/wp-json\/wp\/v2\/pages\/2690\/revisions\/2699"}],"wp:attachment":[{"href":"https:\/\/dalbo-sk.com\/index.php\/wp-json\/wp\/v2\/media?parent=2690"}],"curies":[{"name":"wp","href":"https:\/\/api.w.org\/{rel}","templated":true}]}}