{"id":2675,"date":"2024-06-25T21:16:13","date_gmt":"2024-06-25T19:16:13","guid":{"rendered":"https:\/\/dalbo-sk.com\/?page_id=2675"},"modified":"2024-06-25T21:46:24","modified_gmt":"2024-06-25T19:46:24","slug":"trimax-lift-300-520","status":"publish","type":"page","link":"https:\/\/dalbo-sk.com\/index.php\/trimax-lift-300-520\/","title":{"rendered":"TRIMAX lift 300-520"},"content":{"rendered":"\t\t<div data-elementor-type=\"wp-page\" data-elementor-id=\"2675\" class=\"elementor elementor-2675\">\n\t\t\t\t<div class=\"elementor-element elementor-element-68be603 e-flex e-con-boxed e-con e-parent\" data-id=\"68be603\" data-element_type=\"container\">\n\t\t\t\t\t<div class=\"e-con-inner\">\n\t\t\t\t<div class=\"elementor-element elementor-element-1e198d3 elementor-widget elementor-widget-text-editor\" data-id=\"1e198d3\" data-element_type=\"widget\" data-widget_type=\"text-editor.default\">\n\t\t\t\t<div class=\"elementor-widget-container\">\n\t\t\t\t\t\t\t\t\t<p><b>TRIMAX lift 300-520<\/b><\/p><p>Podmieta\u010d TRIMAX je zn\u00e1my svojim p\u00f4sobiv\u00fdm efektom mie\u0161ania strniska a p\u00f4dy a z\u00e1rove\u0148 poskytuje pekn\u00fd a rovn\u00fd povrch osivov\u00e9ho l\u00f4\u017eka, ktor\u00fd u\u013eah\u010duje nasleduj\u00facu pr\u00e1cu. TRIMAX je prelomov\u00fd v tom, \u017ee m\u00e1 najv\u00e4\u010d\u0161iu svetl\u00fa v\u00fd\u0161ku na trhu 90 cm a jedine\u010dn\u00fd 3D chr\u00e1ni\u010d kame\u0148ov vyvinut\u00fd spolo\u010dnos\u0165ou DALBO.<\/p>\t\t\t\t\t\t\t\t<\/div>\n\t\t\t\t<\/div>\n\t\t\t\t\t<\/div>\n\t\t\t\t<\/div>\n\t\t<div class=\"elementor-element elementor-element-1b50692 e-flex e-con-boxed e-con e-parent\" data-id=\"1b50692\" data-element_type=\"container\">\n\t\t\t\t\t<div class=\"e-con-inner\">\n\t\t\t\t<div class=\"elementor-element elementor-element-c4e376c elementor-widget elementor-widget-image\" data-id=\"c4e376c\" data-element_type=\"widget\" data-widget_type=\"image.default\">\n\t\t\t\t<div class=\"elementor-widget-container\">\n\t\t\t\t\t\t\t\t\t\t\t\t\t\t\t<img fetchpriority=\"high\" decoding=\"async\" width=\"1024\" height=\"358\" src=\"https:\/\/dalbo-sk.com\/wp-content\/uploads\/2024\/06\/Snimka-obrazovky-2024-06-25-o-20.34.28-1024x358.png\" class=\"attachment-large size-large wp-image-2678\" alt=\"\" srcset=\"https:\/\/dalbo-sk.com\/wp-content\/uploads\/2024\/06\/Snimka-obrazovky-2024-06-25-o-20.34.28-1024x358.png 1024w, https:\/\/dalbo-sk.com\/wp-content\/uploads\/2024\/06\/Snimka-obrazovky-2024-06-25-o-20.34.28-300x105.png 300w, https:\/\/dalbo-sk.com\/wp-content\/uploads\/2024\/06\/Snimka-obrazovky-2024-06-25-o-20.34.28-768x269.png 768w, https:\/\/dalbo-sk.com\/wp-content\/uploads\/2024\/06\/Snimka-obrazovky-2024-06-25-o-20.34.28-1536x537.png 1536w, https:\/\/dalbo-sk.com\/wp-content\/uploads\/2024\/06\/Snimka-obrazovky-2024-06-25-o-20.34.28-2048x716.png 2048w, https:\/\/dalbo-sk.com\/wp-content\/uploads\/2024\/06\/Snimka-obrazovky-2024-06-25-o-20.34.28-600x210.png 600w\" sizes=\"(max-width: 1024px) 100vw, 1024px\" \/>\t\t\t\t\t\t\t\t\t\t\t\t\t\t\t<\/div>\n\t\t\t\t<\/div>\n\t\t\t\t\t<\/div>\n\t\t\t\t<\/div>\n\t\t<div class=\"elementor-element elementor-element-a32c888 e-flex e-con-boxed e-con e-parent\" data-id=\"a32c888\" data-element_type=\"container\">\n\t\t\t\t\t<div class=\"e-con-inner\">\n\t\t\t\t<div class=\"elementor-element elementor-element-1fee9fc elementor-widget elementor-widget-heading\" data-id=\"1fee9fc\" data-element_type=\"widget\" data-widget_type=\"heading.default\">\n\t\t\t\t<div class=\"elementor-widget-container\">\n\t\t\t\t\t<h2 class=\"elementor-heading-title elementor-size-default\">Technick\u00e9 d\u00e1ta<\/h2>\t\t\t\t<\/div>\n\t\t\t\t<\/div>\n\t\t\t\t\t<\/div>\n\t\t\t\t<\/div>\n\t\t<div class=\"elementor-element elementor-element-92c8f4f e-con-full e-flex e-con e-parent\" data-id=\"92c8f4f\" data-element_type=\"container\">\n\t\t\t\t<div class=\"elementor-element elementor-element-3a88a41 elementor-widget elementor-widget-image\" data-id=\"3a88a41\" data-element_type=\"widget\" data-widget_type=\"image.default\">\n\t\t\t\t<div class=\"elementor-widget-container\">\n\t\t\t\t\t\t\t\t\t\t\t\t\t\t\t<img decoding=\"async\" width=\"803\" height=\"1024\" src=\"https:\/\/dalbo-sk.com\/wp-content\/uploads\/2024\/06\/Snimka-obrazovky-2024-06-25-o-21.15.38-803x1024.png\" class=\"attachment-large size-large wp-image-2679\" alt=\"\" srcset=\"https:\/\/dalbo-sk.com\/wp-content\/uploads\/2024\/06\/Snimka-obrazovky-2024-06-25-o-21.15.38-803x1024.png 803w, https:\/\/dalbo-sk.com\/wp-content\/uploads\/2024\/06\/Snimka-obrazovky-2024-06-25-o-21.15.38-235x300.png 235w, https:\/\/dalbo-sk.com\/wp-content\/uploads\/2024\/06\/Snimka-obrazovky-2024-06-25-o-21.15.38-768x979.png 768w, https:\/\/dalbo-sk.com\/wp-content\/uploads\/2024\/06\/Snimka-obrazovky-2024-06-25-o-21.15.38-1205x1536.png 1205w, https:\/\/dalbo-sk.com\/wp-content\/uploads\/2024\/06\/Snimka-obrazovky-2024-06-25-o-21.15.38-600x765.png 600w, https:\/\/dalbo-sk.com\/wp-content\/uploads\/2024\/06\/Snimka-obrazovky-2024-06-25-o-21.15.38.png 1216w\" sizes=\"(max-width: 803px) 100vw, 803px\" \/>\t\t\t\t\t\t\t\t\t\t\t\t\t\t\t<\/div>\n\t\t\t\t<\/div>\n\t\t\t\t<\/div>\n\t\t<div class=\"elementor-element elementor-element-cfe1200 e-flex e-con-boxed e-con e-parent\" data-id=\"cfe1200\" data-element_type=\"container\">\n\t\t\t\t\t<div class=\"e-con-inner\">\n\t\t<div class=\"elementor-element elementor-element-d83d7f2 e-con-full e-flex e-con e-child\" data-id=\"d83d7f2\" data-element_type=\"container\">\n\t\t\t\t<div class=\"elementor-element elementor-element-bb2dd8d elementor-widget elementor-widget-text-editor\" data-id=\"bb2dd8d\" data-element_type=\"widget\" data-widget_type=\"text-editor.default\">\n\t\t\t\t<div class=\"elementor-widget-container\">\n\t\t\t\t\t\t\t\t\t<p>N\u00e1\u0161 namontovan\u00fd TRIMAX je dokonal\u00fdm rie\u0161en\u00edm pre farmy akejko\u013evek ve\u013ekosti<\/p><p>Je vybaven\u00fd ve\u013emi robustnou a vysokou r\u00e1movou kon\u0161trukciou, ktor\u00e1 u\u013eah\u010duje pr\u00e1cu na strnisk\u00e1ch s ve\u013ek\u00fdm mno\u017estvom slamy, preto\u017ee sa br\u00e1ny neblokuj\u00fa.<\/p><p>Je tie\u017e vynikaj\u00faci na prerazenie oranej p\u00f4dy,<span class=\"Apple-converted-space\">\u00a0 <\/span>ke\u010f sa nech\u00e1 pracova\u0165 v h\u013abke. TRIMAX NSH je vybaven\u00fd \u0161peci\u00e1lne navrhnut\u00fdmi 3D hydraulicky odpru\u017een\u00fdmi hrotmi, ktor\u00e9 chr\u00e1nia r\u00e1my a \u010fal\u0161ie mechanick\u00e9 \u010dasti br\u00e1ny. Po hrotoch sa zem vyrovn\u00e1<\/p><p>pomocou pru\u017einovo odpru\u017een\u00fdch z\u00fabkovan\u00fdch kot\u00fa\u010dov. Toto s\u00fa<\/p><p>mechanicky upravova\u0165 a po prstoch br\u00e1ny ponecha\u0165 rovn\u00fd povrch.<\/p><p>Nakoniec je tu klietkov\u00fd valec s T-kr\u00fa\u017ekom \u00d8600 mm, ktor\u00fd drv\u00ed hrudky zanechan\u00e9 kultiv\u00e1torom a podporuje jeho hmotnos\u0165.<\/p><p>Potreba v\u00fdkonu z\u00e1vis\u00ed od h\u013abky br\u00e1ny a typu p\u00f4dy.<\/p><p>Potreba energie cca. 50 hp na meter pracovnej \u0161\u00edrky sa odpor\u00fa\u010da na kultiv\u00e1ciu r\u00fdchlos\u0165ou 8-12 km za hodinu za norm\u00e1lnych p\u00f4dnych podmienok, ale pri be\u017enom strnisku na \u013eahk\u00fdch p\u00f4dach bude potrebn\u00e9 menej.<\/p>\t\t\t\t\t\t\t\t<\/div>\n\t\t\t\t<\/div>\n\t\t\t\t<\/div>\n\t\t<div class=\"elementor-element elementor-element-8f6d0f7 e-con-full e-flex e-con e-child\" data-id=\"8f6d0f7\" data-element_type=\"container\">\n\t\t\t\t<div class=\"elementor-element elementor-element-81d4165 elementor-absolute elementor-widget elementor-widget-image\" data-id=\"81d4165\" data-element_type=\"widget\" data-settings=\"{&quot;_position&quot;:&quot;absolute&quot;}\" data-widget_type=\"image.default\">\n\t\t\t\t<div class=\"elementor-widget-container\">\n\t\t\t\t\t\t\t\t\t\t\t\t\t\t\t<img decoding=\"async\" width=\"1024\" height=\"666\" src=\"https:\/\/dalbo-sk.com\/wp-content\/uploads\/2024\/06\/Snimka-obrazovky-2024-06-25-o-21.07.03-1024x666.png\" class=\"attachment-large size-large wp-image-2680\" alt=\"\" srcset=\"https:\/\/dalbo-sk.com\/wp-content\/uploads\/2024\/06\/Snimka-obrazovky-2024-06-25-o-21.07.03-1024x666.png 1024w, https:\/\/dalbo-sk.com\/wp-content\/uploads\/2024\/06\/Snimka-obrazovky-2024-06-25-o-21.07.03-300x195.png 300w, https:\/\/dalbo-sk.com\/wp-content\/uploads\/2024\/06\/Snimka-obrazovky-2024-06-25-o-21.07.03-768x499.png 768w, https:\/\/dalbo-sk.com\/wp-content\/uploads\/2024\/06\/Snimka-obrazovky-2024-06-25-o-21.07.03-600x390.png 600w, https:\/\/dalbo-sk.com\/wp-content\/uploads\/2024\/06\/Snimka-obrazovky-2024-06-25-o-21.07.03.png 1430w\" sizes=\"(max-width: 1024px) 100vw, 1024px\" \/>\t\t\t\t\t\t\t\t\t\t\t\t\t\t\t<\/div>\n\t\t\t\t<\/div>\n\t\t\t\t<\/div>\n\t\t\t\t\t<\/div>\n\t\t\t\t<\/div>\n\t\t<div class=\"elementor-element elementor-element-22af257 e-flex e-con-boxed e-con e-parent\" data-id=\"22af257\" data-element_type=\"container\">\n\t\t\t\t\t<div class=\"e-con-inner\">\n\t\t\t\t<div class=\"elementor-element elementor-element-907d9fc elementor-widget elementor-widget-text-editor\" data-id=\"907d9fc\" data-element_type=\"widget\" data-widget_type=\"text-editor.default\">\n\t\t\t\t<div class=\"elementor-widget-container\">\n\t\t\t\t\t\t\t\t\t<p><b>\u0160tandardn\u00e1 v\u00fdbava<\/b><\/p><p>\u0160tandardn\u00e1 v\u00fdbava TRIMAX<\/p><ul><li>Plne hydraulick\u00e9 skladanie a rozkladanie sekci\u00ed. Prep\u00ednanie medzi<\/li><\/ul><p>jazdou po cest\u00e1ch a jazdou po poli bez opustenia traktora.<\/p><ul><li>LED osvetlenie.<\/li><li>Rozostup hrotov 275 mm.<\/li><li>50 x 20 obojstrann\u00fdch bodov.<\/li><li>Mie\u0161ac\u00ed kot\u00fa\u010d vr\u00e1t. bo\u010dn\u00fd disk.<\/li><li>tes\u0148ova\u010d T-kr\u00fa\u017ekov \u00d8600.<\/li><li>3D ochrana pred kame\u0148mi alebo stri\u017en\u00e1 skrutka<\/li><li>Svetl\u00e1 v\u00fd\u0161ka 90 cm.<\/li><li>Pevn\u00e9 r\u00e1my vyroben\u00e9 z kvalitnej ocele a ocele s vysokou pevnos\u0165ou v \u0165ahu.<\/li><\/ul>\t\t\t\t\t\t\t\t<\/div>\n\t\t\t\t<\/div>\n\t\t\t\t\t<\/div>\n\t\t\t\t<\/div>\n\t\t<div class=\"elementor-element elementor-element-eb79833 e-flex e-con-boxed e-con e-parent\" data-id=\"eb79833\" data-element_type=\"container\">\n\t\t\t\t\t<div class=\"e-con-inner\">\n\t\t<div class=\"elementor-element elementor-element-714d122 e-con-full e-flex e-con e-child\" data-id=\"714d122\" data-element_type=\"container\">\n\t\t\t\t<div class=\"elementor-element elementor-element-4c6ae53 elementor-widget elementor-widget-text-editor\" data-id=\"4c6ae53\" data-element_type=\"widget\" data-widget_type=\"text-editor.default\">\n\t\t\t\t<div class=\"elementor-widget-container\">\n\t\t\t\t\t\t\t\t\t<p><b>Hydraulick\u00e1 3D ochrana proti kame\u0148om<\/b><\/p><p>TRIMAX je vybaven\u00fd \u0161peci\u00e1lne navrhnut\u00fdmi 3D hydraulicky odpru\u017een\u00fdmi prstami.<\/p><p>Tieto s\u00fa umiestnen\u00e9 s rozstupom hrotov 275 mm, ktor\u00fd je rozmiestnen\u00fd v 3 radoch a so 70 cm medzi radmi.3D ochrana proti kame\u0148om zais\u0165uje ochranu hrotov pri kontakte s kame\u0148mi a pom\u00e1ha zmierni\u0165 ve\u013ek\u00e9 za\u0165a\u017eenie kon\u0161trukcie r\u00e1mu br\u00e1ny a in\u00fdch mechanick\u00fdch \u010dast\u00ed.<\/p><p>3D ochrana proti kamienkom umo\u017e\u0148uje pos\u00favanie prsta o 40 cm nahor a 15 cm do strany pri prejazde v\u00e4\u010d\u0161\u00edch kame\u0148ov a syst\u00e9m je postaven\u00fd na oto\u010dnej konzole s tanierov\u00fdmi pru\u017einami a hydraulick\u00fdm valcom.<\/p>\t\t\t\t\t\t\t\t<\/div>\n\t\t\t\t<\/div>\n\t\t\t\t<\/div>\n\t\t<div class=\"elementor-element elementor-element-0b9eedc e-con-full e-flex e-con e-child\" data-id=\"0b9eedc\" data-element_type=\"container\">\n\t\t\t\t<div class=\"elementor-element elementor-element-4588cf2 elementor-widget elementor-widget-image\" data-id=\"4588cf2\" data-element_type=\"widget\" data-widget_type=\"image.default\">\n\t\t\t\t<div class=\"elementor-widget-container\">\n\t\t\t\t\t\t\t\t\t\t\t\t\t\t\t<img loading=\"lazy\" decoding=\"async\" width=\"1024\" height=\"673\" src=\"https:\/\/dalbo-sk.com\/wp-content\/uploads\/2024\/06\/Snimka-obrazovky-2024-06-25-o-21.11.17-1024x673.png\" class=\"attachment-large size-large wp-image-2684\" alt=\"\" srcset=\"https:\/\/dalbo-sk.com\/wp-content\/uploads\/2024\/06\/Snimka-obrazovky-2024-06-25-o-21.11.17-1024x673.png 1024w, https:\/\/dalbo-sk.com\/wp-content\/uploads\/2024\/06\/Snimka-obrazovky-2024-06-25-o-21.11.17-300x197.png 300w, https:\/\/dalbo-sk.com\/wp-content\/uploads\/2024\/06\/Snimka-obrazovky-2024-06-25-o-21.11.17-768x505.png 768w, https:\/\/dalbo-sk.com\/wp-content\/uploads\/2024\/06\/Snimka-obrazovky-2024-06-25-o-21.11.17-600x394.png 600w, https:\/\/dalbo-sk.com\/wp-content\/uploads\/2024\/06\/Snimka-obrazovky-2024-06-25-o-21.11.17.png 1430w\" sizes=\"(max-width: 1024px) 100vw, 1024px\" \/>\t\t\t\t\t\t\t\t\t\t\t\t\t\t\t<\/div>\n\t\t\t\t<\/div>\n\t\t\t\t<\/div>\n\t\t\t\t\t<\/div>\n\t\t\t\t<\/div>\n\t\t<div class=\"elementor-element elementor-element-6c6dc7d e-flex e-con-boxed e-con e-parent\" data-id=\"6c6dc7d\" data-element_type=\"container\">\n\t\t\t\t\t<div class=\"e-con-inner\">\n\t\t<div class=\"elementor-element elementor-element-8cf72a9 e-con-full e-flex e-con e-child\" data-id=\"8cf72a9\" data-element_type=\"container\">\n\t\t\t\t<div class=\"elementor-element elementor-element-d9f488c elementor-widget__width-initial elementor-widget elementor-widget-image\" data-id=\"d9f488c\" data-element_type=\"widget\" data-widget_type=\"image.default\">\n\t\t\t\t<div class=\"elementor-widget-container\">\n\t\t\t\t\t\t\t\t\t\t\t\t\t\t\t<img loading=\"lazy\" decoding=\"async\" width=\"1024\" height=\"531\" src=\"https:\/\/dalbo-sk.com\/wp-content\/uploads\/2024\/06\/Snimka-obrazovky-2024-06-25-o-21.13.36-1024x531.png\" class=\"attachment-large size-large wp-image-2685\" alt=\"\" srcset=\"https:\/\/dalbo-sk.com\/wp-content\/uploads\/2024\/06\/Snimka-obrazovky-2024-06-25-o-21.13.36-1024x531.png 1024w, https:\/\/dalbo-sk.com\/wp-content\/uploads\/2024\/06\/Snimka-obrazovky-2024-06-25-o-21.13.36-300x156.png 300w, https:\/\/dalbo-sk.com\/wp-content\/uploads\/2024\/06\/Snimka-obrazovky-2024-06-25-o-21.13.36-768x399.png 768w, https:\/\/dalbo-sk.com\/wp-content\/uploads\/2024\/06\/Snimka-obrazovky-2024-06-25-o-21.13.36-600x311.png 600w, https:\/\/dalbo-sk.com\/wp-content\/uploads\/2024\/06\/Snimka-obrazovky-2024-06-25-o-21.13.36.png 1430w\" sizes=\"(max-width: 1024px) 100vw, 1024px\" \/>\t\t\t\t\t\t\t\t\t\t\t\t\t\t\t<\/div>\n\t\t\t\t<\/div>\n\t\t\t\t<\/div>\n\t\t<div class=\"elementor-element elementor-element-b519a67 e-con-full e-flex e-con e-child\" data-id=\"b519a67\" data-element_type=\"container\">\n\t\t\t\t<div class=\"elementor-element elementor-element-299738f elementor-widget elementor-widget-text-editor\" data-id=\"299738f\" data-element_type=\"widget\" data-widget_type=\"text-editor.default\">\n\t\t\t\t<div class=\"elementor-widget-container\">\n\t\t\t\t\t\t\t\t\t<p><b><span class=\"Apple-converted-space\">\u00a0<\/span>Hydraulick\u00e9 nastavenie h\u013abky<\/b><\/p><p>Hydraulick\u00e9 nastavenie h\u013abky zais\u0165uje optim\u00e1lnu kultiv\u00e1ciu na celom poli, preto\u017ee h\u013abka br\u00e1ny sa plynule nastavuje pod\u013ea stavu po\u013ea.<\/p><p>Valec lo\u017eiskovej klietky sa plynule nastavuje zvn\u00fatra traktora, \u010do tie\u017e pom\u00e1ha optimalizova\u0165 spotrebu paliva, preto\u017ee pracovn\u00e1 h\u013abka m\u00f4\u017ee<\/p><p>upravi\u0165 pod\u013ea po\u017eiadaviek odboru.<\/p>\t\t\t\t\t\t\t\t<\/div>\n\t\t\t\t<\/div>\n\t\t\t\t<\/div>\n\t\t\t\t\t<\/div>\n\t\t\t\t<\/div>\n\t\t<div class=\"elementor-element elementor-element-48b108e e-flex e-con-boxed e-con e-parent\" data-id=\"48b108e\" data-element_type=\"container\">\n\t\t\t\t\t<div class=\"e-con-inner\">\n\t\t\t\t<div class=\"elementor-element elementor-element-0766075 elementor-widget elementor-widget-text-editor\" data-id=\"0766075\" data-element_type=\"widget\" data-widget_type=\"text-editor.default\">\n\t\t\t\t<div class=\"elementor-widget-container\">\n\t\t\t\t\t\t\t\t\t<p><b>Pr\u00edslu\u0161enstvo a extra v\u00fdbava<\/b><\/p><ul><li>Zdie\u013eanie kr\u00eddla<\/li><li>Hydraulick\u00e9 nastavenie h\u013abky, \u0161tandardn\u00e1 v\u00fdbava TRIMAX 520<\/li><li>1-radov\u00e9 br\u00e1ny<\/li><li>Elektronick\u00e1 h\u013abkov\u00e1 stupnica<\/li><li>Seja\u010dka DALBO pre n\u00e1sledn\u00e9 plodiny<\/li><li>Hroty s tvrdokovov\u00fdm povlakom<\/li><\/ul>\t\t\t\t\t\t\t\t<\/div>\n\t\t\t\t<\/div>\n\t\t\t\t\t<\/div>\n\t\t\t\t<\/div>\n\t\t<div class=\"elementor-element elementor-element-b6e17d4 e-flex e-con-boxed e-con e-parent\" data-id=\"b6e17d4\" data-element_type=\"container\">\n\t\t\t\t\t<div class=\"e-con-inner\">\n\t\t<div class=\"elementor-element elementor-element-3789325 e-con-full e-flex e-con e-child\" data-id=\"3789325\" data-element_type=\"container\">\n\t\t\t\t<div class=\"elementor-element elementor-element-1e22461 elementor-widget elementor-widget-video\" data-id=\"1e22461\" data-element_type=\"widget\" data-settings=\"{&quot;youtube_url&quot;:&quot;https:\\\/\\\/youtu.be\\\/ecnuCG7sy1s&quot;,&quot;video_type&quot;:&quot;youtube&quot;,&quot;controls&quot;:&quot;yes&quot;}\" data-widget_type=\"video.default\">\n\t\t\t\t<div class=\"elementor-widget-container\">\n\t\t\t\t\t\t\t<div class=\"elementor-wrapper elementor-open-inline\">\n\t\t\t<div class=\"elementor-video\"><\/div>\t\t<\/div>\n\t\t\t\t\t\t<\/div>\n\t\t\t\t<\/div>\n\t\t\t\t<\/div>\n\t\t<div class=\"elementor-element elementor-element-ebaf625 e-con-full e-flex e-con e-child\" data-id=\"ebaf625\" data-element_type=\"container\">\n\t\t\t\t<div class=\"elementor-element elementor-element-6dcda28 elementor-widget elementor-widget-video\" data-id=\"6dcda28\" data-element_type=\"widget\" data-settings=\"{&quot;youtube_url&quot;:&quot;https:\\\/\\\/youtu.be\\\/3oPnasM-D7U&quot;,&quot;video_type&quot;:&quot;youtube&quot;,&quot;controls&quot;:&quot;yes&quot;}\" data-widget_type=\"video.default\">\n\t\t\t\t<div class=\"elementor-widget-container\">\n\t\t\t\t\t\t\t<div class=\"elementor-wrapper elementor-open-inline\">\n\t\t\t<div class=\"elementor-video\"><\/div>\t\t<\/div>\n\t\t\t\t\t\t<\/div>\n\t\t\t\t<\/div>\n\t\t\t\t<\/div>\n\t\t\t\t\t<\/div>\n\t\t\t\t<\/div>\n\t\t<div class=\"elementor-element elementor-element-b969ebf e-flex e-con-boxed e-con e-parent\" data-id=\"b969ebf\" data-element_type=\"container\">\n\t\t\t\t\t<div class=\"e-con-inner\">\n\t\t\t\t\t<\/div>\n\t\t\t\t<\/div>\n\t\t\t\t<\/div>\n\t\t","protected":false},"excerpt":{"rendered":"<p>TRIMAX lift 300-520 Podmieta\u010d TRIMAX je zn\u00e1my svojim p\u00f4sobiv\u00fdm efektom mie\u0161ania strniska a p\u00f4dy a z\u00e1rove\u0148 poskytuje pekn\u00fd a rovn\u00fd povrch osivov\u00e9ho l\u00f4\u017eka, ktor\u00fd u\u013eah\u010duje nasleduj\u00facu pr\u00e1cu. TRIMAX je prelomov\u00fd v tom, \u017ee m\u00e1 najv\u00e4\u010d\u0161iu svetl\u00fa v\u00fd\u0161ku na trhu 90 cm a jedine\u010dn\u00fd 3D chr\u00e1ni\u010d kame\u0148ov vyvinut\u00fd spolo\u010dnos\u0165ou DALBO. Technick\u00e9 d\u00e1ta N\u00e1\u0161 namontovan\u00fd TRIMAX je&#8230;<\/p>\n","protected":false},"author":1,"featured_media":0,"parent":0,"menu_order":0,"comment_status":"closed","ping_status":"closed","template":"","meta":{"om_disable_all_campaigns":false,"_monsterinsights_skip_tracking":false,"_monsterinsights_sitenote_active":false,"_monsterinsights_sitenote_note":"","_monsterinsights_sitenote_category":0,"_kad_post_transparent":"","_kad_post_title":"hide","_kad_post_layout":"fullwidth","_kad_post_sidebar_id":"","_kad_post_content_style":"unboxed","_kad_post_vertical_padding":"hide","_kad_post_feature":"hide","_kad_post_feature_position":"","_kad_post_header":false,"_kad_post_footer":false,"footnotes":""},"class_list":["post-2675","page","type-page","status-publish","hentry"],"aioseo_notices":[],"_links":{"self":[{"href":"https:\/\/dalbo-sk.com\/index.php\/wp-json\/wp\/v2\/pages\/2675"}],"collection":[{"href":"https:\/\/dalbo-sk.com\/index.php\/wp-json\/wp\/v2\/pages"}],"about":[{"href":"https:\/\/dalbo-sk.com\/index.php\/wp-json\/wp\/v2\/types\/page"}],"author":[{"embeddable":true,"href":"https:\/\/dalbo-sk.com\/index.php\/wp-json\/wp\/v2\/users\/1"}],"replies":[{"embeddable":true,"href":"https:\/\/dalbo-sk.com\/index.php\/wp-json\/wp\/v2\/comments?post=2675"}],"version-history":[{"count":7,"href":"https:\/\/dalbo-sk.com\/index.php\/wp-json\/wp\/v2\/pages\/2675\/revisions"}],"predecessor-version":[{"id":2688,"href":"https:\/\/dalbo-sk.com\/index.php\/wp-json\/wp\/v2\/pages\/2675\/revisions\/2688"}],"wp:attachment":[{"href":"https:\/\/dalbo-sk.com\/index.php\/wp-json\/wp\/v2\/media?parent=2675"}],"curies":[{"name":"wp","href":"https:\/\/api.w.org\/{rel}","templated":true}]}}