{"id":2620,"date":"2024-06-23T20:31:49","date_gmt":"2024-06-23T18:31:49","guid":{"rendered":"https:\/\/dalbo-sk.com\/?page_id=2620"},"modified":"2024-06-23T21:14:18","modified_gmt":"2024-06-23T19:14:18","slug":"cultilift-300-800","status":"publish","type":"page","link":"https:\/\/dalbo-sk.com\/index.php\/cultilift-300-800\/","title":{"rendered":"CULTILIFT 300-800"},"content":{"rendered":"\t\t<div data-elementor-type=\"wp-page\" data-elementor-id=\"2620\" class=\"elementor elementor-2620\">\n\t\t\t\t<div class=\"elementor-element elementor-element-43c4cd1 e-flex e-con-boxed e-con e-parent\" data-id=\"43c4cd1\" data-element_type=\"container\">\n\t\t\t\t\t<div class=\"e-con-inner\">\n\t\t\t\t<div class=\"elementor-element elementor-element-230573a elementor-widget elementor-widget-text-editor\" data-id=\"230573a\" data-element_type=\"widget\" data-widget_type=\"text-editor.default\">\n\t\t\t\t<div class=\"elementor-widget-container\">\n\t\t\t\t\t\t\t\t\t<p>CULTILIFT je vysokov\u00fdkonn\u00fd nesen\u00fd kultiv\u00e1tor sejbov\u00e9ho l\u00f4\u017eka ur\u010den\u00fd na n\u00e1kladovo efekt\u00edvnu pr\u00edpravu sejbov\u00e9ho l\u00f4\u017eka. \u0160tandardn\u00e1 konfigur\u00e1cia obsahuje mechanicky nastavite\u013en\u00fa vyrovn\u00e1vaciu dosku, 4-radov\u00fa sekciu br\u00e1ny a valec na nastavenie h\u013abky vzadu. To poskytuje optim\u00e1lnu kombin\u00e1ciu urovn\u00e1vania, br\u00e1nenia a spevnenia pre n\u00e1sledn\u00fa sejbu.<\/p>\n<p><\/p>\n<p><\/p>\t\t\t\t\t\t\t\t<\/div>\n\t\t\t\t<\/div>\n\t\t\t\t\t<\/div>\n\t\t\t\t<\/div>\n\t\t<div class=\"elementor-element elementor-element-c256e13 e-flex e-con-boxed e-con e-parent\" data-id=\"c256e13\" data-element_type=\"container\">\n\t\t\t\t\t<div class=\"e-con-inner\">\n\t\t\t\t<div class=\"elementor-element elementor-element-f46449a elementor-widget elementor-widget-image\" data-id=\"f46449a\" data-element_type=\"widget\" data-widget_type=\"image.default\">\n\t\t\t\t<div class=\"elementor-widget-container\">\n\t\t\t\t\t\t\t\t\t\t\t\t\t\t\t<img fetchpriority=\"high\" decoding=\"async\" width=\"1024\" height=\"361\" src=\"https:\/\/dalbo-sk.com\/wp-content\/uploads\/2024\/06\/Snimka-obrazovky-2024-06-23-o-20.35.08-1024x361.png\" class=\"attachment-large size-large wp-image-2623\" alt=\"\" srcset=\"https:\/\/dalbo-sk.com\/wp-content\/uploads\/2024\/06\/Snimka-obrazovky-2024-06-23-o-20.35.08-1024x361.png 1024w, https:\/\/dalbo-sk.com\/wp-content\/uploads\/2024\/06\/Snimka-obrazovky-2024-06-23-o-20.35.08-300x106.png 300w, https:\/\/dalbo-sk.com\/wp-content\/uploads\/2024\/06\/Snimka-obrazovky-2024-06-23-o-20.35.08-768x271.png 768w, https:\/\/dalbo-sk.com\/wp-content\/uploads\/2024\/06\/Snimka-obrazovky-2024-06-23-o-20.35.08-1536x542.png 1536w, https:\/\/dalbo-sk.com\/wp-content\/uploads\/2024\/06\/Snimka-obrazovky-2024-06-23-o-20.35.08-2048x722.png 2048w, https:\/\/dalbo-sk.com\/wp-content\/uploads\/2024\/06\/Snimka-obrazovky-2024-06-23-o-20.35.08-600x212.png 600w\" sizes=\"(max-width: 1024px) 100vw, 1024px\" \/>\t\t\t\t\t\t\t\t\t\t\t\t\t\t\t<\/div>\n\t\t\t\t<\/div>\n\t\t\t\t\t<\/div>\n\t\t\t\t<\/div>\n\t\t<div class=\"elementor-element elementor-element-8168797 e-flex e-con-boxed e-con e-parent\" data-id=\"8168797\" data-element_type=\"container\">\n\t\t\t\t\t<div class=\"e-con-inner\">\n\t\t\t\t<div class=\"elementor-element elementor-element-041ee30 elementor-widget elementor-widget-heading\" data-id=\"041ee30\" data-element_type=\"widget\" data-widget_type=\"heading.default\">\n\t\t\t\t<div class=\"elementor-widget-container\">\n\t\t\t\t\t<h2 class=\"elementor-heading-title elementor-size-default\">Technick\u00e9 d\u00e1ta<\/h2>\t\t\t\t<\/div>\n\t\t\t\t<\/div>\n\t\t\t\t<div class=\"elementor-element elementor-element-006fa6d elementor-widget elementor-widget-image\" data-id=\"006fa6d\" data-element_type=\"widget\" data-widget_type=\"image.default\">\n\t\t\t\t<div class=\"elementor-widget-container\">\n\t\t\t\t\t\t\t\t\t\t\t\t\t\t\t<img decoding=\"async\" width=\"1024\" height=\"429\" src=\"https:\/\/dalbo-sk.com\/wp-content\/uploads\/2024\/06\/Snimka-obrazovky-2024-06-23-o-20.40.58-1024x429.png\" class=\"attachment-large size-large wp-image-2628\" alt=\"\" srcset=\"https:\/\/dalbo-sk.com\/wp-content\/uploads\/2024\/06\/Snimka-obrazovky-2024-06-23-o-20.40.58-1024x429.png 1024w, https:\/\/dalbo-sk.com\/wp-content\/uploads\/2024\/06\/Snimka-obrazovky-2024-06-23-o-20.40.58-300x126.png 300w, https:\/\/dalbo-sk.com\/wp-content\/uploads\/2024\/06\/Snimka-obrazovky-2024-06-23-o-20.40.58-768x322.png 768w, https:\/\/dalbo-sk.com\/wp-content\/uploads\/2024\/06\/Snimka-obrazovky-2024-06-23-o-20.40.58-600x251.png 600w, https:\/\/dalbo-sk.com\/wp-content\/uploads\/2024\/06\/Snimka-obrazovky-2024-06-23-o-20.40.58.png 1232w\" sizes=\"(max-width: 1024px) 100vw, 1024px\" \/>\t\t\t\t\t\t\t\t\t\t\t\t\t\t\t<\/div>\n\t\t\t\t<\/div>\n\t\t\t\t\t<\/div>\n\t\t\t\t<\/div>\n\t\t<div class=\"elementor-element elementor-element-825a95f e-flex e-con-boxed e-con e-parent\" data-id=\"825a95f\" data-element_type=\"container\">\n\t\t\t\t\t<div class=\"e-con-inner\">\n\t\t<div class=\"elementor-element elementor-element-e3c6ba1 e-con-full e-flex e-con e-child\" data-id=\"e3c6ba1\" data-element_type=\"container\">\n\t\t\t\t<div class=\"elementor-element elementor-element-a1b0208 elementor-widget elementor-widget-text-editor\" data-id=\"a1b0208\" data-element_type=\"widget\" data-widget_type=\"text-editor.default\">\n\t\t\t\t<div class=\"elementor-widget-container\">\n\t\t\t\t\t\t\t\t\t<p><b>Koncepcia<\/b><\/p>\n<p><span class=\"Apple-converted-space\">&nbsp;<\/span><span style=\"text-align: var(--text-align); font-family: var(--global-body-font-family);\">N\u00e1\u0161 CULTILIFT je dobrou vo\u013ebou na pr\u00edpravu osivov\u00e9ho l\u00f4\u017eka na mal\u00fdch a stredn\u00fdch farm\u00e1ch so v\u0161etk\u00fdmi typmi p\u00f4dy<\/span><\/p>\n<p>Vyr\u00e1ba sa v zn\u00e1mej kvalite DALBO a pon\u00faka skvel\u00fa hodnotu za peniaze.<\/p>\n<p>N\u00e1\u0161 nesen\u00fd kultiv\u00e1tor na sejbu je \u0161tandardne dod\u00e1van\u00fd s jednoduch\u00fdmi a d\u00f4kladne otestovan\u00fdmi rie\u0161eniami, ktor\u00e9 poskytuj\u00fa cenovo dostupn\u00e9 rie\u0161enie a vynikaj\u00facu \u017eivotnos\u0165. Vynikaj\u00faci program vybavenia umo\u017e\u0148uje prisp\u00f4sobi\u0165 CULTILIFT v\u00e1\u0161mu \u0161pecifick\u00e9mu \u00fa\u010delu, \u010do v\u00e1m poskytne lep\u0161iu hodnotu a efektivitu.<\/p>\n<p>R\u00f4zne kombin\u00e1cie mo\u017enost\u00ed umo\u017e\u0148uj\u00fa jednotliv\u00e9mu farm\u00e1rovi jednoducho \u0161pecifikova\u0165 CULTILIFT pod\u013ea jeho potrieb a typu p\u00f4dy.<\/p>\t\t\t\t\t\t\t\t<\/div>\n\t\t\t\t<\/div>\n\t\t\t\t<\/div>\n\t\t<div class=\"elementor-element elementor-element-5a1fae1 e-con-full e-flex e-con e-child\" data-id=\"5a1fae1\" data-element_type=\"container\">\n\t\t\t\t<div class=\"elementor-element elementor-element-ca30b79 elementor-absolute elementor-widget elementor-widget-image\" data-id=\"ca30b79\" data-element_type=\"widget\" data-settings=\"{&quot;_position&quot;:&quot;absolute&quot;}\" data-widget_type=\"image.default\">\n\t\t\t\t<div class=\"elementor-widget-container\">\n\t\t\t\t\t\t\t\t\t\t\t\t\t\t\t<img decoding=\"async\" width=\"1024\" height=\"673\" src=\"https:\/\/dalbo-sk.com\/wp-content\/uploads\/2024\/06\/Snimka-obrazovky-2024-06-23-o-20.44.11-1024x673.png\" class=\"attachment-large size-large wp-image-2629\" alt=\"\" srcset=\"https:\/\/dalbo-sk.com\/wp-content\/uploads\/2024\/06\/Snimka-obrazovky-2024-06-23-o-20.44.11-1024x673.png 1024w, https:\/\/dalbo-sk.com\/wp-content\/uploads\/2024\/06\/Snimka-obrazovky-2024-06-23-o-20.44.11-300x197.png 300w, https:\/\/dalbo-sk.com\/wp-content\/uploads\/2024\/06\/Snimka-obrazovky-2024-06-23-o-20.44.11-768x505.png 768w, https:\/\/dalbo-sk.com\/wp-content\/uploads\/2024\/06\/Snimka-obrazovky-2024-06-23-o-20.44.11-600x394.png 600w, https:\/\/dalbo-sk.com\/wp-content\/uploads\/2024\/06\/Snimka-obrazovky-2024-06-23-o-20.44.11.png 1232w\" sizes=\"(max-width: 1024px) 100vw, 1024px\" \/>\t\t\t\t\t\t\t\t\t\t\t\t\t\t\t<\/div>\n\t\t\t\t<\/div>\n\t\t\t\t<\/div>\n\t\t\t\t\t<\/div>\n\t\t\t\t<\/div>\n\t\t<div class=\"elementor-element elementor-element-8cca161 e-flex e-con-boxed e-con e-parent\" data-id=\"8cca161\" data-element_type=\"container\">\n\t\t\t\t\t<div class=\"e-con-inner\">\n\t\t\t\t<div class=\"elementor-element elementor-element-3ae1436 elementor-widget elementor-widget-text-editor\" data-id=\"3ae1436\" data-element_type=\"widget\" data-widget_type=\"text-editor.default\">\n\t\t\t\t<div class=\"elementor-widget-container\">\n\t\t\t\t\t\t\t\t\t<p><b>\u0160tandardn\u00e1 v\u00fdbava CULTILIFT<\/b><\/p><ul><li>Plne hydraulick\u00e9 skladanie a rozkladanie sekci\u00ed. Prep\u00ednanie z<\/li><\/ul><p>jazda po cest\u00e1ch do po\u013enej prev\u00e1dzky bez opustenia traktora.<\/p><ul><li>4 rady \u0165a\u017ek\u00fdch pru\u017einov\u00fdch hrotov s rozstupom 80 mm a 350 m medzi ka\u017ed\u00fdm radom.<\/li><li>Zadn\u00fd valec klietky \u00d8400 mm.<\/li><li>Predn\u00e1 vyrovn\u00e1vacia doska.<\/li><li>Oporn\u00e9 koles\u00e1 na CULTILIFT 700 a 800.<\/li><li>Pevn\u00e9 r\u00e1my vyroben\u00e9 z kvalitnej ocele.<\/li><\/ul>\t\t\t\t\t\t\t\t<\/div>\n\t\t\t\t<\/div>\n\t\t\t\t\t<\/div>\n\t\t\t\t<\/div>\n\t\t<div class=\"elementor-element elementor-element-16cfb15 e-flex e-con-boxed e-con e-parent\" data-id=\"16cfb15\" data-element_type=\"container\">\n\t\t\t\t\t<div class=\"e-con-inner\">\n\t\t<div class=\"elementor-element elementor-element-bd537e8 e-con-full e-flex e-con e-child\" data-id=\"bd537e8\" data-element_type=\"container\">\n\t\t\t\t<div class=\"elementor-element elementor-element-601fcca elementor-widget elementor-widget-text-editor\" data-id=\"601fcca\" data-element_type=\"widget\" data-widget_type=\"text-editor.default\">\n\t\t\t\t<div class=\"elementor-widget-container\">\n\t\t\t\t\t\t\t\t\t<p><b>Sekcia br\u00e1ny<span class=\"Apple-converted-space\">\u00a0<\/span><\/b><\/p><p>Sekcia br\u00e1ny na CULTILIFT pozost\u00e1va zo 4 radov \u0161tandardne vybaven\u00fdch S-pru\u017einov\u00fdmi prstami.<\/p><p>Rozostup hrotov je 80 mm rovnomerne rozlo\u017een\u00fdch po pracovnej \u0161\u00edrke a rozstup medzi radmi je 350 mm.<\/p><p>To zais\u0165uje optim\u00e1lne zavla\u010dovanie a kultiv\u00e1ciu p\u00f4dy, ako aj dobr\u00fd prietok p\u00f4dy v br\u00e1ne.<\/p>\t\t\t\t\t\t\t\t<\/div>\n\t\t\t\t<\/div>\n\t\t\t\t<\/div>\n\t\t<div class=\"elementor-element elementor-element-36853ab e-con-full e-flex e-con e-child\" data-id=\"36853ab\" data-element_type=\"container\">\n\t\t\t\t<div class=\"elementor-element elementor-element-f581e20 elementor-widget elementor-widget-image\" data-id=\"f581e20\" data-element_type=\"widget\" data-widget_type=\"image.default\">\n\t\t\t\t<div class=\"elementor-widget-container\">\n\t\t\t\t\t\t\t\t\t\t\t\t\t\t\t<img loading=\"lazy\" decoding=\"async\" width=\"1024\" height=\"590\" src=\"https:\/\/dalbo-sk.com\/wp-content\/uploads\/2024\/06\/Snimka-obrazovky-2024-06-23-o-20.52.15-1024x590.png\" class=\"attachment-large size-large wp-image-2630\" alt=\"\" srcset=\"https:\/\/dalbo-sk.com\/wp-content\/uploads\/2024\/06\/Snimka-obrazovky-2024-06-23-o-20.52.15-1024x590.png 1024w, https:\/\/dalbo-sk.com\/wp-content\/uploads\/2024\/06\/Snimka-obrazovky-2024-06-23-o-20.52.15-300x173.png 300w, https:\/\/dalbo-sk.com\/wp-content\/uploads\/2024\/06\/Snimka-obrazovky-2024-06-23-o-20.52.15-768x442.png 768w, https:\/\/dalbo-sk.com\/wp-content\/uploads\/2024\/06\/Snimka-obrazovky-2024-06-23-o-20.52.15-600x346.png 600w, https:\/\/dalbo-sk.com\/wp-content\/uploads\/2024\/06\/Snimka-obrazovky-2024-06-23-o-20.52.15.png 1406w\" sizes=\"(max-width: 1024px) 100vw, 1024px\" \/>\t\t\t\t\t\t\t\t\t\t\t\t\t\t\t<\/div>\n\t\t\t\t<\/div>\n\t\t\t\t<\/div>\n\t\t\t\t\t<\/div>\n\t\t\t\t<\/div>\n\t\t<div class=\"elementor-element elementor-element-5873d16 e-flex e-con-boxed e-con e-parent\" data-id=\"5873d16\" data-element_type=\"container\">\n\t\t\t\t\t<div class=\"e-con-inner\">\n\t\t<div class=\"elementor-element elementor-element-df2baa4 e-con-full e-flex e-con e-child\" data-id=\"df2baa4\" data-element_type=\"container\">\n\t\t\t\t<div class=\"elementor-element elementor-element-8141b3e elementor-widget elementor-widget-image\" data-id=\"8141b3e\" data-element_type=\"widget\" data-widget_type=\"image.default\">\n\t\t\t\t<div class=\"elementor-widget-container\">\n\t\t\t\t\t\t\t\t\t\t\t\t\t\t\t<img loading=\"lazy\" decoding=\"async\" width=\"1024\" height=\"511\" src=\"https:\/\/dalbo-sk.com\/wp-content\/uploads\/2024\/06\/Snimka-obrazovky-2024-06-23-o-20.53.35-1024x511.png\" class=\"attachment-large size-large wp-image-2631\" alt=\"\" srcset=\"https:\/\/dalbo-sk.com\/wp-content\/uploads\/2024\/06\/Snimka-obrazovky-2024-06-23-o-20.53.35-1024x511.png 1024w, https:\/\/dalbo-sk.com\/wp-content\/uploads\/2024\/06\/Snimka-obrazovky-2024-06-23-o-20.53.35-300x150.png 300w, https:\/\/dalbo-sk.com\/wp-content\/uploads\/2024\/06\/Snimka-obrazovky-2024-06-23-o-20.53.35-768x383.png 768w, https:\/\/dalbo-sk.com\/wp-content\/uploads\/2024\/06\/Snimka-obrazovky-2024-06-23-o-20.53.35-600x300.png 600w, https:\/\/dalbo-sk.com\/wp-content\/uploads\/2024\/06\/Snimka-obrazovky-2024-06-23-o-20.53.35.png 1406w\" sizes=\"(max-width: 1024px) 100vw, 1024px\" \/>\t\t\t\t\t\t\t\t\t\t\t\t\t\t\t<\/div>\n\t\t\t\t<\/div>\n\t\t\t\t<\/div>\n\t\t<div class=\"elementor-element elementor-element-1fdf203 e-con-full e-flex e-con e-child\" data-id=\"1fdf203\" data-element_type=\"container\">\n\t\t\t\t<div class=\"elementor-element elementor-element-c4d225b elementor-widget elementor-widget-text-editor\" data-id=\"c4d225b\" data-element_type=\"widget\" data-widget_type=\"text-editor.default\">\n\t\t\t\t<div class=\"elementor-widget-container\">\n\t\t\t\t\t\t\t\t\t<p><strong>Nivela\u010dn\u00e1 doska<\/strong><\/p><p>Doska rozdrv\u00ed hrudy a urovn\u00e1 p\u00f4du pred sekciami br\u00e1ny. To umo\u017e\u0148uje zhutnenie p\u00f4dy, v\u00fdsledkom \u010doho je rovnomerne vyrovnan\u00e1 p\u00f4da po celej pracovnej \u0161\u00edrke. M\u00f4\u017eete osadi\u0165 aj pln\u00fa crackerboard a m\u00e1te mo\u017enos\u0165 ju hydraulicky nastavi\u0165 po celej pracovnej \u0161\u00edrke.<\/p>\t\t\t\t\t\t\t\t<\/div>\n\t\t\t\t<\/div>\n\t\t\t\t<\/div>\n\t\t\t\t\t<\/div>\n\t\t\t\t<\/div>\n\t\t<div class=\"elementor-element elementor-element-92859d3 e-flex e-con-boxed e-con e-parent\" data-id=\"92859d3\" data-element_type=\"container\">\n\t\t\t\t\t<div class=\"e-con-inner\">\n\t\t<div class=\"elementor-element elementor-element-cb67e88 e-con-full e-flex e-con e-child\" data-id=\"cb67e88\" data-element_type=\"container\">\n\t\t\t\t<div class=\"elementor-element elementor-element-b93e834 elementor-widget elementor-widget-text-editor\" data-id=\"b93e834\" data-element_type=\"widget\" data-widget_type=\"text-editor.default\">\n\t\t\t\t<div class=\"elementor-widget-container\">\n\t\t\t\t\t\t\t\t\t<p><strong>Klietkov\u00fd valec<\/strong><\/p><p>CULTILIFT je vzadu vybaven\u00fd val\u010dekom na h\u013abku kultiv\u00e1cie. V\u010faka tomu je h\u013abka br\u00e1ny presn\u00e1 a rovnomern\u00e1 po celej pracovnej \u0161\u00edrke.<br \/>Valec zanech\u00e1va pevn\u00fd podklad s p\u00f3rovit\u00fdm povrchom, ktor\u00fd vytv\u00e1ra optim\u00e1lny z\u00e1klad pre dobr\u00e9 osivov\u00e9 l\u00f4\u017eko.<\/p>\t\t\t\t\t\t\t\t<\/div>\n\t\t\t\t<\/div>\n\t\t\t\t<\/div>\n\t\t<div class=\"elementor-element elementor-element-549bc3c e-con-full e-flex e-con e-child\" data-id=\"549bc3c\" data-element_type=\"container\">\n\t\t\t\t<div class=\"elementor-element elementor-element-6b8ccff elementor-widget elementor-widget-image\" data-id=\"6b8ccff\" data-element_type=\"widget\" data-widget_type=\"image.default\">\n\t\t\t\t<div class=\"elementor-widget-container\">\n\t\t\t\t\t\t\t\t\t\t\t\t\t\t\t<img loading=\"lazy\" decoding=\"async\" width=\"1024\" height=\"511\" src=\"https:\/\/dalbo-sk.com\/wp-content\/uploads\/2024\/06\/Snimka-obrazovky-2024-06-23-o-21.08.22-1024x511.png\" class=\"attachment-large size-large wp-image-2632\" alt=\"\" srcset=\"https:\/\/dalbo-sk.com\/wp-content\/uploads\/2024\/06\/Snimka-obrazovky-2024-06-23-o-21.08.22-1024x511.png 1024w, https:\/\/dalbo-sk.com\/wp-content\/uploads\/2024\/06\/Snimka-obrazovky-2024-06-23-o-21.08.22-300x150.png 300w, https:\/\/dalbo-sk.com\/wp-content\/uploads\/2024\/06\/Snimka-obrazovky-2024-06-23-o-21.08.22-768x383.png 768w, https:\/\/dalbo-sk.com\/wp-content\/uploads\/2024\/06\/Snimka-obrazovky-2024-06-23-o-21.08.22-600x300.png 600w, https:\/\/dalbo-sk.com\/wp-content\/uploads\/2024\/06\/Snimka-obrazovky-2024-06-23-o-21.08.22.png 1406w\" sizes=\"(max-width: 1024px) 100vw, 1024px\" \/>\t\t\t\t\t\t\t\t\t\t\t\t\t\t\t<\/div>\n\t\t\t\t<\/div>\n\t\t\t\t<\/div>\n\t\t\t\t\t<\/div>\n\t\t\t\t<\/div>\n\t\t<div class=\"elementor-element elementor-element-045b227 e-flex e-con-boxed e-con e-parent\" data-id=\"045b227\" data-element_type=\"container\">\n\t\t\t\t\t<div class=\"e-con-inner\">\n\t\t\t\t<div class=\"elementor-element elementor-element-974b112 elementor-widget elementor-widget-text-editor\" data-id=\"974b112\" data-element_type=\"widget\" data-widget_type=\"text-editor.default\">\n\t\t\t\t<div class=\"elementor-widget-container\">\n\t\t\t\t\t\t\t\t\t<p><strong>Pr\u00edslu\u0161enstvo a extra v\u00fdbava<\/strong><\/p><ul><li>Hydraulick\u00e9 nastavenie prednej vyrovn\u00e1vacej dosky<\/li><li>\u00d8500\/450 mm Crosskill valec, zadn\u00fd<\/li><li>12 mm zadn\u00e9 br\u00e1ny medzi posledn\u00fd rad prstov a zadn\u00fd valec<\/li><li>Vyrovn\u00e1vacia doska medzi posledn\u00fdm radom hrotov a zadn\u00fdm valcom<\/li><li>Priame hroty, 45 x 10 mm<\/li><li>Zadn\u00e1 pevn\u00e1 li\u0161ta<\/li><li>Podporn\u00e9 koles\u00e1 za 600<\/li><li>Odstra\u0148ova\u010de trat\u00ed<\/li><li>LED osvetlenie<\/li><li>Predn\u00e1 doska na cracker<\/li><li>T-kr\u00fa\u017eky \u00d8600 mm<\/li><\/ul>\t\t\t\t\t\t\t\t<\/div>\n\t\t\t\t<\/div>\n\t\t\t\t\t<\/div>\n\t\t\t\t<\/div>\n\t\t<div class=\"elementor-element elementor-element-7a3ab58 e-flex e-con-boxed e-con e-parent\" data-id=\"7a3ab58\" data-element_type=\"container\">\n\t\t\t\t\t<div class=\"e-con-inner\">\n\t\t\t\t<div class=\"elementor-element elementor-element-85d47cb elementor-widget__width-initial elementor-widget elementor-widget-video\" data-id=\"85d47cb\" data-element_type=\"widget\" data-settings=\"{&quot;youtube_url&quot;:&quot;https:\\\/\\\/youtu.be\\\/s4dyfjhHMGg&quot;,&quot;video_type&quot;:&quot;youtube&quot;,&quot;controls&quot;:&quot;yes&quot;}\" data-widget_type=\"video.default\">\n\t\t\t\t<div class=\"elementor-widget-container\">\n\t\t\t\t\t\t\t<div class=\"elementor-wrapper elementor-open-inline\">\n\t\t\t<div class=\"elementor-video\"><\/div>\t\t<\/div>\n\t\t\t\t\t\t<\/div>\n\t\t\t\t<\/div>\n\t\t\t\t\t<\/div>\n\t\t\t\t<\/div>\n\t\t\t\t<\/div>\n\t\t","protected":false},"excerpt":{"rendered":"<p>CULTILIFT je vysokov\u00fdkonn\u00fd nesen\u00fd kultiv\u00e1tor sejbov\u00e9ho l\u00f4\u017eka ur\u010den\u00fd na n\u00e1kladovo efekt\u00edvnu pr\u00edpravu sejbov\u00e9ho l\u00f4\u017eka. \u0160tandardn\u00e1 konfigur\u00e1cia obsahuje mechanicky nastavite\u013en\u00fa vyrovn\u00e1vaciu dosku, 4-radov\u00fa sekciu br\u00e1ny a valec na nastavenie h\u013abky vzadu. To poskytuje optim\u00e1lnu kombin\u00e1ciu urovn\u00e1vania, br\u00e1nenia a spevnenia pre n\u00e1sledn\u00fa sejbu. Technick\u00e9 d\u00e1ta Koncepcia &nbsp;N\u00e1\u0161 CULTILIFT je dobrou vo\u013ebou na pr\u00edpravu osivov\u00e9ho l\u00f4\u017eka na mal\u00fdch&#8230;<\/p>\n","protected":false},"author":1,"featured_media":0,"parent":0,"menu_order":0,"comment_status":"closed","ping_status":"closed","template":"","meta":{"om_disable_all_campaigns":false,"_monsterinsights_skip_tracking":false,"_monsterinsights_sitenote_active":false,"_monsterinsights_sitenote_note":"","_monsterinsights_sitenote_category":0,"_kad_post_transparent":"","_kad_post_title":"hide","_kad_post_layout":"fullwidth","_kad_post_sidebar_id":"","_kad_post_content_style":"unboxed","_kad_post_vertical_padding":"hide","_kad_post_feature":"hide","_kad_post_feature_position":"","_kad_post_header":false,"_kad_post_footer":false,"footnotes":""},"class_list":["post-2620","page","type-page","status-publish","hentry"],"aioseo_notices":[],"_links":{"self":[{"href":"https:\/\/dalbo-sk.com\/index.php\/wp-json\/wp\/v2\/pages\/2620"}],"collection":[{"href":"https:\/\/dalbo-sk.com\/index.php\/wp-json\/wp\/v2\/pages"}],"about":[{"href":"https:\/\/dalbo-sk.com\/index.php\/wp-json\/wp\/v2\/types\/page"}],"author":[{"embeddable":true,"href":"https:\/\/dalbo-sk.com\/index.php\/wp-json\/wp\/v2\/users\/1"}],"replies":[{"embeddable":true,"href":"https:\/\/dalbo-sk.com\/index.php\/wp-json\/wp\/v2\/comments?post=2620"}],"version-history":[{"count":8,"href":"https:\/\/dalbo-sk.com\/index.php\/wp-json\/wp\/v2\/pages\/2620\/revisions"}],"predecessor-version":[{"id":2638,"href":"https:\/\/dalbo-sk.com\/index.php\/wp-json\/wp\/v2\/pages\/2620\/revisions\/2638"}],"wp:attachment":[{"href":"https:\/\/dalbo-sk.com\/index.php\/wp-json\/wp\/v2\/media?parent=2620"}],"curies":[{"name":"wp","href":"https:\/\/api.w.org\/{rel}","templated":true}]}}