{"id":149,"date":"2024-02-28T16:03:27","date_gmt":"2024-02-28T15:03:27","guid":{"rendered":"https:\/\/dalbo-sk.com\/?page_id=149"},"modified":"2024-06-01T15:16:27","modified_gmt":"2024-06-01T13:16:27","slug":"nozove-valce","status":"publish","type":"page","link":"https:\/\/dalbo-sk.com\/index.php\/nozove-valce\/","title":{"rendered":"No\u017eov\u00e9 Valce"},"content":{"rendered":"\t\t<div data-elementor-type=\"wp-page\" data-elementor-id=\"149\" class=\"elementor elementor-149\">\n\t\t\t\t<div class=\"elementor-element elementor-element-4d01db0 e-flex e-con-boxed e-con e-parent\" data-id=\"4d01db0\" data-element_type=\"container\">\n\t\t\t\t\t<div class=\"e-con-inner\">\n\t\t\t\t\t<\/div>\n\t\t\t\t<\/div>\n\t\t<div class=\"elementor-element elementor-element-3172868 e-flex e-con-boxed e-con e-parent\" data-id=\"3172868\" data-element_type=\"container\">\n\t\t\t\t\t<div class=\"e-con-inner\">\n\t\t\t\t<div class=\"elementor-element elementor-element-0739ffb elementor-widget elementor-widget-text-editor\" data-id=\"0739ffb\" data-element_type=\"widget\" data-widget_type=\"text-editor.default\">\n\t\t\t\t<div class=\"elementor-widget-container\">\n\t\t\t\t\t\t\t\t\t<p>No\u017eov\u00e9 valce s\u00fa efekt\u00edvnym, vysokokapacitn\u00fdm rie\u0161en\u00edm na pr\u00e1cu so v\u0161etk\u00fdmi druhmi strniska, ktor\u00e9 je potrebn\u00e9 r\u00fdchlo zmeni\u0165.<br \/>No\u017eov\u00e9 val\u010deky prerez\u00e1vaj\u00fa strnisko a zvy\u0161ky rastl\u00edn napr. kukurice, repky, obilia, zeleniny, slne\u010dnice a tabaku.<br \/>Strnisko sa rozdrv\u00ed a rozdrv\u00ed na povrchu p\u00f4dy a t\u00fdm sa \u201ezmie\u0161a\u201c s trochou zeminy, aby mikroorganizmy mohli za\u010da\u0165 svoju pr\u00e1cu<br \/>No\u017eov\u00fd valec je z\u00e1rove\u0148 \u00fa\u010dinn\u00fdm prostriedkom proti vija\u010dke kukuri\u010dnej, ktor\u00e1 predstavuje pre pestovanie kukurice st\u00e1le v\u00e4\u010d\u0161iu v\u00fdzvu. Larvy prezimuj\u00fa v strnisku a jedinou ich kontrolou bez chemickej aplik\u00e1cie je dezintegr\u00e1cia a drvenie kukuri\u010dn\u00e9ho strniska, kde je \u00fa\u010dinn\u00fdm n\u00e1strojom no\u017eov\u00fd valec.<\/p>\t\t\t\t\t\t\t\t<\/div>\n\t\t\t\t<\/div>\n\t\t\t\t<div class=\"elementor-element elementor-element-4cc383c elementor-widget elementor-widget-text-editor\" data-id=\"4cc383c\" data-element_type=\"widget\" data-widget_type=\"text-editor.default\">\n\t\t\t\t<div class=\"elementor-widget-container\">\n\t\t\t\t\t\t\t\t\t<p>Prehodnotenie spracovania strniska a n\u00e1sledn\u00fdch plod\u00edn<\/p><p>No\u017eov\u00e9 valce s\u00fa efekt\u00edvnym, vysokokapacitn\u00fdm rie\u0161en\u00edm na pr\u00e1cu so v\u0161etk\u00fdmi druhmi strniska, ktor\u00e9 je potrebn\u00e9 r\u00fdchlo zmeni\u0165. No\u017eov\u00e9 valce re\u017e\u00fa strnisko a zvy\u0161ky rastl\u00edn napr. kukurice, repky, obilia, zeleniny, slne\u010dnice a tabaku.<\/p><p>Na povrchu p\u00f4dy sa strnisko rozdrv\u00ed a rozdrv\u00ed a t\u00fdm sa \u201ezmie\u0161a\u201c s trochou zeminy, aby mikroorganizmy mohli za\u010da\u0165 svoju pr\u00e1cu.<\/p><p>No\u017eov\u00fd valec je z\u00e1rove\u0148 \u00fa\u010dinn\u00fdm prostriedkom proti vija\u010dke kukuri\u010dnej, ktor\u00e1 predstavuje pre pestovanie kukurice st\u00e1le v\u00e4\u010d\u0161iu v\u00fdzvu. Larvy prezimuj\u00fa v strnisku a jedinou ich kontrolou bez chemickej aplik\u00e1cie je dezintegr\u00e1cia a drvenie kukuri\u010dn\u00e9ho strniska, kde je \u00fa\u010dinn\u00fdm n\u00e1strojom no\u017eov\u00fd valec.<\/p>\t\t\t\t\t\t\t\t<\/div>\n\t\t\t\t<\/div>\n\t\t\t\t\t<\/div>\n\t\t\t\t<\/div>\n\t\t\t\t<section class=\"elementor-section elementor-inner-section elementor-element elementor-element-e72b23b elementor-section-boxed elementor-section-height-default elementor-section-height-default\" data-id=\"e72b23b\" data-element_type=\"section\">\n\t\t\t\t\t\t<div class=\"elementor-container elementor-column-gap-wider\">\n\t\t\t\t\t<div class=\"elementor-column elementor-col-50 elementor-inner-column elementor-element elementor-element-162a983\" data-id=\"162a983\" data-element_type=\"column\">\n\t\t\t<div class=\"elementor-widget-wrap elementor-element-populated\">\n\t\t\t\t\t\t<div class=\"elementor-element elementor-element-0e10228 elementor-widget elementor-widget-heading\" data-id=\"0e10228\" data-element_type=\"widget\" data-widget_type=\"heading.default\">\n\t\t\t\t<div class=\"elementor-widget-container\">\n\t\t\t\t\t<h2 class=\"elementor-heading-title elementor-size-default\"><a href=\"https:\/\/dalbo-sk.com\/index.php\/kategoria-produktu\/valce\/nozove-valce\/maxicut\/\">MAXICUT<\/a><\/h2>\t\t\t\t<\/div>\n\t\t\t\t<\/div>\n\t\t\t\t<div class=\"elementor-element elementor-element-c2a812b elementor-invisible elementor-widget elementor-widget-text-editor\" data-id=\"c2a812b\" data-element_type=\"widget\" data-settings=\"{&quot;_animation&quot;:&quot;fadeInUp&quot;,&quot;_animation_delay&quot;:500}\" data-widget_type=\"text-editor.default\">\n\t\t\t\t<div class=\"elementor-widget-container\">\n\t\t\t\t\t\t\t\t\t<p>Nov\u00e9 poh\u013eady na spracovanie strniska a rastlinn\u00fdch zvy\u0161kov, zv\u00fd\u0161en\u00e1 potreba ve\u013ekej kapacity pri n\u00edzkych n\u00e1kladoch a mo\u017enos\u0165 nastavenia vysok\u00e9ho strniska viedli k v\u00fdvoju n\u00e1\u0161ho inovat\u00edvneho valca MAXICUT.<\/p>\t\t\t\t\t\t\t\t<\/div>\n\t\t\t\t<\/div>\n\t\t\t\t<div class=\"elementor-element elementor-element-5d11869 envato-kit-140-material-button elementor-align-left elementor-invisible elementor-widget elementor-widget-button\" data-id=\"5d11869\" data-element_type=\"widget\" data-settings=\"{&quot;_animation&quot;:&quot;fadeInUp&quot;,&quot;_animation_delay&quot;:900}\" data-widget_type=\"button.default\">\n\t\t\t\t<div class=\"elementor-widget-container\">\n\t\t\t\t\t\t\t\t\t<div class=\"elementor-button-wrapper\">\n\t\t\t\t\t<a class=\"elementor-button elementor-button-link elementor-size-md elementor-animation-push\" href=\"https:\/\/dalbo-sk.com\/index.php\/kategoria-produktu\/valce\/nozove-valce\/maxicut\/\">\n\t\t\t\t\t\t<span class=\"elementor-button-content-wrapper\">\n\t\t\t\t\t\t<span class=\"elementor-button-icon\">\n\t\t\t\t<svg aria-hidden=\"true\" class=\"e-font-icon-svg e-fas-long-arrow-alt-right\" viewBox=\"0 0 448 512\" xmlns=\"http:\/\/www.w3.org\/2000\/svg\"><path d=\"M313.941 216H12c-6.627 0-12 5.373-12 12v56c0 6.627 5.373 12 12 12h301.941v46.059c0 21.382 25.851 32.09 40.971 16.971l86.059-86.059c9.373-9.373 9.373-24.569 0-33.941l-86.059-86.059c-15.119-15.119-40.971-4.411-40.971 16.971V216z\"><\/path><\/svg>\t\t\t<\/span>\n\t\t\t\t\t\t\t\t\t<span class=\"elementor-button-text\">View Details<\/span>\n\t\t\t\t\t<\/span>\n\t\t\t\t\t<\/a>\n\t\t\t\t<\/div>\n\t\t\t\t\t\t\t\t<\/div>\n\t\t\t\t<\/div>\n\t\t\t\t\t<\/div>\n\t\t<\/div>\n\t\t\t\t<div class=\"elementor-column elementor-col-50 elementor-inner-column elementor-element elementor-element-3eebab4\" data-id=\"3eebab4\" data-element_type=\"column\">\n\t\t\t<div class=\"elementor-widget-wrap elementor-element-populated\">\n\t\t\t\t\t\t<div class=\"elementor-element elementor-element-627c5f5 elementor-arrows-position-inside elementor-pagination-position-outside elementor-widget elementor-widget-image-carousel\" data-id=\"627c5f5\" data-element_type=\"widget\" data-settings=\"{&quot;slides_to_show&quot;:&quot;1&quot;,&quot;navigation&quot;:&quot;both&quot;,&quot;autoplay&quot;:&quot;yes&quot;,&quot;pause_on_hover&quot;:&quot;yes&quot;,&quot;pause_on_interaction&quot;:&quot;yes&quot;,&quot;autoplay_speed&quot;:5000,&quot;infinite&quot;:&quot;yes&quot;,&quot;effect&quot;:&quot;slide&quot;,&quot;speed&quot;:500}\" data-widget_type=\"image-carousel.default\">\n\t\t\t\t<div class=\"elementor-widget-container\">\n\t\t\t\t\t\t\t<div class=\"elementor-image-carousel-wrapper swiper\" role=\"region\" aria-roledescription=\"carousel\" aria-label=\"Obr\u00e1zkov\u00fd kot\u00fa\u010d\" dir=\"ltr\">\n\t\t\t<div class=\"elementor-image-carousel swiper-wrapper\" aria-live=\"off\">\n\t\t\t\t\t\t\t\t<div class=\"swiper-slide\" role=\"group\" aria-roledescription=\"slide\" aria-label=\"1 of 1\"><a data-elementor-open-lightbox=\"yes\" data-elementor-lightbox-slideshow=\"627c5f5\" data-elementor-lightbox-title=\"img_2994\" data-e-action-hash=\"#elementor-action%3Aaction%3Dlightbox%26settings%3DeyJpZCI6MjEwNSwidXJsIjoiaHR0cHM6XC9cL2RhbGJvLXNrLmNvbVwvd3AtY29udGVudFwvdXBsb2Fkc1wvMjAyNFwvMDVcL2ltZ18yOTk0LmpwZyIsInNsaWRlc2hvdyI6IjYyN2M1ZjUifQ%3D%3D\" href=\"https:\/\/dalbo-sk.com\/index.php\/kategoria-produktu\/valce\/nozove-valce\/maxicut\/\"><figure class=\"swiper-slide-inner\"><img decoding=\"async\" class=\"swiper-slide-image\" src=\"https:\/\/dalbo-sk.com\/wp-content\/uploads\/2024\/05\/img_2994.jpg\" alt=\"img_2994\" \/><\/figure><\/a><\/div>\t\t\t<\/div>\n\t\t\t\t\t<\/div>\n\t\t\t\t\t\t<\/div>\n\t\t\t\t<\/div>\n\t\t\t\t\t<\/div>\n\t\t<\/div>\n\t\t\t\t\t<\/div>\n\t\t<\/section>\n\t\t<div class=\"elementor-element elementor-element-25b7d75 e-flex e-con-boxed e-con e-parent\" data-id=\"25b7d75\" data-element_type=\"container\">\n\t\t\t\t\t<div class=\"e-con-inner\">\n\t\t\t\t<div class=\"elementor-element elementor-element-71affc0 elementor-widget elementor-widget-text-editor\" data-id=\"71affc0\" data-element_type=\"widget\" data-widget_type=\"text-editor.default\">\n\t\t\t\t<div class=\"elementor-widget-container\">\n\t\t\t\t\t\t\t\t\t<p>Po\u013enohospod\u00e1rsky n\u00e1stroj odoln\u00fd do bud\u00facnosti<\/p><p>No\u017eov\u00fd valec je n\u00e1stroj vyvinut\u00fd na spracovanie \u010dasti rastlinn\u00fdch zvy\u0161kov, ktor\u00e1 je nad povrchom p\u00f4dy, bez zni\u010denia kore\u0148ov\u00e9ho syst\u00e9mu.<\/p><p>Pr\u00e1ca s no\u017eov\u00fdm valcom je cenovo ve\u013emi efekt\u00edvna so spotrebou nafty cca. 3 l\/ha a z\u00e1rove\u0148 m\u00e1 ve\u013ek\u00fa kapacitu s r\u00fdchlos\u0165ou a\u017e 20 km\/ha a pracovn\u00fdm z\u00e1berom od 1,50 do 9,20 m. Spolu to rob\u00ed z no\u017eov\u00e9ho valca pou\u017eite\u013en\u00fd a inovat\u00edvny stroj, ktor\u00fd v\u00e1m \u0161etr\u00ed \u010das aj palivo.<\/p>\t\t\t\t\t\t\t\t<\/div>\n\t\t\t\t<\/div>\n\t\t\t\t\t<\/div>\n\t\t\t\t<\/div>\n\t\t<div class=\"elementor-element elementor-element-db8d59a e-flex e-con-boxed e-con e-parent\" data-id=\"db8d59a\" data-element_type=\"container\">\n\t\t\t\t\t<div class=\"e-con-inner\">\n\t\t\t\t<div class=\"elementor-element elementor-element-c6c8d0a elementor-widget elementor-widget-spacer\" data-id=\"c6c8d0a\" data-element_type=\"widget\" data-widget_type=\"spacer.default\">\n\t\t\t\t<div class=\"elementor-widget-container\">\n\t\t\t\t\t\t\t<div class=\"elementor-spacer\">\n\t\t\t<div class=\"elementor-spacer-inner\"><\/div>\n\t\t<\/div>\n\t\t\t\t\t\t<\/div>\n\t\t\t\t<\/div>\n\t\t\t\t\t<\/div>\n\t\t\t\t<\/div>\n\t\t\t\t<\/div>\n\t\t","protected":false},"excerpt":{"rendered":"<p>No\u017eov\u00e9 valce s\u00fa efekt\u00edvnym, vysokokapacitn\u00fdm rie\u0161en\u00edm na pr\u00e1cu so v\u0161etk\u00fdmi druhmi strniska, ktor\u00e9 je potrebn\u00e9 r\u00fdchlo zmeni\u0165.No\u017eov\u00e9 val\u010deky prerez\u00e1vaj\u00fa strnisko a zvy\u0161ky rastl\u00edn napr. kukurice, repky, obilia, zeleniny, slne\u010dnice a tabaku.Strnisko sa rozdrv\u00ed a rozdrv\u00ed na povrchu p\u00f4dy a t\u00fdm sa \u201ezmie\u0161a\u201c s trochou zeminy, aby mikroorganizmy mohli za\u010da\u0165 svoju pr\u00e1cuNo\u017eov\u00fd valec je z\u00e1rove\u0148 \u00fa\u010dinn\u00fdm&#8230;<\/p>\n","protected":false},"author":2,"featured_media":0,"parent":0,"menu_order":0,"comment_status":"closed","ping_status":"closed","template":"","meta":{"om_disable_all_campaigns":false,"_monsterinsights_skip_tracking":false,"_monsterinsights_sitenote_active":false,"_monsterinsights_sitenote_note":"","_monsterinsights_sitenote_category":0,"_kad_post_transparent":"","_kad_post_title":"hide","_kad_post_layout":"fullwidth","_kad_post_sidebar_id":"","_kad_post_content_style":"unboxed","_kad_post_vertical_padding":"hide","_kad_post_feature":"hide","_kad_post_feature_position":"","_kad_post_header":false,"_kad_post_footer":false,"footnotes":""},"class_list":["post-149","page","type-page","status-publish","hentry"],"aioseo_notices":[],"_links":{"self":[{"href":"https:\/\/dalbo-sk.com\/index.php\/wp-json\/wp\/v2\/pages\/149"}],"collection":[{"href":"https:\/\/dalbo-sk.com\/index.php\/wp-json\/wp\/v2\/pages"}],"about":[{"href":"https:\/\/dalbo-sk.com\/index.php\/wp-json\/wp\/v2\/types\/page"}],"author":[{"embeddable":true,"href":"https:\/\/dalbo-sk.com\/index.php\/wp-json\/wp\/v2\/users\/2"}],"replies":[{"embeddable":true,"href":"https:\/\/dalbo-sk.com\/index.php\/wp-json\/wp\/v2\/comments?post=149"}],"version-history":[{"count":16,"href":"https:\/\/dalbo-sk.com\/index.php\/wp-json\/wp\/v2\/pages\/149\/revisions"}],"predecessor-version":[{"id":2370,"href":"https:\/\/dalbo-sk.com\/index.php\/wp-json\/wp\/v2\/pages\/149\/revisions\/2370"}],"wp:attachment":[{"href":"https:\/\/dalbo-sk.com\/index.php\/wp-json\/wp\/v2\/media?parent=149"}],"curies":[{"name":"wp","href":"https:\/\/api.w.org\/{rel}","templated":true}]}}