{"id":141,"date":"2024-02-28T16:02:05","date_gmt":"2024-02-28T15:02:05","guid":{"rendered":"https:\/\/dalbo-sk.com\/?page_id=141"},"modified":"2024-06-01T14:59:35","modified_gmt":"2024-06-01T12:59:35","slug":"systemove-valce","status":"publish","type":"page","link":"https:\/\/dalbo-sk.com\/index.php\/systemove-valce\/","title":{"rendered":"Syst\u00e9mov\u00e9 Valce"},"content":{"rendered":"\t\t<div data-elementor-type=\"wp-page\" data-elementor-id=\"141\" class=\"elementor elementor-141\">\n\t\t\t\t<div class=\"elementor-element elementor-element-3d126d8 e-flex e-con-boxed e-con e-parent\" data-id=\"3d126d8\" data-element_type=\"container\">\n\t\t\t\t\t<div class=\"e-con-inner\">\n\t\t\t\t<div class=\"elementor-element elementor-element-b535857 elementor-widget elementor-widget-spacer\" data-id=\"b535857\" data-element_type=\"widget\" data-widget_type=\"spacer.default\">\n\t\t\t\t<div class=\"elementor-widget-container\">\n\t\t\t\t\t\t\t<div class=\"elementor-spacer\">\n\t\t\t<div class=\"elementor-spacer-inner\"><\/div>\n\t\t<\/div>\n\t\t\t\t\t\t<\/div>\n\t\t\t\t<\/div>\n\t\t\t\t\t<\/div>\n\t\t\t\t<\/div>\n\t\t<div class=\"elementor-element elementor-element-1570d2e e-flex e-con-boxed e-con e-parent\" data-id=\"1570d2e\" data-element_type=\"container\">\n\t\t\t\t\t<div class=\"e-con-inner\">\n\t\t\t\t<div class=\"elementor-element elementor-element-643bc7a elementor-widget elementor-widget-text-editor\" data-id=\"643bc7a\" data-element_type=\"widget\" data-widget_type=\"text-editor.default\">\n\t\t\t\t<div class=\"elementor-widget-container\">\n\t\t\t\t\t\t\t\t\t<p>Modern\u00e9 po\u013enohospod\u00e1rstvo je ve\u013emi n\u00e1ro\u010dn\u00e9 na v\u0161estrannos\u0165 strojov, ke\u010f\u017ee nov\u00e9 a r\u00f4zne druhy pr\u00edpravy p\u00f4dy vy\u017eaduj\u00fa vysoko \u0161pecializovan\u00e9 stroje<br \/>\u00dazke \u010dasov\u00e9 okno, v ktorom sa m\u00f4\u017eu vykon\u00e1va\u0165 r\u00f4zne f\u00e1zy obr\u00e1bania a pr\u00edpravy pol\u00ed, predstavuje v\u00fdzvu pre mnoh\u00fdch po\u013enohospod\u00e1rov, najm\u00e4 t\u00fdch, ktor\u00ed maj\u00fa ve\u013ea hekt\u00e1rov p\u00f4dy.<\/p>\n<p>Tieto nov\u00e9 a n\u00e1ro\u010dn\u00e9 podmienky pre po\u013enohospod\u00e1rov znamenaj\u00fa, \u017ee sme museli prehodnoti\u0165 pr\u00edstup k strojom na pr\u00edpravu p\u00f4dy vo v\u0161eobecnosti a k valcom zvl\u00e1\u0161\u0165.<\/p>\n<p>Preto sme v DALBO za\u010dali na prelome tis\u00edcro\u010d\u00ed vyv\u00edja\u0165 to, \u010do naz\u00fdvame syst\u00e9mov\u00fd valec. V\u0161etko to za\u010dalo, ke\u010f sme nahradili konven\u010dn\u00fa dosku pred valcom MAXIROLL doskou na su\u0161ienky a tento koncept sa odvtedy \u010falej rozv\u00edjal a zdokona\u013eoval po\u010das dvoch desa\u0165ro\u010d\u00ed.<\/p>\t\t\t\t\t\t\t\t<\/div>\n\t\t\t\t<\/div>\n\t\t\t\t\t<\/div>\n\t\t\t\t<\/div>\n\t\t<div class=\"elementor-element elementor-element-6b106f4 e-flex e-con-boxed e-con e-parent\" data-id=\"6b106f4\" data-element_type=\"container\">\n\t\t\t\t\t<div class=\"e-con-inner\">\n\t\t\t\t\t<\/div>\n\t\t\t\t<\/div>\n\t\t\t\t<section class=\"elementor-section elementor-top-section elementor-element elementor-element-f9b3c48 elementor-section-boxed elementor-section-height-default elementor-section-height-default\" data-id=\"f9b3c48\" data-element_type=\"section\">\n\t\t\t\t\t\t<div class=\"elementor-container elementor-column-gap-default\">\n\t\t\t\t\t<div class=\"elementor-column elementor-col-100 elementor-top-column elementor-element elementor-element-16cf831\" data-id=\"16cf831\" data-element_type=\"column\">\n\t\t\t<div class=\"elementor-widget-wrap elementor-element-populated\">\n\t\t\t\t\t\t<section class=\"elementor-section elementor-inner-section elementor-element elementor-element-8a82c83 elementor-section-boxed elementor-section-height-default elementor-section-height-default\" data-id=\"8a82c83\" data-element_type=\"section\">\n\t\t\t\t\t\t<div class=\"elementor-container elementor-column-gap-wider\">\n\t\t\t\t\t<div class=\"elementor-column elementor-col-50 elementor-inner-column elementor-element elementor-element-513fc38\" data-id=\"513fc38\" data-element_type=\"column\">\n\t\t\t<div class=\"elementor-widget-wrap elementor-element-populated\">\n\t\t\t\t\t\t<div class=\"elementor-element elementor-element-3f313c6 elementor-widget elementor-widget-heading\" data-id=\"3f313c6\" data-element_type=\"widget\" data-widget_type=\"heading.default\">\n\t\t\t\t<div class=\"elementor-widget-container\">\n\t\t\t\t\t<h2 class=\"elementor-heading-title elementor-size-default\"><a href=\"https:\/\/dalbo-sk.com\/index.php\/kategoria-produktu\/valce\/systemove-valce\/maxiroll\/\">MAXIROLL<\/a><\/h2>\t\t\t\t<\/div>\n\t\t\t\t<\/div>\n\t\t\t\t<div class=\"elementor-element elementor-element-a290691 elementor-invisible elementor-widget elementor-widget-text-editor\" data-id=\"a290691\" data-element_type=\"widget\" data-settings=\"{&quot;_animation&quot;:&quot;fadeInUp&quot;,&quot;_animation_delay&quot;:500}\" data-widget_type=\"text-editor.default\">\n\t\t\t\t<div class=\"elementor-widget-container\">\n\t\t\t\t\t\t\t\t\t<p>MAXIROLL je valec, ktor\u00fd mo\u017eno pou\u017ei\u0165 na mnoho r\u00f4znych \u00fa\u010delov kombin\u00e1ciou r\u00f4znych predn\u00fdch n\u00e1strojov.<\/p>\t\t\t\t\t\t\t\t<\/div>\n\t\t\t\t<\/div>\n\t\t\t\t<div class=\"elementor-element elementor-element-a0895e7 envato-kit-140-material-button elementor-align-left elementor-invisible elementor-widget elementor-widget-button\" data-id=\"a0895e7\" data-element_type=\"widget\" data-settings=\"{&quot;_animation&quot;:&quot;fadeInUp&quot;,&quot;_animation_delay&quot;:900}\" data-widget_type=\"button.default\">\n\t\t\t\t<div class=\"elementor-widget-container\">\n\t\t\t\t\t\t\t\t\t<div class=\"elementor-button-wrapper\">\n\t\t\t\t\t<a class=\"elementor-button elementor-button-link elementor-size-md elementor-animation-push\" href=\"https:\/\/dalbo-sk.com\/index.php\/kategoria-produktu\/valce\/systemove-valce\/maxiroll\/\">\n\t\t\t\t\t\t<span class=\"elementor-button-content-wrapper\">\n\t\t\t\t\t\t<span class=\"elementor-button-icon\">\n\t\t\t\t<svg aria-hidden=\"true\" class=\"e-font-icon-svg e-fas-long-arrow-alt-right\" viewBox=\"0 0 448 512\" xmlns=\"http:\/\/www.w3.org\/2000\/svg\"><path d=\"M313.941 216H12c-6.627 0-12 5.373-12 12v56c0 6.627 5.373 12 12 12h301.941v46.059c0 21.382 25.851 32.09 40.971 16.971l86.059-86.059c9.373-9.373 9.373-24.569 0-33.941l-86.059-86.059c-15.119-15.119-40.971-4.411-40.971 16.971V216z\"><\/path><\/svg>\t\t\t<\/span>\n\t\t\t\t\t\t\t\t\t<span class=\"elementor-button-text\">View Details<\/span>\n\t\t\t\t\t<\/span>\n\t\t\t\t\t<\/a>\n\t\t\t\t<\/div>\n\t\t\t\t\t\t\t\t<\/div>\n\t\t\t\t<\/div>\n\t\t\t\t\t<\/div>\n\t\t<\/div>\n\t\t\t\t<div class=\"elementor-column elementor-col-50 elementor-inner-column elementor-element elementor-element-fe92f9e\" data-id=\"fe92f9e\" data-element_type=\"column\">\n\t\t\t<div class=\"elementor-widget-wrap elementor-element-populated\">\n\t\t\t\t\t\t<div class=\"elementor-element elementor-element-d6d5a97 elementor-arrows-position-inside elementor-pagination-position-outside elementor-widget elementor-widget-image-carousel\" data-id=\"d6d5a97\" data-element_type=\"widget\" data-settings=\"{&quot;slides_to_show&quot;:&quot;1&quot;,&quot;navigation&quot;:&quot;both&quot;,&quot;autoplay&quot;:&quot;yes&quot;,&quot;pause_on_hover&quot;:&quot;yes&quot;,&quot;pause_on_interaction&quot;:&quot;yes&quot;,&quot;autoplay_speed&quot;:5000,&quot;infinite&quot;:&quot;yes&quot;,&quot;effect&quot;:&quot;slide&quot;,&quot;speed&quot;:500}\" data-widget_type=\"image-carousel.default\">\n\t\t\t\t<div class=\"elementor-widget-container\">\n\t\t\t\t\t\t\t<div class=\"elementor-image-carousel-wrapper swiper\" role=\"region\" aria-roledescription=\"carousel\" aria-label=\"Obr\u00e1zkov\u00fd kot\u00fa\u010d\" dir=\"ltr\">\n\t\t\t<div class=\"elementor-image-carousel swiper-wrapper\" aria-live=\"off\">\n\t\t\t\t\t\t\t\t<div class=\"swiper-slide\" role=\"group\" aria-roledescription=\"slide\" aria-label=\"1 of 1\"><a data-elementor-open-lightbox=\"yes\" data-elementor-lightbox-slideshow=\"d6d5a97\" data-elementor-lightbox-title=\"1\" data-e-action-hash=\"#elementor-action%3Aaction%3Dlightbox%26settings%3DeyJpZCI6MjEyMiwidXJsIjoiaHR0cHM6XC9cL2RhbGJvLXNrLmNvbVwvd3AtY29udGVudFwvdXBsb2Fkc1wvMjAyNFwvMDVcLzEuanBnIiwic2xpZGVzaG93IjoiZDZkNWE5NyJ9\" href=\"https:\/\/dalbo-sk.com\/index.php\/kategoria-produktu\/valce\/systemove-valce\/maxiroll\/\"><figure class=\"swiper-slide-inner\"><img decoding=\"async\" class=\"swiper-slide-image\" src=\"https:\/\/dalbo-sk.com\/wp-content\/uploads\/2024\/05\/1.jpg\" alt=\"1\" \/><\/figure><\/a><\/div>\t\t\t<\/div>\n\t\t\t\t\t<\/div>\n\t\t\t\t\t\t<\/div>\n\t\t\t\t<\/div>\n\t\t\t\t\t<\/div>\n\t\t<\/div>\n\t\t\t\t\t<\/div>\n\t\t<\/section>\n\t\t\t\t<section class=\"elementor-section elementor-inner-section elementor-element elementor-element-e6efe77 elementor-section-boxed elementor-section-height-default elementor-section-height-default\" data-id=\"e6efe77\" data-element_type=\"section\">\n\t\t\t\t\t\t<div class=\"elementor-container elementor-column-gap-wider\">\n\t\t\t\t\t<div class=\"elementor-column elementor-col-50 elementor-inner-column elementor-element elementor-element-240fe0c\" data-id=\"240fe0c\" data-element_type=\"column\">\n\t\t\t<div class=\"elementor-widget-wrap elementor-element-populated\">\n\t\t\t\t\t\t<div class=\"elementor-element elementor-element-35a7fa1 elementor-widget elementor-widget-heading\" data-id=\"35a7fa1\" data-element_type=\"widget\" data-widget_type=\"heading.default\">\n\t\t\t\t<div class=\"elementor-widget-container\">\n\t\t\t\t\t<h2 class=\"elementor-heading-title elementor-size-default\"><a href=\"https:\/\/dalbo-sk.com\/index.php\/kategoria-produktu\/valce\/systemove-valce\/maxiroll-hd\/\">MAXIROLL HD (heavy duty)<\/a><\/h2>\t\t\t\t<\/div>\n\t\t\t\t<\/div>\n\t\t\t\t<div class=\"elementor-element elementor-element-e93771b elementor-invisible elementor-widget elementor-widget-text-editor\" data-id=\"e93771b\" data-element_type=\"widget\" data-settings=\"{&quot;_animation&quot;:&quot;fadeInUp&quot;,&quot;_animation_delay&quot;:500}\" data-widget_type=\"text-editor.default\">\n\t\t\t\t<div class=\"elementor-widget-container\">\n\t\t\t\t\t\t\t\t\t<p>N\u00e1\u0161 MAXIROLL Heavy Duty je syst\u00e9mov\u00fd valec s ve\u013emi vysokou kapacitou. Jedine\u010dn\u00fd dizajn r\u00e1mu a vysok\u00e1 svetl\u00e1 v\u00fd\u0161ka umo\u017e\u0148uj\u00fa in\u0161tal\u00e1ciu \u0161irokej \u0161k\u00e1ly efekt\u00edvneho predn\u00e9ho pr\u00edslu\u0161enstva.<\/p>\t\t\t\t\t\t\t\t<\/div>\n\t\t\t\t<\/div>\n\t\t\t\t<div class=\"elementor-element elementor-element-0802dc2 envato-kit-140-material-button elementor-align-left elementor-invisible elementor-widget elementor-widget-button\" data-id=\"0802dc2\" data-element_type=\"widget\" data-settings=\"{&quot;_animation&quot;:&quot;fadeInUp&quot;,&quot;_animation_delay&quot;:900}\" data-widget_type=\"button.default\">\n\t\t\t\t<div class=\"elementor-widget-container\">\n\t\t\t\t\t\t\t\t\t<div class=\"elementor-button-wrapper\">\n\t\t\t\t\t<a class=\"elementor-button elementor-button-link elementor-size-md elementor-animation-push\" href=\"https:\/\/dalbo-sk.com\/index.php\/kategoria-produktu\/valce\/systemove-valce\/maxiroll-hd\/\">\n\t\t\t\t\t\t<span class=\"elementor-button-content-wrapper\">\n\t\t\t\t\t\t<span class=\"elementor-button-icon\">\n\t\t\t\t<svg aria-hidden=\"true\" class=\"e-font-icon-svg e-fas-long-arrow-alt-right\" viewBox=\"0 0 448 512\" xmlns=\"http:\/\/www.w3.org\/2000\/svg\"><path d=\"M313.941 216H12c-6.627 0-12 5.373-12 12v56c0 6.627 5.373 12 12 12h301.941v46.059c0 21.382 25.851 32.09 40.971 16.971l86.059-86.059c9.373-9.373 9.373-24.569 0-33.941l-86.059-86.059c-15.119-15.119-40.971-4.411-40.971 16.971V216z\"><\/path><\/svg>\t\t\t<\/span>\n\t\t\t\t\t\t\t\t\t<span class=\"elementor-button-text\">View Details<\/span>\n\t\t\t\t\t<\/span>\n\t\t\t\t\t<\/a>\n\t\t\t\t<\/div>\n\t\t\t\t\t\t\t\t<\/div>\n\t\t\t\t<\/div>\n\t\t\t\t\t<\/div>\n\t\t<\/div>\n\t\t\t\t<div class=\"elementor-column elementor-col-50 elementor-inner-column elementor-element elementor-element-4d92820\" data-id=\"4d92820\" data-element_type=\"column\">\n\t\t\t<div class=\"elementor-widget-wrap elementor-element-populated\">\n\t\t\t\t\t\t<div class=\"elementor-element elementor-element-9fdb28a elementor-arrows-position-inside elementor-pagination-position-outside elementor-widget elementor-widget-image-carousel\" data-id=\"9fdb28a\" data-element_type=\"widget\" data-settings=\"{&quot;slides_to_show&quot;:&quot;1&quot;,&quot;navigation&quot;:&quot;both&quot;,&quot;autoplay&quot;:&quot;yes&quot;,&quot;pause_on_hover&quot;:&quot;yes&quot;,&quot;pause_on_interaction&quot;:&quot;yes&quot;,&quot;autoplay_speed&quot;:5000,&quot;infinite&quot;:&quot;yes&quot;,&quot;effect&quot;:&quot;slide&quot;,&quot;speed&quot;:500}\" data-widget_type=\"image-carousel.default\">\n\t\t\t\t<div class=\"elementor-widget-container\">\n\t\t\t\t\t\t\t<div class=\"elementor-image-carousel-wrapper swiper\" role=\"region\" aria-roledescription=\"carousel\" aria-label=\"Obr\u00e1zkov\u00fd kot\u00fa\u010d\" dir=\"ltr\">\n\t\t\t<div class=\"elementor-image-carousel swiper-wrapper\" aria-live=\"off\">\n\t\t\t\t\t\t\t\t<div class=\"swiper-slide\" role=\"group\" aria-roledescription=\"slide\" aria-label=\"1 of 1\"><a data-elementor-open-lightbox=\"yes\" data-elementor-lightbox-slideshow=\"9fdb28a\" data-elementor-lightbox-title=\"dalbo_levelflex\" data-e-action-hash=\"#elementor-action%3Aaction%3Dlightbox%26settings%3DeyJpZCI6MjEzMSwidXJsIjoiaHR0cHM6XC9cL2RhbGJvLXNrLmNvbVwvd3AtY29udGVudFwvdXBsb2Fkc1wvMjAyNFwvMDVcL2RhbGJvX2xldmVsZmxleC5qcGciLCJzbGlkZXNob3ciOiI5ZmRiMjhhIn0%3D\" href=\"https:\/\/dalbo-sk.com\/index.php\/kategoria-produktu\/valce\/systemove-valce\/maxiroll-hd\/\"><figure class=\"swiper-slide-inner\"><img decoding=\"async\" class=\"swiper-slide-image\" src=\"https:\/\/dalbo-sk.com\/wp-content\/uploads\/2024\/05\/dalbo_levelflex.jpg\" alt=\"dalbo_levelflex\" \/><\/figure><\/a><\/div>\t\t\t<\/div>\n\t\t\t\t\t<\/div>\n\t\t\t\t\t\t<\/div>\n\t\t\t\t<\/div>\n\t\t\t\t\t<\/div>\n\t\t<\/div>\n\t\t\t\t\t<\/div>\n\t\t<\/section>\n\t\t\t\t\t<\/div>\n\t\t<\/div>\n\t\t\t\t\t<\/div>\n\t\t<\/section>\n\t\t<div class=\"elementor-element elementor-element-fa9ce4c e-flex e-con-boxed e-con e-parent\" data-id=\"fa9ce4c\" data-element_type=\"container\">\n\t\t\t\t\t<div class=\"e-con-inner\">\n\t\t\t\t<div class=\"elementor-element elementor-element-950cdcb elementor-widget elementor-widget-heading\" data-id=\"950cdcb\" data-element_type=\"widget\" data-widget_type=\"heading.default\">\n\t\t\t\t<div class=\"elementor-widget-container\">\n\t\t\t\t\t<h2 class=\"elementor-heading-title elementor-size-default\">V\u0161estrann\u00fd valec<\/h2>\t\t\t\t<\/div>\n\t\t\t\t<\/div>\n\t\t\t\t<div class=\"elementor-element elementor-element-6a63bd5 elementor-widget elementor-widget-text-editor\" data-id=\"6a63bd5\" data-element_type=\"widget\" data-widget_type=\"text-editor.default\">\n\t\t\t\t<div class=\"elementor-widget-container\">\n\t\t\t\t\t\t\t\t\t<p>V porovnan\u00ed s be\u017en\u00fdm valcom be\u017ene pou\u017e\u00edvan\u00fdm pred a po sejbe m\u00e1 syst\u00e9mov\u00fd valec ove\u013ea \u0161ir\u0161\u00ed<br \/>rozsah aplik\u00e1ci\u00ed.<\/p>\n<p>S mo\u017enos\u0165ou mont\u00e1\u017ee a\u017e 10 r\u00f4znych n\u00e1stavcov m\u00f4\u017ee n\u00e1\u0161 syst\u00e9mov\u00fd valec MAXIROLL vykon\u00e1va\u0165 \u0161irok\u00fa \u0161k\u00e1lu \u00faloh od pestovania strniska po zbere a\u017e po ni\u010denie buriny na falo\u0161n\u00fdch z\u00e1honoch.<\/p>\n<p>To pos\u00fava n\u00e1\u0161 MAXIROLL \u010faleko pred konkurenciu, pokia\u013e ide o efekt\u00edvnu v\u0161estrannos\u0165, \u010do z neho rob\u00ed ve\u013emi n\u00e1kladovo efekt\u00edvny stroj.<\/p>\t\t\t\t\t\t\t\t<\/div>\n\t\t\t\t<\/div>\n\t\t\t\t\t<\/div>\n\t\t\t\t<\/div>\n\t\t<div class=\"elementor-element elementor-element-169d137 e-flex e-con-boxed e-con e-parent\" data-id=\"169d137\" data-element_type=\"container\">\n\t\t\t\t\t<div class=\"e-con-inner\">\n\t\t<div class=\"elementor-element elementor-element-3ed4ddf e-con-full e-flex e-con e-child\" data-id=\"3ed4ddf\" data-element_type=\"container\">\n\t\t\t\t<div class=\"elementor-element elementor-element-74cfa87 elementor-widget elementor-widget-heading\" data-id=\"74cfa87\" data-element_type=\"widget\" data-widget_type=\"heading.default\">\n\t\t\t\t<div class=\"elementor-widget-container\">\n\t\t\t\t\t<h2 class=\"elementor-heading-title elementor-size-default\">Po\u013enohospod\u00e1rsky n\u00e1stroj odoln\u00fd do bud\u00facnosti<br><\/h2>\t\t\t\t<\/div>\n\t\t\t\t<\/div>\n\t\t\t\t<div class=\"elementor-element elementor-element-41195fa elementor-widget elementor-widget-text-editor\" data-id=\"41195fa\" data-element_type=\"widget\" data-widget_type=\"text-editor.default\">\n\t\t\t\t<div class=\"elementor-widget-container\">\n\t\t\t\t\t\t\t\t\t<p>\u010coraz viac kraj\u00edn a regi\u00f3nov obmedzuje alebo zakazuje pou\u017e\u00edvanie chemickej ochrany proti burine, a to zvy\u0161uje n\u00e1roky na efektivitu, v\u0161estrannos\u0165 a v\u00fdvoj strojov a zariaden\u00ed na spracovanie p\u00f4dy.<\/p>\n<p>Okrem toho rast\u00faca prevaha nov\u00fdch met\u00f3d obr\u00e1bania p\u00f4dy znamen\u00e1, \u017ee mnoh\u00ed po\u013enohospod\u00e1ri po\u017eaduj\u00fa nov\u00e9 typy n\u00e1radia.<br \/>S na\u0161imi syst\u00e9mov\u00fdmi valcami pom\u00e1hame farm\u00e1rom rie\u0161i\u0165 s\u00fa\u010dasn\u00e9 v\u00fdzvy a pripravi\u0165 sa na v\u00fdzvy zajtraj\u0161ka.<\/p>\n<p>Na\u0161e prim\u00e1rne zameranie na valce v kombin\u00e1cii s amb\u00edciou dod\u00e1va\u0165 stroje, ktor\u00e9 sp\u013a\u0148aj\u00fa po\u017eiadavky modern\u00e9ho farm\u00e1ra, znamen\u00e1, \u017ee budeme pokra\u010dova\u0165 vo v\u00fdvoji na\u0161ich syst\u00e9mov\u00fdch valcov, aby sme mohli dod\u00e1va\u0165 tie najlep\u0161ie produkty a rie\u0161enia \u2013 aj v bud\u00facnosti.<\/p>\t\t\t\t\t\t\t\t<\/div>\n\t\t\t\t<\/div>\n\t\t\t\t<\/div>\n\t\t<div class=\"elementor-element elementor-element-ec26916 e-con-full e-flex e-con e-child\" data-id=\"ec26916\" data-element_type=\"container\">\n\t\t\t\t<div class=\"elementor-element elementor-element-64df933 elementor-widget elementor-widget-heading\" data-id=\"64df933\" data-element_type=\"widget\" data-widget_type=\"heading.default\">\n\t\t\t\t<div class=\"elementor-widget-container\">\n\t\t\t\t\t<h2 class=\"elementor-heading-title elementor-size-default\">Variant syst\u00e9mov\u00e9ho valca<br><\/h2>\t\t\t\t<\/div>\n\t\t\t\t<\/div>\n\t\t\t\t<div class=\"elementor-element elementor-element-73d7e02 elementor-widget elementor-widget-text-editor\" data-id=\"73d7e02\" data-element_type=\"widget\" data-widget_type=\"text-editor.default\">\n\t\t\t\t<div class=\"elementor-widget-container\">\n\t\t\t\t\t\t\t\t\t<p>Pon\u00fakame tri r\u00f4zne kateg\u00f3rie syst\u00e9mov\u00fdch valcov.<\/p><p><strong>MAXIROL<\/strong>L \u2013 exkluz\u00edvny val\u010dek, dostupn\u00fd vo ve\u013ekostiach<br \/>od 5,30 do 10,30 m.<br \/><strong>MAXIROLL HD<\/strong> \u2212 jedine\u010dn\u00e1 a vysokov\u00fdkonn\u00e1 na\u0161a verzia<br \/><strong>MAXIRIOLL<\/strong> 8,30 a\u017e 12,30 m.<br \/><strong>MAXIROLL GREENLINE<\/strong> \u2212 profesion\u00e1lny valec na tr\u00e1vu<br \/>k dispoz\u00edcii od 3,00 do 8,30 m.<\/p>\t\t\t\t\t\t\t\t<\/div>\n\t\t\t\t<\/div>\n\t\t\t\t<\/div>\n\t\t\t\t\t<\/div>\n\t\t\t\t<\/div>\n\t\t\t\t<\/div>\n\t\t","protected":false},"excerpt":{"rendered":"<p>Modern\u00e9 po\u013enohospod\u00e1rstvo je ve\u013emi n\u00e1ro\u010dn\u00e9 na v\u0161estrannos\u0165 strojov, ke\u010f\u017ee nov\u00e9 a r\u00f4zne druhy pr\u00edpravy p\u00f4dy vy\u017eaduj\u00fa vysoko \u0161pecializovan\u00e9 stroje\u00dazke \u010dasov\u00e9 okno, v ktorom sa m\u00f4\u017eu vykon\u00e1va\u0165 r\u00f4zne f\u00e1zy obr\u00e1bania a pr\u00edpravy pol\u00ed, predstavuje v\u00fdzvu pre mnoh\u00fdch po\u013enohospod\u00e1rov, najm\u00e4 t\u00fdch, ktor\u00ed maj\u00fa ve\u013ea hekt\u00e1rov p\u00f4dy. Tieto nov\u00e9 a n\u00e1ro\u010dn\u00e9 podmienky pre po\u013enohospod\u00e1rov znamenaj\u00fa, \u017ee sme museli&#8230;<\/p>\n","protected":false},"author":2,"featured_media":0,"parent":0,"menu_order":0,"comment_status":"closed","ping_status":"closed","template":"","meta":{"om_disable_all_campaigns":false,"_monsterinsights_skip_tracking":false,"_monsterinsights_sitenote_active":false,"_monsterinsights_sitenote_note":"","_monsterinsights_sitenote_category":0,"_kad_post_transparent":"enable","_kad_post_title":"hide","_kad_post_layout":"","_kad_post_sidebar_id":"","_kad_post_content_style":"","_kad_post_vertical_padding":"","_kad_post_feature":"show","_kad_post_feature_position":"","_kad_post_header":false,"_kad_post_footer":false,"footnotes":""},"class_list":["post-141","page","type-page","status-publish","hentry"],"aioseo_notices":[],"_links":{"self":[{"href":"https:\/\/dalbo-sk.com\/index.php\/wp-json\/wp\/v2\/pages\/141"}],"collection":[{"href":"https:\/\/dalbo-sk.com\/index.php\/wp-json\/wp\/v2\/pages"}],"about":[{"href":"https:\/\/dalbo-sk.com\/index.php\/wp-json\/wp\/v2\/types\/page"}],"author":[{"embeddable":true,"href":"https:\/\/dalbo-sk.com\/index.php\/wp-json\/wp\/v2\/users\/2"}],"replies":[{"embeddable":true,"href":"https:\/\/dalbo-sk.com\/index.php\/wp-json\/wp\/v2\/comments?post=141"}],"version-history":[{"count":44,"href":"https:\/\/dalbo-sk.com\/index.php\/wp-json\/wp\/v2\/pages\/141\/revisions"}],"predecessor-version":[{"id":2347,"href":"https:\/\/dalbo-sk.com\/index.php\/wp-json\/wp\/v2\/pages\/141\/revisions\/2347"}],"wp:attachment":[{"href":"https:\/\/dalbo-sk.com\/index.php\/wp-json\/wp\/v2\/media?parent=141"}],"curies":[{"name":"wp","href":"https:\/\/api.w.org\/{rel}","templated":true}]}}