{"id":136,"date":"2024-02-28T15:54:39","date_gmt":"2024-02-28T14:54:39","guid":{"rendered":"https:\/\/dalbo-sk.com\/?page_id=136"},"modified":"2024-06-01T15:17:49","modified_gmt":"2024-06-01T13:17:49","slug":"valce-na-ptz-traktora","status":"publish","type":"page","link":"https:\/\/dalbo-sk.com\/index.php\/valce-na-ptz-traktora\/","title":{"rendered":"Valce na PTZ Traktora"},"content":{"rendered":"\t\t<div data-elementor-type=\"wp-page\" data-elementor-id=\"136\" class=\"elementor elementor-136\">\n\t\t\t\t<div class=\"elementor-element elementor-element-ed9c17f e-flex e-con-boxed e-con e-parent\" data-id=\"ed9c17f\" data-element_type=\"container\">\n\t\t\t\t\t<div class=\"e-con-inner\">\n\t\t\t\t<div class=\"elementor-element elementor-element-eb2be7f elementor-widget elementor-widget-spacer\" data-id=\"eb2be7f\" data-element_type=\"widget\" data-widget_type=\"spacer.default\">\n\t\t\t\t<div class=\"elementor-widget-container\">\n\t\t\t\t\t\t\t<div class=\"elementor-spacer\">\n\t\t\t<div class=\"elementor-spacer-inner\"><\/div>\n\t\t<\/div>\n\t\t\t\t\t\t<\/div>\n\t\t\t\t<\/div>\n\t\t\t\t\t<\/div>\n\t\t\t\t<\/div>\n\t\t<div class=\"elementor-element elementor-element-9f02554 e-flex e-con-boxed e-con e-parent\" data-id=\"9f02554\" data-element_type=\"container\">\n\t\t\t\t\t<div class=\"e-con-inner\">\n\t\t\t\t<div class=\"elementor-element elementor-element-a115d53 elementor-widget elementor-widget-text-editor\" data-id=\"a115d53\" data-element_type=\"widget\" data-widget_type=\"text-editor.default\">\n\t\t\t\t<div class=\"elementor-widget-container\">\n\t\t\t\t\t\t\t\t\t<p>Modern\u00fd farm\u00e1r sa neust\u00e1le zameriava na zvy\u0161ovanie efektivity a optimaliz\u00e1ciu ich v\u00fdnosov<br \/>Preto s\u00fa predn\u00e9 n\u00e1radie dobr\u00fdm sp\u00f4sobom vyu\u017eitia traktora, preto\u017ee sa \u0161etr\u00ed prejazd a zlep\u0161uje sa osivov\u00e9 l\u00f4\u017eko.<\/p>\t\t\t\t\t\t\t\t<\/div>\n\t\t\t\t<\/div>\n\t\t\t\t\t<\/div>\n\t\t\t\t<\/div>\n\t\t\t\t<section class=\"elementor-section elementor-inner-section elementor-element elementor-element-eeb094a elementor-section-boxed elementor-section-height-default elementor-section-height-default\" data-id=\"eeb094a\" data-element_type=\"section\">\n\t\t\t\t\t\t<div class=\"elementor-container elementor-column-gap-wider\">\n\t\t\t\t\t<div class=\"elementor-column elementor-col-50 elementor-inner-column elementor-element elementor-element-47eb1ff\" data-id=\"47eb1ff\" data-element_type=\"column\">\n\t\t\t<div class=\"elementor-widget-wrap elementor-element-populated\">\n\t\t\t\t\t\t<div class=\"elementor-element elementor-element-3b18cbd elementor-arrows-position-inside elementor-pagination-position-outside elementor-widget elementor-widget-image-carousel\" data-id=\"3b18cbd\" data-element_type=\"widget\" data-settings=\"{&quot;slides_to_show&quot;:&quot;1&quot;,&quot;navigation&quot;:&quot;both&quot;,&quot;autoplay&quot;:&quot;yes&quot;,&quot;pause_on_hover&quot;:&quot;yes&quot;,&quot;pause_on_interaction&quot;:&quot;yes&quot;,&quot;autoplay_speed&quot;:5000,&quot;infinite&quot;:&quot;yes&quot;,&quot;effect&quot;:&quot;slide&quot;,&quot;speed&quot;:500}\" data-widget_type=\"image-carousel.default\">\n\t\t\t\t<div class=\"elementor-widget-container\">\n\t\t\t\t\t\t\t<div class=\"elementor-image-carousel-wrapper swiper\" role=\"region\" aria-roledescription=\"carousel\" aria-label=\"Obr\u00e1zkov\u00fd kot\u00fa\u010d\" dir=\"ltr\">\n\t\t\t<div class=\"elementor-image-carousel swiper-wrapper\" aria-live=\"off\">\n\t\t\t\t\t\t\t\t<div class=\"swiper-slide\" role=\"group\" aria-roledescription=\"slide\" aria-label=\"1 of 1\"><a data-elementor-open-lightbox=\"yes\" data-elementor-lightbox-slideshow=\"3b18cbd\" data-elementor-lightbox-title=\"dalbo_levelflex\" data-e-action-hash=\"#elementor-action%3Aaction%3Dlightbox%26settings%3DeyJpZCI6MjEzMSwidXJsIjoiaHR0cHM6XC9cL2RhbGJvLXNrLmNvbVwvd3AtY29udGVudFwvdXBsb2Fkc1wvMjAyNFwvMDVcL2RhbGJvX2xldmVsZmxleC5qcGciLCJzbGlkZXNob3ciOiIzYjE4Y2JkIn0%3D\" href=\"https:\/\/dalbo-sk.com\/index.php\/kategoria-produktu\/valce\/valce-na-ptz-traktora\/levelflex\/\"><figure class=\"swiper-slide-inner\"><img decoding=\"async\" class=\"swiper-slide-image\" src=\"https:\/\/dalbo-sk.com\/wp-content\/uploads\/2024\/05\/dalbo_levelflex.jpg\" alt=\"dalbo_levelflex\" \/><\/figure><\/a><\/div>\t\t\t<\/div>\n\t\t\t\t\t<\/div>\n\t\t\t\t\t\t<\/div>\n\t\t\t\t<\/div>\n\t\t\t\t\t<\/div>\n\t\t<\/div>\n\t\t\t\t<div class=\"elementor-column elementor-col-50 elementor-inner-column elementor-element elementor-element-9cd9ae2\" data-id=\"9cd9ae2\" data-element_type=\"column\">\n\t\t\t<div class=\"elementor-widget-wrap elementor-element-populated\">\n\t\t\t\t\t\t<div class=\"elementor-element elementor-element-6bc2ca8 elementor-widget elementor-widget-heading\" data-id=\"6bc2ca8\" data-element_type=\"widget\" data-widget_type=\"heading.default\">\n\t\t\t\t<div class=\"elementor-widget-container\">\n\t\t\t\t\t<h2 class=\"elementor-heading-title elementor-size-default\"><a href=\"https:\/\/dalbo-sk.com\/index.php\/kategoria-produktu\/valce\/valce-na-ptz-traktora\/levelflex\/\">Levelflex<\/a><\/h2>\t\t\t\t<\/div>\n\t\t\t\t<\/div>\n\t\t\t\t<div class=\"elementor-element elementor-element-e98cc4e elementor-invisible elementor-widget elementor-widget-text-editor\" data-id=\"e98cc4e\" data-element_type=\"widget\" data-settings=\"{&quot;_animation&quot;:&quot;fadeInUp&quot;,&quot;_animation_delay&quot;:500}\" data-widget_type=\"text-editor.default\">\n\t\t\t\t<div class=\"elementor-widget-container\">\n\t\t\t\t\t\t\t\t\t<p>LEVELFLEX je navrhnut\u00fd na mont\u00e1\u017e so v\u0161etk\u00fdmi na\u0161imi val\u010dekmi a kr\u00fa\u017ekami a v kombin\u00e1cii s robustn\u00fdm a \u0165a\u017ek\u00fdm r\u00e1mom poskytuje vynikaj\u00face v\u00fdsledky v \u0161irokej \u0161k\u00e1le aplik\u00e1ci\u00ed.\u00a0<\/p>\t\t\t\t\t\t\t\t<\/div>\n\t\t\t\t<\/div>\n\t\t\t\t<div class=\"elementor-element elementor-element-3130939 envato-kit-140-material-button elementor-align-left elementor-invisible elementor-widget elementor-widget-button\" data-id=\"3130939\" data-element_type=\"widget\" data-settings=\"{&quot;_animation&quot;:&quot;fadeInUp&quot;,&quot;_animation_delay&quot;:900}\" data-widget_type=\"button.default\">\n\t\t\t\t<div class=\"elementor-widget-container\">\n\t\t\t\t\t\t\t\t\t<div class=\"elementor-button-wrapper\">\n\t\t\t\t\t<a class=\"elementor-button elementor-button-link elementor-size-md elementor-animation-push\" href=\"https:\/\/dalbo-sk.com\/index.php\/kategoria-produktu\/valce\/valce-na-ptz-traktora\/levelflex\/%20\">\n\t\t\t\t\t\t<span class=\"elementor-button-content-wrapper\">\n\t\t\t\t\t\t<span class=\"elementor-button-icon\">\n\t\t\t\t<svg aria-hidden=\"true\" class=\"e-font-icon-svg e-fas-long-arrow-alt-right\" viewBox=\"0 0 448 512\" xmlns=\"http:\/\/www.w3.org\/2000\/svg\"><path d=\"M313.941 216H12c-6.627 0-12 5.373-12 12v56c0 6.627 5.373 12 12 12h301.941v46.059c0 21.382 25.851 32.09 40.971 16.971l86.059-86.059c9.373-9.373 9.373-24.569 0-33.941l-86.059-86.059c-15.119-15.119-40.971-4.411-40.971 16.971V216z\"><\/path><\/svg>\t\t\t<\/span>\n\t\t\t\t\t\t\t\t\t<span class=\"elementor-button-text\">View Details<\/span>\n\t\t\t\t\t<\/span>\n\t\t\t\t\t<\/a>\n\t\t\t\t<\/div>\n\t\t\t\t\t\t\t\t<\/div>\n\t\t\t\t<\/div>\n\t\t\t\t\t<\/div>\n\t\t<\/div>\n\t\t\t\t\t<\/div>\n\t\t<\/section>\n\t\t\t\t<section class=\"elementor-section elementor-inner-section elementor-element elementor-element-54fa0bc elementor-section-boxed elementor-section-height-default elementor-section-height-default\" data-id=\"54fa0bc\" data-element_type=\"section\">\n\t\t\t\t\t\t<div class=\"elementor-container elementor-column-gap-wider\">\n\t\t\t\t\t<div class=\"elementor-column elementor-col-50 elementor-inner-column elementor-element elementor-element-bc3a92f\" data-id=\"bc3a92f\" data-element_type=\"column\">\n\t\t\t<div class=\"elementor-widget-wrap elementor-element-populated\">\n\t\t\t\t\t\t<div class=\"elementor-element elementor-element-6354430 elementor-widget elementor-widget-heading\" data-id=\"6354430\" data-element_type=\"widget\" data-widget_type=\"heading.default\">\n\t\t\t\t<div class=\"elementor-widget-container\">\n\t\t\t\t\t<h2 class=\"elementor-heading-title elementor-size-default\"><a href=\"https:\/\/dalbo-sk.com\/index.php\/kategoria-produktu\/valce\/valce-na-ptz-traktora\/frontflex\/\">FRONTFLEX<\/a><\/h2>\t\t\t\t<\/div>\n\t\t\t\t<\/div>\n\t\t\t\t<div class=\"elementor-element elementor-element-2ab8f50 elementor-invisible elementor-widget elementor-widget-text-editor\" data-id=\"2ab8f50\" data-element_type=\"widget\" data-settings=\"{&quot;_animation&quot;:&quot;fadeInUp&quot;,&quot;_animation_delay&quot;:500}\" data-widget_type=\"text-editor.default\">\n\t\t\t\t<div class=\"elementor-widget-container\">\n\t\t\t\t\t\t\t\t\t<p>FRONTFLEX je kompaktn\u00fd \u010deln\u00fd valec s jednou sekciou pre mal\u00e9 a stredne ve\u013ek\u00e9 farmy.<\/p>\t\t\t\t\t\t\t\t<\/div>\n\t\t\t\t<\/div>\n\t\t\t\t<div class=\"elementor-element elementor-element-e5f2b71 envato-kit-140-material-button elementor-align-left elementor-invisible elementor-widget elementor-widget-button\" data-id=\"e5f2b71\" data-element_type=\"widget\" data-settings=\"{&quot;_animation&quot;:&quot;fadeInUp&quot;,&quot;_animation_delay&quot;:900}\" data-widget_type=\"button.default\">\n\t\t\t\t<div class=\"elementor-widget-container\">\n\t\t\t\t\t\t\t\t\t<div class=\"elementor-button-wrapper\">\n\t\t\t\t\t<a class=\"elementor-button elementor-button-link elementor-size-md elementor-animation-push\" href=\"https:\/\/dalbo-sk.com\/index.php\/kategoria-produktu\/valce\/valce-na-ptz-traktora\/frontflex\/v\">\n\t\t\t\t\t\t<span class=\"elementor-button-content-wrapper\">\n\t\t\t\t\t\t<span class=\"elementor-button-icon\">\n\t\t\t\t<svg aria-hidden=\"true\" class=\"e-font-icon-svg e-fas-long-arrow-alt-right\" viewBox=\"0 0 448 512\" xmlns=\"http:\/\/www.w3.org\/2000\/svg\"><path d=\"M313.941 216H12c-6.627 0-12 5.373-12 12v56c0 6.627 5.373 12 12 12h301.941v46.059c0 21.382 25.851 32.09 40.971 16.971l86.059-86.059c9.373-9.373 9.373-24.569 0-33.941l-86.059-86.059c-15.119-15.119-40.971-4.411-40.971 16.971V216z\"><\/path><\/svg>\t\t\t<\/span>\n\t\t\t\t\t\t\t\t\t<span class=\"elementor-button-text\">View Details<\/span>\n\t\t\t\t\t<\/span>\n\t\t\t\t\t<\/a>\n\t\t\t\t<\/div>\n\t\t\t\t\t\t\t\t<\/div>\n\t\t\t\t<\/div>\n\t\t\t\t\t<\/div>\n\t\t<\/div>\n\t\t\t\t<div class=\"elementor-column elementor-col-50 elementor-inner-column elementor-element elementor-element-644542c\" data-id=\"644542c\" data-element_type=\"column\">\n\t\t\t<div class=\"elementor-widget-wrap elementor-element-populated\">\n\t\t\t\t\t\t<div class=\"elementor-element elementor-element-97f3dbd elementor-widget-divider--view-line elementor-widget elementor-widget-divider\" data-id=\"97f3dbd\" data-element_type=\"widget\" data-widget_type=\"divider.default\">\n\t\t\t\t<div class=\"elementor-widget-container\">\n\t\t\t\t\t\t\t<div class=\"elementor-divider\">\n\t\t\t<span class=\"elementor-divider-separator\">\n\t\t\t\t\t\t<\/span>\n\t\t<\/div>\n\t\t\t\t\t\t<\/div>\n\t\t\t\t<\/div>\n\t\t\t\t<div class=\"elementor-element elementor-element-78dc21e elementor-arrows-position-inside elementor-pagination-position-outside elementor-widget elementor-widget-image-carousel\" data-id=\"78dc21e\" data-element_type=\"widget\" data-settings=\"{&quot;slides_to_show&quot;:&quot;1&quot;,&quot;navigation&quot;:&quot;both&quot;,&quot;autoplay&quot;:&quot;yes&quot;,&quot;pause_on_hover&quot;:&quot;yes&quot;,&quot;pause_on_interaction&quot;:&quot;yes&quot;,&quot;autoplay_speed&quot;:5000,&quot;infinite&quot;:&quot;yes&quot;,&quot;effect&quot;:&quot;slide&quot;,&quot;speed&quot;:500}\" data-widget_type=\"image-carousel.default\">\n\t\t\t\t<div class=\"elementor-widget-container\">\n\t\t\t\t\t\t\t<div class=\"elementor-image-carousel-wrapper swiper\" role=\"region\" aria-roledescription=\"carousel\" aria-label=\"Obr\u00e1zkov\u00fd kot\u00fa\u010d\" dir=\"ltr\">\n\t\t\t<div class=\"elementor-image-carousel swiper-wrapper\" aria-live=\"off\">\n\t\t\t\t\t\t\t\t<div class=\"swiper-slide\" role=\"group\" aria-roledescription=\"slide\" aria-label=\"1 of 1\"><a data-elementor-open-lightbox=\"yes\" data-elementor-lightbox-slideshow=\"78dc21e\" data-elementor-lightbox-title=\"frontflex6m-korrigeret\" data-e-action-hash=\"#elementor-action%3Aaction%3Dlightbox%26settings%3DeyJpZCI6MjEzMCwidXJsIjoiaHR0cHM6XC9cL2RhbGJvLXNrLmNvbVwvd3AtY29udGVudFwvdXBsb2Fkc1wvMjAyNFwvMDVcL2Zyb250ZmxleDZtLWtvcnJpZ2VyZXQuanBnIiwic2xpZGVzaG93IjoiNzhkYzIxZSJ9\" href=\"https:\/\/dalbo-sk.com\/index.php\/kategoria-produktu\/valce\/valce-na-ptz-traktora\/frontflex\/\"><figure class=\"swiper-slide-inner\"><img decoding=\"async\" class=\"swiper-slide-image\" src=\"https:\/\/dalbo-sk.com\/wp-content\/uploads\/2024\/05\/frontflex6m-korrigeret.jpg\" alt=\"frontflex6m-korrigeret\" \/><\/figure><\/a><\/div>\t\t\t<\/div>\n\t\t\t\t\t<\/div>\n\t\t\t\t\t\t<\/div>\n\t\t\t\t<\/div>\n\t\t\t\t\t<\/div>\n\t\t<\/div>\n\t\t\t\t\t<\/div>\n\t\t<\/section>\n\t\t<div class=\"elementor-element elementor-element-682a709 e-flex e-con-boxed e-con e-parent\" data-id=\"682a709\" data-element_type=\"container\">\n\t\t\t\t\t<div class=\"e-con-inner\">\n\t\t\t\t<div class=\"elementor-element elementor-element-dc911c4 elementor-widget elementor-widget-text-editor\" data-id=\"dc911c4\" data-element_type=\"widget\" data-widget_type=\"text-editor.default\">\n\t\t\t\t<div class=\"elementor-widget-container\">\n\t\t\t\t\t\t\t\t\t<p>\u00a0<\/p><p>Efekt\u00edvne vyu\u017eitie<br \/>N\u00e1radie namontovan\u00e9 vpredu predstavuje zrejm\u00fd sp\u00f4sob, ako zefekt\u00edvni\u0165 pracovn\u00fd tok, preto\u017ee nieko\u013eko procesov pri kultiv\u00e1cii p\u00f4dy mo\u017eno vykona\u0165 iba jedn\u00fdm prejazdom. U\u0161etr\u00ed sa \u010das aj palivo, \u010do je pre jednotliv\u00e9ho farm\u00e1ra ve\u013emi cenn\u00e9.<\/p><p>Existuje nieko\u013eko mo\u017enost\u00ed na vytv\u00e1ranie jedine\u010dn\u00fdch kombin\u00e1ci\u00ed, ktor\u00e9 s\u00fa prisp\u00f4soben\u00e9 va\u0161im \u0161pecifick\u00fdm potreb\u00e1m a typu p\u00f4dy, na ktorej pracujete.<br \/>K dispoz\u00edcii s\u00fa obidva \u010deln\u00e9 kypri\u010de p\u00f4dy, ktor\u00e9 s\u00fa u\u017eito\u010dn\u00e9 v s\u00favislosti so sejbou, kombin\u00e1cie krakovac\u00edch dosiek a mo\u017enos\u0165 \u010deln\u00e9ho valca, ktor\u00fd v\u00e1m d\u00e1va v\u0161estrannos\u0165 pri pr\u00e1ci.<\/p><p>Ke\u010f je pred traktorom nasadzova\u010d, cel\u00fd povrch sa vyhlad\u00ed a zhutn\u00ed, \u010d\u00edm sa pred sejbou vytv\u00e1raj\u00fa men\u0161ie stopy po traktore a t\u00fdm aj optimalizovan\u00e1 \u00faroda.<\/p>\t\t\t\t\t\t\t\t<\/div>\n\t\t\t\t<\/div>\n\t\t\t\t\t<\/div>\n\t\t\t\t<\/div>\n\t\t\t\t<\/div>\n\t\t","protected":false},"excerpt":{"rendered":"<p>Modern\u00fd farm\u00e1r sa neust\u00e1le zameriava na zvy\u0161ovanie efektivity a optimaliz\u00e1ciu ich v\u00fdnosovPreto s\u00fa predn\u00e9 n\u00e1radie dobr\u00fdm sp\u00f4sobom vyu\u017eitia traktora, preto\u017ee sa \u0161etr\u00ed prejazd a zlep\u0161uje sa osivov\u00e9 l\u00f4\u017eko. Levelflex LEVELFLEX je navrhnut\u00fd na mont\u00e1\u017e so v\u0161etk\u00fdmi na\u0161imi val\u010dekmi a kr\u00fa\u017ekami a v kombin\u00e1cii s robustn\u00fdm a \u0165a\u017ek\u00fdm r\u00e1mom poskytuje vynikaj\u00face v\u00fdsledky v \u0161irokej \u0161k\u00e1le aplik\u00e1ci\u00ed.\u00a0&#8230;<\/p>\n","protected":false},"author":2,"featured_media":0,"parent":0,"menu_order":0,"comment_status":"closed","ping_status":"closed","template":"","meta":{"om_disable_all_campaigns":false,"_monsterinsights_skip_tracking":false,"_monsterinsights_sitenote_active":false,"_monsterinsights_sitenote_note":"","_monsterinsights_sitenote_category":0,"_kad_post_transparent":"","_kad_post_title":"hide","_kad_post_layout":"fullwidth","_kad_post_sidebar_id":"","_kad_post_content_style":"unboxed","_kad_post_vertical_padding":"hide","_kad_post_feature":"hide","_kad_post_feature_position":"","_kad_post_header":false,"_kad_post_footer":false,"footnotes":""},"class_list":["post-136","page","type-page","status-publish","hentry"],"aioseo_notices":[],"_links":{"self":[{"href":"https:\/\/dalbo-sk.com\/index.php\/wp-json\/wp\/v2\/pages\/136"}],"collection":[{"href":"https:\/\/dalbo-sk.com\/index.php\/wp-json\/wp\/v2\/pages"}],"about":[{"href":"https:\/\/dalbo-sk.com\/index.php\/wp-json\/wp\/v2\/types\/page"}],"author":[{"embeddable":true,"href":"https:\/\/dalbo-sk.com\/index.php\/wp-json\/wp\/v2\/users\/2"}],"replies":[{"embeddable":true,"href":"https:\/\/dalbo-sk.com\/index.php\/wp-json\/wp\/v2\/comments?post=136"}],"version-history":[{"count":40,"href":"https:\/\/dalbo-sk.com\/index.php\/wp-json\/wp\/v2\/pages\/136\/revisions"}],"predecessor-version":[{"id":2373,"href":"https:\/\/dalbo-sk.com\/index.php\/wp-json\/wp\/v2\/pages\/136\/revisions\/2373"}],"wp:attachment":[{"href":"https:\/\/dalbo-sk.com\/index.php\/wp-json\/wp\/v2\/media?parent=136"}],"curies":[{"name":"wp","href":"https:\/\/api.w.org\/{rel}","templated":true}]}}